{"id":103482,"date":"2025-11-01T08:33:16","date_gmt":"2025-11-01T07:33:16","guid":{"rendered":"https:\/\/www.raschvin.com\/?post_type=product&#038;p=103482"},"modified":"2025-11-01T08:35:56","modified_gmt":"2025-11-01T07:35:56","slug":"companero-coconut-70-cl-40-kopier","status":"publish","type":"product","link":"https:\/\/www.raschvin.com\/sv\/produkt\/companero-coconut-70-cl-40-kopier\/","title":{"rendered":"Compa\u00f1ero \u2013 Coconut 3 cl. (Tasting Sample) 40%"},"content":{"rendered":"<p>Compa\u00f1ero Coconut \u00e4r en tropisk njutning och det nyaste tillskottet i Compa\u00f1ero-familjen. Denna mjuka dominikanska kolonnrom har lagrats p\u00e5 b\u00e5de amerikanska och franska ekfat och \u00e4r infuserad med naturlig kokos. Resultatet \u00e4r en oemotst\u00e5ndligt kr\u00e4mig lik\u00f6r med toner av f\u00e4rsk kokos, mjuk karamell och en touch av frukt \u2013 elegant avrundad med vanilj och l\u00f6nnsirap. En varm och smakrik upplevelse som verkligen f\u00e5ngar Compa\u00f1eros anda.<\/p>\n<p>Infuserad med naturlig kokos<\/p>\n<p>Smaknoter:<br \/>\nDoft: F\u00e4rsk kokos tillsammans med mjuk karamell och ett st\u00e4nk tropisk frukt. Subtila toner av vanilj och gyllene l\u00f6nnsirap ligger i bakgrunden.<br \/>\nSmak: Silkeslen och s\u00f6t kokos i perfekt harmoni med kr\u00e4mig vanilj. Avslutas med en l\u00e5ng, rund eftersmak av varm karamell som mjukt stannar kvar p\u00e5 gommen.<\/p>\n<p>Om Compa\u00f1ero-serien fr\u00e5n 1423<\/p>\n<p>Compa\u00f1ero betyder \u201cv\u00e4n\u201d p\u00e5 spanska. Ron Compa\u00f1ero \u00e4r ett rom-, sprit- och lik\u00f6rm\u00e4rke utvecklat av v\u00e4nner f\u00f6r v\u00e4nner. Varje produkt i serien har sin unika karakt\u00e4r och \u00e4r en inspirerande individ. Det verkliga n\u00f6jet b\u00f6rjar n\u00e4r de njuts i gott s\u00e4llskap.<\/p>\n<p>Produkterna i Compa\u00f1ero-serien kompletterar varandras smaker och skapar n\u00e5got \u00e4nnu st\u00f6rre tillsammans \u2013 den sanna v\u00e4nskapens anda. Uppt\u00e4ck sortimentet, stilla din nyfikenhet och ha kul n\u00e4r du utforskar smakerna som serien erbjuder.<\/p>\n<p>Med Compa\u00f1ero-serien har du alltid en perfekt f\u00f6ljeslagare f\u00f6r alla typer av njutning. Produkterna Ron Compa\u00f1ero Gran Reserva, Compa\u00f1ero Elixir Orange, Compa\u00f1ero Extra A\u00f1ejo och Compa\u00f1ero Elixir Extra kommer fr\u00e5n Trinidad, Jamaica och Panama.<\/p>\n<p>The True Spirit of Friends \u2013 by the bottle<\/p>\n","protected":false},"excerpt":{"rendered":"<p>Dominican Republic Flavored Spirit Drink<\/p>\n","protected":false},"featured_media":103465,"template":"","meta":{"_acf_changed":false,"rs_blank_template":"","rs_page_bg_color":"","slide_template_v7":""},"product_brand":[],"product_cat":[8820,8625],"product_tag":[],"class_list":{"0":"post-103482","1":"product","2":"type-product","3":"status-publish","4":"has-post-thumbnail","6":"product_cat-rom-smakprove","7":"product_cat-samples-sv","8":"pa_land-jamaica-sv","9":"pa_procent-40-sv-2","10":"pa_producent-1423-sv","11":"pa_volume-3-sv","13":"first","14":"instock","15":"taxable","16":"shipping-taxable","17":"purchasable","18":"product-type-simple"},"bundled_by":[],"bundle_stock_status":"instock","bundle_stock_quantity":null,"bundle_virtual":false,"bundle_layout":"","bundle_add_to_cart_form_location":"","bundle_editable_in_cart":false,"bundle_sold_individually_context":"","bundle_item_grouping":"","bundle_min_size":"","bundle_max_size":"","bundle_price":[],"bundled_items":[],"bundle_sell_ids":[],"acf":[],"_links":{"self":[{"href":"https:\/\/www.raschvin.com\/sv\/wp-json\/wp\/v2\/product\/103482","targetHints":{"allow":["GET"]}}],"collection":[{"href":"https:\/\/www.raschvin.com\/sv\/wp-json\/wp\/v2\/product"}],"about":[{"href":"https:\/\/www.raschvin.com\/sv\/wp-json\/wp\/v2\/types\/product"}],"wp:featuredmedia":[{"embeddable":true,"href":"https:\/\/www.raschvin.com\/sv\/wp-json\/wp\/v2\/media\/103465"}],"wp:attachment":[{"href":"https:\/\/www.raschvin.com\/sv\/wp-json\/wp\/v2\/media?parent=103482"}],"wp:term":[{"taxonomy":"product_brand","embeddable":true,"href":"https:\/\/www.raschvin.com\/sv\/wp-json\/wp\/v2\/product_brand?post=103482"},{"taxonomy":"product_cat","embeddable":true,"href":"https:\/\/www.raschvin.com\/sv\/wp-json\/wp\/v2\/product_cat?post=103482"},{"taxonomy":"product_tag","embeddable":true,"href":"https:\/\/www.raschvin.com\/sv\/wp-json\/wp\/v2\/product_tag?post=103482"}],"curies":[{"name":"wp","href":"https:\/\/api.w.org\/{rel}","templated":true}]}}