{"id":103471,"date":"2025-11-01T08:17:05","date_gmt":"2025-11-01T07:17:05","guid":{"rendered":"https:\/\/www.raschvin.com\/?post_type=product&#038;p=103471"},"modified":"2025-11-01T08:29:37","modified_gmt":"2025-11-01T07:29:37","slug":"king-neptune-xo-navy-strength-70-cl-60-kopier","status":"publish","type":"product","link":"https:\/\/www.raschvin.com\/sv\/produkt\/king-neptune-xo-navy-strength-70-cl-60-kopier\/","title":{"rendered":"King Neptune XO Navy Strength 3 cl. (Tasting Sample) 60%"},"content":{"rendered":"<p>En av v\u00e5ra fantastiska favoriter h\u00e4r p\u00e5 Rasch Vin &#038; Spirits.<\/p>\n<p>Stark Rom med mycket karakt\u00e4r. S\u00f6t rik smak av arak, karamelll, vanilj och lite choklad.<\/p>\n<p>Med en procentandel 60% l\u00e4gger den till en stor smak f\u00f6r upplevelsen utanf\u00f6r l\u00e5dan. S\u00f6theten \u00e4r d\u00e4refter m\u00e4rkbar och rundad Rom till en underbar mjuk balans. X.O Rom fr\u00e5n Barbados, Guyana, Guatemala kombinerat f\u00f6r att f\u00e5 sin unika karakt\u00e4r.<\/p>\n<p>En Rom v\u00e4rt att f\u00f6rs\u00f6ka, vilket garanterat s\u00e4tter sitt m\u00e4rke.<br \/>\nDetta \u00e4r v\u00e5r egen Rom, som vi \u00e4r mycket stolta \u00f6ver och uppskattas av m\u00e5nga av v\u00e5ra kunder redan idag.<\/p>\n","protected":false},"excerpt":{"rendered":"<p>Premium Double Aged Spirit Drink<\/p>\n","protected":false},"featured_media":103465,"template":"","meta":{"_acf_changed":false,"rs_blank_template":"","rs_page_bg_color":"","slide_template_v7":""},"product_brand":[],"product_cat":[8820,8625],"product_tag":[],"class_list":{"0":"post-103471","1":"product","2":"type-product","3":"status-publish","4":"has-post-thumbnail","6":"product_cat-rom-smakprove","7":"product_cat-samples-sv","8":"pa_land-barbados-sv","9":"pa_land-guatemala-sv","10":"pa_land-guyana-sv","11":"pa_procent-60-sv","12":"pa_producent-rasch-vin-spiritus-sv","13":"pa_volume-3-sv","15":"first","16":"instock","17":"taxable","18":"shipping-taxable","19":"purchasable","20":"product-type-simple"},"bundled_by":[],"bundle_stock_status":"instock","bundle_stock_quantity":null,"bundle_virtual":false,"bundle_layout":"","bundle_add_to_cart_form_location":"","bundle_editable_in_cart":false,"bundle_sold_individually_context":"","bundle_item_grouping":"","bundle_min_size":"","bundle_max_size":"","bundle_price":[],"bundled_items":[],"bundle_sell_ids":[],"acf":[],"_links":{"self":[{"href":"https:\/\/www.raschvin.com\/sv\/wp-json\/wp\/v2\/product\/103471","targetHints":{"allow":["GET"]}}],"collection":[{"href":"https:\/\/www.raschvin.com\/sv\/wp-json\/wp\/v2\/product"}],"about":[{"href":"https:\/\/www.raschvin.com\/sv\/wp-json\/wp\/v2\/types\/product"}],"wp:featuredmedia":[{"embeddable":true,"href":"https:\/\/www.raschvin.com\/sv\/wp-json\/wp\/v2\/media\/103465"}],"wp:attachment":[{"href":"https:\/\/www.raschvin.com\/sv\/wp-json\/wp\/v2\/media?parent=103471"}],"wp:term":[{"taxonomy":"product_brand","embeddable":true,"href":"https:\/\/www.raschvin.com\/sv\/wp-json\/wp\/v2\/product_brand?post=103471"},{"taxonomy":"product_cat","embeddable":true,"href":"https:\/\/www.raschvin.com\/sv\/wp-json\/wp\/v2\/product_cat?post=103471"},{"taxonomy":"product_tag","embeddable":true,"href":"https:\/\/www.raschvin.com\/sv\/wp-json\/wp\/v2\/product_tag?post=103471"}],"curies":[{"name":"wp","href":"https:\/\/api.w.org\/{rel}","templated":true}]}}