{"id":103458,"date":"2025-11-01T08:08:23","date_gmt":"2025-11-01T07:08:23","guid":{"rendered":"https:\/\/www.raschvin.com\/?post_type=product&#038;p=103458"},"modified":"2025-11-01T08:31:44","modified_gmt":"2025-11-01T07:31:44","slug":"the-royal-triton-xo-70-cl-40-kopier","status":"publish","type":"product","link":"https:\/\/www.raschvin.com\/sv\/produkt\/the-royal-triton-xo-70-cl-40-kopier\/","title":{"rendered":"The Royal Triton XO 3 cl. (Tasting Sample) 40%"},"content":{"rendered":"<p>Uppf\u00f6ljaren till v\u00e5r mycket popul\u00e4ra kung Neptune Rom.<\/p>\n<p>Bekv\u00e4m, mjuk, rundad Rom med en fin balans. H\u00e4r har vi utvecklat en Rom som alla kan njuta av. S\u00f6t nog utan att alkoholen tar \u00f6ver och verkligen en Rom som kan uppskattas av m\u00e4nniskor som vill prova n\u00e5got nytt i Rom. Med en alkoholhalt p\u00e5 40% \u00e4r det lite tystare \u00e4n v\u00e5r andra sj\u00e4lvproducerade Rom King Neptune.<\/p>\n<p>H\u00e4r har vi kombinerat X.o Rom fr\u00e5n Barbados, Guatemala och Belize f\u00f6r att f\u00e5 sin egen mjuka karakt\u00e4r. Med smaken av vanilj, choklad, arak, apelsin, karamelll och en touch av kanel, \u00e4r detta ett rum som inte kr\u00e4ver mycket, men ger s\u00e5 mycket mer.<\/p>\n<p>En ny Rom i v\u00e5r egen serie, som vi uppskattar och rekommenderar. Ett kvalificerat rum s\u00e4tter en h\u00f6g standard f\u00f6r dem som bara vill ha en bra rom.<\/p>\n","protected":false},"excerpt":{"rendered":"<p>Premium Aged Rum Based Spirit Drink<\/p>\n","protected":false},"featured_media":103465,"template":"","meta":{"_acf_changed":false,"rs_blank_template":"","rs_page_bg_color":"","slide_template_v7":""},"product_brand":[],"product_cat":[8820,8625],"product_tag":[],"class_list":{"0":"post-103458","1":"product","2":"type-product","3":"status-publish","4":"has-post-thumbnail","6":"product_cat-rom-smakprove","7":"product_cat-samples-sv","8":"pa_land-barbados-sv","9":"pa_land-belize-sv","10":"pa_land-guatemala-sv","11":"pa_procent-40-sv-2","12":"pa_producent-rasch-vin-spiritus-sv","13":"pa_volume-3-sv","15":"first","16":"instock","17":"taxable","18":"shipping-taxable","19":"purchasable","20":"product-type-simple"},"bundled_by":[],"bundle_stock_status":"instock","bundle_stock_quantity":null,"bundle_virtual":false,"bundle_layout":"","bundle_add_to_cart_form_location":"","bundle_editable_in_cart":false,"bundle_sold_individually_context":"","bundle_item_grouping":"","bundle_min_size":"","bundle_max_size":"","bundle_price":[],"bundled_items":[],"bundle_sell_ids":[],"acf":[],"_links":{"self":[{"href":"https:\/\/www.raschvin.com\/sv\/wp-json\/wp\/v2\/product\/103458","targetHints":{"allow":["GET"]}}],"collection":[{"href":"https:\/\/www.raschvin.com\/sv\/wp-json\/wp\/v2\/product"}],"about":[{"href":"https:\/\/www.raschvin.com\/sv\/wp-json\/wp\/v2\/types\/product"}],"wp:featuredmedia":[{"embeddable":true,"href":"https:\/\/www.raschvin.com\/sv\/wp-json\/wp\/v2\/media\/103465"}],"wp:attachment":[{"href":"https:\/\/www.raschvin.com\/sv\/wp-json\/wp\/v2\/media?parent=103458"}],"wp:term":[{"taxonomy":"product_brand","embeddable":true,"href":"https:\/\/www.raschvin.com\/sv\/wp-json\/wp\/v2\/product_brand?post=103458"},{"taxonomy":"product_cat","embeddable":true,"href":"https:\/\/www.raschvin.com\/sv\/wp-json\/wp\/v2\/product_cat?post=103458"},{"taxonomy":"product_tag","embeddable":true,"href":"https:\/\/www.raschvin.com\/sv\/wp-json\/wp\/v2\/product_tag?post=103458"}],"curies":[{"name":"wp","href":"https:\/\/api.w.org\/{rel}","templated":true}]}}