{"id":103280,"date":"2025-10-30T17:31:02","date_gmt":"2025-10-30T16:31:02","guid":{"rendered":"https:\/\/www.raschvin.com\/?post_type=product&#038;p=103280"},"modified":"2025-10-30T17:36:02","modified_gmt":"2025-10-30T16:36:02","slug":"vilarnau-cava-brut-reserva-eco-75-cl-kopier","status":"publish","type":"product","link":"https:\/\/www.raschvin.com\/sv\/produkt\/vilarnau-cava-brut-reserva-eco-75-cl-kopier\/","title":{"rendered":"Vilarnau CAVA &#8211; Ros\u00e9 Brut Reserva (ECO) 75 cl."},"content":{"rendered":"<p data-start=\"1661\" data-end=\"1816\">Detta \u00e4r ett ekologiskt kvalitetscava fr\u00e5n den lilla producenten <strong data-start=\"1726\" data-end=\"1738\">Vilarnau<\/strong>, som grundades 1948 och sedan 1982 har ing\u00e5tt i <strong data-start=\"1787\" data-end=\"1813\">Gonz\u00e1lez Byass-gruppen<\/strong>.<\/p>\n<p data-start=\"1818\" data-end=\"2119\">Vinet framst\u00e4lls av <strong data-start=\"1838\" data-end=\"1856\">Garnacha (85%)<\/strong> och <strong data-start=\"1861\" data-end=\"1881\">Pinot Noir (15%)<\/strong>, och lagras i minst <strong data-start=\"1902\" data-end=\"1916\">18 m\u00e5nader<\/strong> innan det sl\u00e4pps \u2013 en f\u00f6rl\u00e4ngd mognadstid j\u00e4mf\u00f6rt med minimikravet p\u00e5 9 m\u00e5nader f\u00f6r DO Cava. Den extra tiden ger vinet st\u00f6rre komplexitet, finare bubblor och den v\u00e4lf\u00f6rtj\u00e4nta beteckningen <strong data-start=\"2105\" data-end=\"2116\">Reserva<\/strong>.<\/p>\n<p data-start=\"2121\" data-end=\"2349\">Med utg\u00e5ngspunkt i <strong data-start=\"2140\" data-end=\"2153\">20 hektar<\/strong> av Sant Sadurn\u00ed d\u2019Anoias h\u00f6gst bel\u00e4gna ving\u00e5rdar och ett modernt vineri skapar de erfarna oenologerna <strong data-start=\"2256\" data-end=\"2275\">Dami\u00e0 De\u00e0s Gual<\/strong> och <strong data-start=\"2280\" data-end=\"2294\">Eva Plazas<\/strong> en imponerande serie cava-viner till rimliga priser.<\/p>\n<p data-start=\"2351\" data-end=\"2594\">Vinets vackra ros\u00e9f\u00e4rg uppn\u00e5s genom <strong data-start=\"2387\" data-end=\"2412\">26 timmars maceration<\/strong> med druvskalen, varefter j\u00e4sningen sker svalt f\u00f6r att bevara de fruktiga och blommiga aromerna. En <strong data-start=\"2512\" data-end=\"2531\">dosage p\u00e5 9 g\/l<\/strong> ger ett v\u00e4lbalanserat vin som k\u00e4nns torrt men aldrig str\u00e4vt.<\/p>\n<p data-start=\"2596\" data-end=\"2746\">Aromm\u00e4ssigt befinner vi oss i det r\u00f6da b\u00e4rsegmentet, med friska toner av hallon och jordgubb, en l\u00e4tt kr\u00e4mig textur och en tydligt charmig karakt\u00e4r.<\/p>\n<p data-start=\"2748\" data-end=\"2968\"><strong data-start=\"2748\" data-end=\"2775\">Vilarnau Cava Brut Ros\u00e9<\/strong> \u00e4r inte bara en utm\u00e4rkt <strong data-start=\"2800\" data-end=\"2812\">aperitif<\/strong>, utan ocks\u00e5 en m\u00e5ngsidig <strong data-start=\"2838\" data-end=\"2858\">mats\u00e4llskapscava<\/strong>. Prova den till en smakrik fiskr\u00e4tt, en medelhavsinspirerad fisk- eller skaldjurssoppa eller till r\u00f6kt lax.<\/p>\n<p data-start=\"2970\" data-end=\"3047\">Avnjuts i inte alltf\u00f6r sm\u00e5 glas vid <strong data-start=\"3006\" data-end=\"3017\">5\u201310 \u00b0C<\/strong>.<br data-start=\"3018\" data-end=\"3021\" \/><strong data-start=\"3021\" data-end=\"3045\">90 po\u00e4ng \u2013 Decanter.<\/strong><\/p>\n","protected":false},"excerpt":{"rendered":"<p>Pened\u00e8s &#8211; Spain<\/p>\n","protected":false},"featured_media":103316,"template":"","meta":{"_acf_changed":false,"rs_blank_template":"","rs_page_bg_color":"","slide_template_v7":""},"product_brand":[],"product_cat":[2780,2787,2776],"product_tag":[],"class_list":{"0":"post-103280","1":"product","2":"type-product","3":"status-publish","4":"has-post-thumbnail","6":"product_cat-cava-sv","7":"product_cat-sparkling-rose-sv","8":"product_cat-mousserende-sv","9":"pa_drue-pinot-noir-sv","10":"pa_drue-garnacha-sv","11":"pa_land-spanien-sv","12":"pa_oekologisk-ja-sv","13":"pa_procent-12-sv","14":"pa_producent-gonzalez-byass-sv","15":"pa_region-penedes-sv","16":"pa_serveringstemperatur-5-10-sv","17":"pa_volume-75-sv","19":"first","20":"instock","21":"taxable","22":"shipping-taxable","23":"purchasable","24":"product-type-simple"},"bundled_by":["120370"],"bundle_stock_status":"instock","bundle_stock_quantity":null,"bundle_virtual":false,"bundle_layout":"","bundle_add_to_cart_form_location":"","bundle_editable_in_cart":false,"bundle_sold_individually_context":"","bundle_item_grouping":"","bundle_min_size":"","bundle_max_size":"","bundle_price":[],"bundled_items":[],"bundle_sell_ids":[],"acf":[],"_links":{"self":[{"href":"https:\/\/www.raschvin.com\/sv\/wp-json\/wp\/v2\/product\/103280","targetHints":{"allow":["GET"]}}],"collection":[{"href":"https:\/\/www.raschvin.com\/sv\/wp-json\/wp\/v2\/product"}],"about":[{"href":"https:\/\/www.raschvin.com\/sv\/wp-json\/wp\/v2\/types\/product"}],"wp:featuredmedia":[{"embeddable":true,"href":"https:\/\/www.raschvin.com\/sv\/wp-json\/wp\/v2\/media\/103316"}],"wp:attachment":[{"href":"https:\/\/www.raschvin.com\/sv\/wp-json\/wp\/v2\/media?parent=103280"}],"wp:term":[{"taxonomy":"product_brand","embeddable":true,"href":"https:\/\/www.raschvin.com\/sv\/wp-json\/wp\/v2\/product_brand?post=103280"},{"taxonomy":"product_cat","embeddable":true,"href":"https:\/\/www.raschvin.com\/sv\/wp-json\/wp\/v2\/product_cat?post=103280"},{"taxonomy":"product_tag","embeddable":true,"href":"https:\/\/www.raschvin.com\/sv\/wp-json\/wp\/v2\/product_tag?post=103280"}],"curies":[{"name":"wp","href":"https:\/\/api.w.org\/{rel}","templated":true}]}}