{"id":103191,"date":"2025-10-30T16:02:26","date_gmt":"2025-10-30T15:02:26","guid":{"rendered":"https:\/\/www.raschvin.com\/?post_type=product&#038;p=103191"},"modified":"2025-10-30T16:06:03","modified_gmt":"2025-10-30T15:06:03","slug":"nikka-whisky-from-the-barrel-giftpack-2-glass-pourer-50-cl-514-kopier","status":"publish","type":"product","link":"https:\/\/www.raschvin.com\/sv\/produkt\/nikka-whisky-from-the-barrel-giftpack-2-glass-pourer-50-cl-514-kopier\/","title":{"rendered":"Nikka Whisky From the Barrel Giftpack Silhouette 2 Glass + Pourer 50 cl. 51,4%"},"content":{"rendered":"<p data-start=\"1414\" data-end=\"1789\">Den lilla, fyrkantiga flaskan som rymmer <strong data-start=\"1455\" data-end=\"1487\">Nikka Whisky From the Barrel<\/strong> \u00e4r en sj\u00e4lvklar klassiker i otaliga barer v\u00e4rlden \u00f6ver. Det \u00e4r sannolikt en av de mest popul\u00e4ra japanska whiskyerna p\u00e5 marknaden! Whiskyn lanserades 1985 av <strong data-start=\"1645\" data-end=\"1666\">Takeshi Taketsuru<\/strong>, med m\u00e5let att ge konsumenten samma upplevelse som master blendern \u2013 att smaka whiskyn som om den kom direkt fr\u00e5n fatet.<\/p>\n<p data-start=\"1791\" data-end=\"2068\">\u00c4ven om den inte \u00e4r helt i fatstyrka (51,4 %) var en s\u00e5dan alkoholhalt n\u00e4st intill ot\u00e4nkbar i Japan p\u00e5 den tiden. I dag \u00e4r h\u00f6ga styrkor inget ovanligt, men den banbrytande <strong data-start=\"1963\" data-end=\"1982\">From the Barrel<\/strong> har blivit en tidl\u00f6s klassiker som fortfarande tillh\u00f6r de fr\u00e4msta kvalitetsm\u00e4ssigt.<\/p>\n<p data-start=\"2070\" data-end=\"2212\">Sj\u00e4lva whiskyn \u00e4r en s\u00e5 kallad <em data-start=\"2101\" data-end=\"2114\">world blend<\/em> \u2013 den inneh\u00e5ller inte bara japansk whisky, utan \u00e4ven whisky fr\u00e5n bland annat USA och Skottland.<\/p>\n<p data-start=\"2214\" data-end=\"2340\">Den h\u00e4r utg\u00e5van levereras i en ny, minimalistisk och mer milj\u00f6v\u00e4nlig f\u00f6rpackning, tillsammans med tv\u00e5 glas och en h\u00e4llpropp.<\/p>\n<p data-start=\"2342\" data-end=\"2553\"><strong data-start=\"2342\" data-end=\"2351\">F\u00e4rg:<\/strong> Djup, b\u00e4rnstensf\u00e4rgad.<br data-start=\"2374\" data-end=\"2377\" \/><strong data-start=\"2377\" data-end=\"2386\">Doft:<\/strong> Fantastiskt fin doft av brioche, mynta, apelsinskal, valn\u00f6t och kolas\u00e5s.<br data-start=\"2459\" data-end=\"2462\" \/><strong data-start=\"2462\" data-end=\"2471\">Smak:<\/strong> Fet och oljig i munnen, med toner av karamell, sm\u00f6r, kanelsocker och stenfrukt.<\/p>\n<p data-start=\"2555\" data-end=\"2620\"><strong data-start=\"2555\" data-end=\"2577\">Serveringsf\u00f6rslag:<\/strong> \u00d6ppnar sig vackert med en droppe vatten.<\/p>\n","protected":false},"excerpt":{"rendered":"<p>Japanese Whisky \u2013 Produced By The Nikka Whisky Distilling Co. Ltd Japan<\/p>\n","protected":false},"featured_media":103270,"template":"","meta":{"_acf_changed":false,"rs_blank_template":"","rs_page_bg_color":"","slide_template_v7":""},"product_brand":[],"product_cat":[2387,4765,2754,2753,2758,2392],"product_tag":[],"class_list":{"0":"post-103191","1":"product","2":"type-product","3":"status-publish","4":"has-post-thumbnail","6":"product_cat-avec-sv","7":"product_cat-blended-sv","8":"product_cat-foeretagspresenter","9":"product_cat-gaavor","10":"product_cat-provsmakning-set","11":"product_cat-whisky-sv","12":"pa_land-japan-sv","13":"pa_procent-51-4-sv","14":"pa_producent-nikka-sv","15":"pa_volume-50-sv","17":"first","18":"instock","19":"sale","20":"taxable","21":"shipping-taxable","22":"purchasable","23":"product-type-simple"},"bundled_by":[],"bundle_stock_status":"instock","bundle_stock_quantity":null,"bundle_virtual":false,"bundle_layout":"","bundle_add_to_cart_form_location":"","bundle_editable_in_cart":false,"bundle_sold_individually_context":"","bundle_item_grouping":"","bundle_min_size":"","bundle_max_size":"","bundle_price":[],"bundled_items":[],"bundle_sell_ids":[],"acf":[],"_links":{"self":[{"href":"https:\/\/www.raschvin.com\/sv\/wp-json\/wp\/v2\/product\/103191","targetHints":{"allow":["GET"]}}],"collection":[{"href":"https:\/\/www.raschvin.com\/sv\/wp-json\/wp\/v2\/product"}],"about":[{"href":"https:\/\/www.raschvin.com\/sv\/wp-json\/wp\/v2\/types\/product"}],"wp:featuredmedia":[{"embeddable":true,"href":"https:\/\/www.raschvin.com\/sv\/wp-json\/wp\/v2\/media\/103270"}],"wp:attachment":[{"href":"https:\/\/www.raschvin.com\/sv\/wp-json\/wp\/v2\/media?parent=103191"}],"wp:term":[{"taxonomy":"product_brand","embeddable":true,"href":"https:\/\/www.raschvin.com\/sv\/wp-json\/wp\/v2\/product_brand?post=103191"},{"taxonomy":"product_cat","embeddable":true,"href":"https:\/\/www.raschvin.com\/sv\/wp-json\/wp\/v2\/product_cat?post=103191"},{"taxonomy":"product_tag","embeddable":true,"href":"https:\/\/www.raschvin.com\/sv\/wp-json\/wp\/v2\/product_tag?post=103191"}],"curies":[{"name":"wp","href":"https:\/\/api.w.org\/{rel}","templated":true}]}}