{"id":103176,"date":"2025-10-30T15:17:22","date_gmt":"2025-10-30T14:17:22","guid":{"rendered":"https:\/\/www.raschvin.com\/?post_type=product&#038;p=103176"},"modified":"2025-10-30T15:21:45","modified_gmt":"2025-10-30T14:21:45","slug":"kilchoman-100-islay-14th-edition-70-cl-50-kopier","status":"publish","type":"product","link":"https:\/\/www.raschvin.com\/sv\/produkt\/kilchoman-100-islay-14th-edition-70-cl-50-kopier\/","title":{"rendered":"Kilchoman 100% Islay 15th Edition 9 Years 70 cl. 50%"},"content":{"rendered":"<p data-start=\"3182\" data-end=\"3570\">Kilchoman Distillery p\u00e5 Islay \u00e4r ett sant uttryck f\u00f6r hantverk, tradition och \u00e4kthet. Grundat 2005 som ett \u201dfarm distillery\u201d \u00e4r Kilchoman ett av f\u00e5 skotska destillerier som hanterar hela produktionen p\u00e5 samma plats \u2013 fr\u00e5n egen kornodling och golvm\u00e4ltning till destillering, lagring och buteljering. Resultatet \u00e4r whisky med en tydlig identitet, f\u00f6rankrad i Islays jord, klimat och sj\u00e4l.<\/p>\n<p data-start=\"3572\" data-end=\"3895\"><strong data-start=\"3572\" data-end=\"3609\">Kilchoman 100% Islay 15th Edition<\/strong> tillh\u00f6r destilleriets mest k\u00e4nda serie och lever verkligen upp till sitt namn. Allt i denna whisky kommer fr\u00e5n Islay: kornet som odlas p\u00e5 Kilchomans egna f\u00e4lt, m\u00e4ltas till cirka 20 ppm r\u00f6k, destilleras p\u00e5 plats och lagras i nio \u00e5r p\u00e5 en kombination av bourbon- och oloroso-sherryfat.<\/p>\n<p data-start=\"3897\" data-end=\"4156\">Doften bjuder p\u00e5 frisk citrus, s\u00f6t malt och mjuk torvr\u00f6k. Smaken \u00e4r rund och balanserad med toner av vanilj, honung, gr\u00f6na \u00e4pplen, karamell, frukt och kryddig ek. Eftersmaken \u00e4r l\u00e5ng, varm och harmonisk \u2013 d\u00e4r s\u00f6tma, r\u00f6k och havss\u00e4lta m\u00f6ts i perfekt samspel.<\/p>\n<p data-start=\"4158\" data-end=\"4399\">Den 15:e utg\u00e5van visar Kilchoman n\u00e4r destilleriet \u00e4r som b\u00e4st \u2013 en whisky som balanserar ungdomlig fr\u00e4sch\u00f6r med djup mognad. En \u00e4kta smak av Islay och ett levande bevis p\u00e5 Kilchomans passion, hantverk och obevekliga str\u00e4van efter kvalitet.<\/p>\n","protected":false},"excerpt":{"rendered":"<p>Islay Single Malt Scotch Whisky<\/p>\n","protected":false},"featured_media":103201,"template":"","meta":{"_acf_changed":false,"rs_blank_template":"","rs_page_bg_color":"","slide_template_v7":""},"product_brand":[],"product_cat":[2387,4651,2392],"product_tag":[],"class_list":{"0":"post-103176","1":"product","2":"type-product","3":"status-publish","4":"has-post-thumbnail","6":"product_cat-avec-sv","7":"product_cat-single-malt-sv","8":"product_cat-whisky-sv","9":"pa_land-skottland","10":"pa_procent-50-sv","11":"pa_producent-kilchoman-distillery-sv","12":"pa_region-islay-sv","13":"pa_volume-70-sv-2","15":"first","16":"instock","17":"sale","18":"taxable","19":"shipping-taxable","20":"purchasable","21":"product-type-simple"},"bundled_by":[],"bundle_stock_status":"instock","bundle_stock_quantity":null,"bundle_virtual":false,"bundle_layout":"","bundle_add_to_cart_form_location":"","bundle_editable_in_cart":false,"bundle_sold_individually_context":"","bundle_item_grouping":"","bundle_min_size":"","bundle_max_size":"","bundle_price":[],"bundled_items":[],"bundle_sell_ids":[],"acf":[],"_links":{"self":[{"href":"https:\/\/www.raschvin.com\/sv\/wp-json\/wp\/v2\/product\/103176","targetHints":{"allow":["GET"]}}],"collection":[{"href":"https:\/\/www.raschvin.com\/sv\/wp-json\/wp\/v2\/product"}],"about":[{"href":"https:\/\/www.raschvin.com\/sv\/wp-json\/wp\/v2\/types\/product"}],"wp:featuredmedia":[{"embeddable":true,"href":"https:\/\/www.raschvin.com\/sv\/wp-json\/wp\/v2\/media\/103201"}],"wp:attachment":[{"href":"https:\/\/www.raschvin.com\/sv\/wp-json\/wp\/v2\/media?parent=103176"}],"wp:term":[{"taxonomy":"product_brand","embeddable":true,"href":"https:\/\/www.raschvin.com\/sv\/wp-json\/wp\/v2\/product_brand?post=103176"},{"taxonomy":"product_cat","embeddable":true,"href":"https:\/\/www.raschvin.com\/sv\/wp-json\/wp\/v2\/product_cat?post=103176"},{"taxonomy":"product_tag","embeddable":true,"href":"https:\/\/www.raschvin.com\/sv\/wp-json\/wp\/v2\/product_tag?post=103176"}],"curies":[{"name":"wp","href":"https:\/\/api.w.org\/{rel}","templated":true}]}}