{"id":103169,"date":"2025-10-30T15:04:04","date_gmt":"2025-10-30T14:04:04","guid":{"rendered":"https:\/\/www.raschvin.com\/?post_type=product&#038;p=103169"},"modified":"2025-10-30T15:09:22","modified_gmt":"2025-10-30T14:09:22","slug":"kilchoman-batch-strength-tour-edition-70-cl-57-kopier","status":"publish","type":"product","link":"https:\/\/www.raschvin.com\/sv\/produkt\/kilchoman-batch-strength-tour-edition-70-cl-57-kopier\/","title":{"rendered":"Kilchoman Fino Sherry Cask Matured 70 cl. 50%"},"content":{"rendered":"<p data-start=\"3124\" data-end=\"3461\">Kilchoman Distillery p\u00e5 Islay \u00e4r ett av Skottlands mest genuina och sj\u00e4lvst\u00e4ndiga destillerier. Grundat 2005 som ett riktigt g\u00e5rdsdestilleri sk\u00f6ter Kilchoman hela produktionen \u2013 fr\u00e5n egen kornodling till m\u00e4ltning, destillering, lagring och buteljering p\u00e5 plats. Det ger whiskyn en tydlig koppling till \u00f6ns natur och hantverkstradition.<\/p>\n<p data-start=\"3463\" data-end=\"3807\"><strong data-start=\"3463\" data-end=\"3501\">Kilchoman Fino Sherry Cask Matured<\/strong> \u00e4r en specialutg\u00e5va som visar hur Kilchomans r\u00f6kiga destillat harmonierar med den torra elegansen fr\u00e5n fino-sherryfat. Whiskyn har lagrats uteslutande p\u00e5 f\u00f6rstfyllda fino-sherryfat fr\u00e5n Jerez i Spanien, vilket skapar en unik balans mellan Islays maritima r\u00f6kighet och fino-sherryns friska, n\u00f6tiga toner.<\/p>\n<p data-start=\"3809\" data-end=\"4093\">Doften bjuder p\u00e5 mild torvr\u00f6k, havss\u00e4lta, rostade mandlar, citrus och gr\u00f6na \u00e4pplen. Smaken \u00e4r torr men fyllig \u2013 med inslag av rostad ek, vanilj, havssalt och en l\u00e4tt mineralisk s\u00f6tma. Eftersmaken \u00e4r l\u00e5ng, ren och elegant r\u00f6kig, med en frisk torrhet som ger en balanserad avslutning.<\/p>\n<p data-start=\"4095\" data-end=\"4368\">Den h\u00e4r utg\u00e5van framh\u00e4ver Kilchomans mer f\u00f6rfinade sida \u2013 en whisky med elegans, friskhet och djup. Perfekt f\u00f6r den som vill uppleva Islays karakt\u00e4ristiska r\u00f6k i en mer nyanserad och elegant tappning, d\u00e4r fino-sherryns komplexitet lyfter fram destillatets naturliga stil.<\/p>\n","protected":false},"excerpt":{"rendered":"<p>Islay Single Malt Scotch Whisky<\/p>\n","protected":false},"featured_media":103246,"template":"","meta":{"_acf_changed":false,"rs_blank_template":"","rs_page_bg_color":"","slide_template_v7":""},"product_brand":[],"product_cat":[2387,4651,2392],"product_tag":[],"class_list":{"0":"post-103169","1":"product","2":"type-product","3":"status-publish","4":"has-post-thumbnail","6":"product_cat-avec-sv","7":"product_cat-single-malt-sv","8":"product_cat-whisky-sv","9":"pa_land-skottland","10":"pa_procent-50-sv","11":"pa_producent-kilchoman-distillery-sv","12":"pa_region-islay-sv","13":"pa_volume-70-sv-2","15":"first","16":"instock","17":"sale","18":"taxable","19":"shipping-taxable","20":"purchasable","21":"product-type-simple"},"bundled_by":[],"bundle_stock_status":"instock","bundle_stock_quantity":null,"bundle_virtual":false,"bundle_layout":"","bundle_add_to_cart_form_location":"","bundle_editable_in_cart":false,"bundle_sold_individually_context":"","bundle_item_grouping":"","bundle_min_size":"","bundle_max_size":"","bundle_price":[],"bundled_items":[],"bundle_sell_ids":[],"acf":[],"_links":{"self":[{"href":"https:\/\/www.raschvin.com\/sv\/wp-json\/wp\/v2\/product\/103169","targetHints":{"allow":["GET"]}}],"collection":[{"href":"https:\/\/www.raschvin.com\/sv\/wp-json\/wp\/v2\/product"}],"about":[{"href":"https:\/\/www.raschvin.com\/sv\/wp-json\/wp\/v2\/types\/product"}],"wp:featuredmedia":[{"embeddable":true,"href":"https:\/\/www.raschvin.com\/sv\/wp-json\/wp\/v2\/media\/103246"}],"wp:attachment":[{"href":"https:\/\/www.raschvin.com\/sv\/wp-json\/wp\/v2\/media?parent=103169"}],"wp:term":[{"taxonomy":"product_brand","embeddable":true,"href":"https:\/\/www.raschvin.com\/sv\/wp-json\/wp\/v2\/product_brand?post=103169"},{"taxonomy":"product_cat","embeddable":true,"href":"https:\/\/www.raschvin.com\/sv\/wp-json\/wp\/v2\/product_cat?post=103169"},{"taxonomy":"product_tag","embeddable":true,"href":"https:\/\/www.raschvin.com\/sv\/wp-json\/wp\/v2\/product_tag?post=103169"}],"curies":[{"name":"wp","href":"https:\/\/api.w.org\/{rel}","templated":true}]}}