{"id":102153,"date":"2025-10-23T18:10:17","date_gmt":"2025-10-23T16:10:17","guid":{"rendered":"https:\/\/www.raschvin.com\/produkt\/paddy-70-cl-40\/"},"modified":"2025-10-23T18:10:17","modified_gmt":"2025-10-23T16:10:17","slug":"paddy-70-cl-40","status":"publish","type":"product","link":"https:\/\/www.raschvin.com\/sv\/produkt\/paddy-70-cl-40\/","title":{"rendered":"Paddy 70 cl. 40%"},"content":{"rendered":"<p data-start=\"138\" data-end=\"528\"><strong data-start=\"138\" data-end=\"161\">Paddy Irish Whiskey<\/strong> \u00e4r en klassisk irl\u00e4ndsk blended whiskey med r\u00f6tter i Cork i s\u00f6dra Irland. Den skapades i slutet av 1800-talet av Cork Distilleries Company och har f\u00e5tt sitt namn efter den legendariske s\u00e4ljaren Paddy Flaherty, som gjorde m\u00e4rket k\u00e4nt \u00f6ver hela landet. Idag \u00e4gs varum\u00e4rket av Sazerac Company men whiskyn tillverkas fortfarande p\u00e5 Irland enligt traditionella metoder.<\/p>\n<p data-start=\"530\" data-end=\"932\">Paddy \u00e4r en blandning av tre typer av irl\u00e4ndsk whiskey \u2013 single pot still, single malt och grain whiskey \u2013 som trippeldestilleras f\u00f6r att uppn\u00e5 en s\u00e4rskilt mjuk och ren karakt\u00e4r. Doften \u00e4r mild och inbjudande med inslag av malt, honung, vanilj och ljus frukt. Smaken \u00e4r rund och balanserad med toner av sm\u00f6rkola, p\u00e4ron och ek, f\u00f6ljt av en l\u00e4tt kryddig avslutning med antydan till peppar och s\u00f6t malt.<\/p>\n<p data-start=\"934\" data-end=\"1192\" data-is-last-node=\"\" data-is-only-node=\"\">Whiskyn \u00e4r k\u00e4nd f\u00f6r sin l\u00e4ttillg\u00e4ngliga stil och mjuka struktur, vilket g\u00f6r den utm\u00e4rkt b\u00e5de att dricka ren och som bas i klassiska whiskeycocktails. Paddy Irish Whiskey \u00e4r ett tidl\u00f6st uttryck f\u00f6r irl\u00e4ndsk tradition \u2013 varm, v\u00e4nlig och elegant i sin enkelhet.<\/p>\n","protected":false},"excerpt":{"rendered":"<p class=\"p1\">Irish Whiskey<\/p>\n","protected":false},"featured_media":102281,"template":"","meta":{"_acf_changed":false,"rs_blank_template":"","rs_page_bg_color":"","slide_template_v7":""},"product_brand":[],"product_cat":[2387,4765,4768,2392],"product_tag":[],"class_list":{"0":"post-102153","1":"product","2":"type-product","3":"status-publish","4":"has-post-thumbnail","6":"product_cat-avec-sv","7":"product_cat-blended-sv","8":"product_cat-irish-pot-still-sv","9":"product_cat-whisky-sv","10":"pa_land-irland-sv","11":"pa_procent-40-sv-2","12":"pa_producent-sazerac-company-sv","13":"pa_volume-70-sv-2","15":"first","16":"instock","17":"taxable","18":"shipping-taxable","19":"purchasable","20":"product-type-simple"},"bundled_by":[],"bundle_stock_status":"instock","bundle_stock_quantity":null,"bundle_virtual":false,"bundle_layout":"","bundle_add_to_cart_form_location":"","bundle_editable_in_cart":false,"bundle_sold_individually_context":"","bundle_item_grouping":"","bundle_min_size":"","bundle_max_size":"","bundle_price":[],"bundled_items":[],"bundle_sell_ids":[],"acf":[],"_links":{"self":[{"href":"https:\/\/www.raschvin.com\/sv\/wp-json\/wp\/v2\/product\/102153","targetHints":{"allow":["GET"]}}],"collection":[{"href":"https:\/\/www.raschvin.com\/sv\/wp-json\/wp\/v2\/product"}],"about":[{"href":"https:\/\/www.raschvin.com\/sv\/wp-json\/wp\/v2\/types\/product"}],"wp:featuredmedia":[{"embeddable":true,"href":"https:\/\/www.raschvin.com\/sv\/wp-json\/wp\/v2\/media\/102281"}],"wp:attachment":[{"href":"https:\/\/www.raschvin.com\/sv\/wp-json\/wp\/v2\/media?parent=102153"}],"wp:term":[{"taxonomy":"product_brand","embeddable":true,"href":"https:\/\/www.raschvin.com\/sv\/wp-json\/wp\/v2\/product_brand?post=102153"},{"taxonomy":"product_cat","embeddable":true,"href":"https:\/\/www.raschvin.com\/sv\/wp-json\/wp\/v2\/product_cat?post=102153"},{"taxonomy":"product_tag","embeddable":true,"href":"https:\/\/www.raschvin.com\/sv\/wp-json\/wp\/v2\/product_tag?post=102153"}],"curies":[{"name":"wp","href":"https:\/\/api.w.org\/{rel}","templated":true}]}}