{"id":102149,"date":"2025-10-23T17:57:23","date_gmt":"2025-10-23T15:57:23","guid":{"rendered":"https:\/\/www.raschvin.com\/produkt\/clynelish-aged-14-years-70-cl-46\/"},"modified":"2025-10-23T17:57:23","modified_gmt":"2025-10-23T15:57:23","slug":"clynelish-aged-14-years-70-cl-46","status":"publish","type":"product","link":"https:\/\/www.raschvin.com\/sv\/produkt\/clynelish-aged-14-years-70-cl-46\/","title":{"rendered":"Clynelish Aged 14 Years 70 cl. 46%"},"content":{"rendered":"<p data-start=\"1590\" data-end=\"2027\">Clynelish 14 Years \u00e4r en single malt fr\u00e5n Highlands i Skottland, lagrad i minst fjorton \u00e5r och buteljerad p\u00e5 46 % volym. Whiskyproducenten ligger vid Brora p\u00e5 den skotska nordostkusten, och \u00e4ven om destilleriet \u00e4r fastlandsbaserat finns h\u00e4r \u00e4nd\u00e5 en tydlig maritim doft och atmosf\u00e4r som ger whiskyn en l\u00e4tt kustn\u00e4ra karakt\u00e4r. En av dess mest utm\u00e4rkande egenskaper \u00e4r den vaxiga texturen i arom och smak \u2013 ett signum f\u00f6r just denna malt.<\/p>\n<p data-start=\"2029\" data-end=\"2577\">Vid doft m\u00e4rks direkt intryck av ljus stearin och vax, som om man k\u00e4nner doften fr\u00e5n ett stearinljus i en varm sommarkv\u00e4ll. Tillsammans med detta kommer blomnoten, honung och en klar citrussignal \u2013 mandarin och tangerin \u2013 samt en antydan av l\u00e4tt r\u00f6k och havssalt. Smaken \u00e4r mjukt kr\u00e4mig, n\u00e4stan oljig till k\u00e4nslan, d\u00e4r honung, brunt socker, vanilj och tropiska frukter blandas med en diskret tr\u00e4ig torrhet och ett l\u00e4tt rostat inslag. Avslutningen \u00e4r l\u00e5ng, l\u00e4tt salt och torr med toner av h\u00e5rdkola, peppar och en havsbris som h\u00e4nger kvar i glaset.<\/p>\n<p data-start=\"2579\" data-end=\"2918\">Clynelish 14 Years \u00e4r en malt som kombinerar elegans och komplexitet men \u00e4nd\u00e5 med en tillg\u00e4nglig karakt\u00e4r. Den passar lika bra f\u00f6r den rutinerade whiskyentusiasten som f\u00f6r nyb\u00f6rjaren som vill prova n\u00e5got med tydlig personlighet utanf\u00f6r standardprofilen. Njut den ren eller med n\u00e5gra droppar vatten f\u00f6r att ytterligare \u00f6ppna upp aromerna.<\/p>\n","protected":false},"excerpt":{"rendered":"<p>Single Malt Scotch Whisky<\/p>\n","protected":false},"featured_media":102218,"template":"","meta":{"_acf_changed":false,"rs_blank_template":"","rs_page_bg_color":"","slide_template_v7":""},"product_brand":[],"product_cat":[2387,4651,2392],"product_tag":[],"class_list":{"0":"post-102149","1":"product","2":"type-product","3":"status-publish","4":"has-post-thumbnail","6":"product_cat-avec-sv","7":"product_cat-single-malt-sv","8":"product_cat-whisky-sv","9":"pa_land-skottland","10":"pa_procent-46-sv","11":"pa_producent-clynelish-sv","12":"pa_region-highland-sv","13":"pa_volume-70-sv-2","15":"first","16":"instock","17":"taxable","18":"shipping-taxable","19":"purchasable","20":"product-type-simple"},"bundled_by":[],"bundle_stock_status":"instock","bundle_stock_quantity":null,"bundle_virtual":false,"bundle_layout":"","bundle_add_to_cart_form_location":"","bundle_editable_in_cart":false,"bundle_sold_individually_context":"","bundle_item_grouping":"","bundle_min_size":"","bundle_max_size":"","bundle_price":[],"bundled_items":[],"bundle_sell_ids":[],"acf":[],"_links":{"self":[{"href":"https:\/\/www.raschvin.com\/sv\/wp-json\/wp\/v2\/product\/102149","targetHints":{"allow":["GET"]}}],"collection":[{"href":"https:\/\/www.raschvin.com\/sv\/wp-json\/wp\/v2\/product"}],"about":[{"href":"https:\/\/www.raschvin.com\/sv\/wp-json\/wp\/v2\/types\/product"}],"wp:featuredmedia":[{"embeddable":true,"href":"https:\/\/www.raschvin.com\/sv\/wp-json\/wp\/v2\/media\/102218"}],"wp:attachment":[{"href":"https:\/\/www.raschvin.com\/sv\/wp-json\/wp\/v2\/media?parent=102149"}],"wp:term":[{"taxonomy":"product_brand","embeddable":true,"href":"https:\/\/www.raschvin.com\/sv\/wp-json\/wp\/v2\/product_brand?post=102149"},{"taxonomy":"product_cat","embeddable":true,"href":"https:\/\/www.raschvin.com\/sv\/wp-json\/wp\/v2\/product_cat?post=102149"},{"taxonomy":"product_tag","embeddable":true,"href":"https:\/\/www.raschvin.com\/sv\/wp-json\/wp\/v2\/product_tag?post=102149"}],"curies":[{"name":"wp","href":"https:\/\/api.w.org\/{rel}","templated":true}]}}