{"id":102145,"date":"2025-10-23T17:48:14","date_gmt":"2025-10-23T15:48:14","guid":{"rendered":"https:\/\/www.raschvin.com\/?post_type=product&#038;p=102145"},"modified":"2025-10-23T17:49:44","modified_gmt":"2025-10-23T15:49:44","slug":"malfy-gin-con-limone-70-cl-41-kopier","status":"publish","type":"product","link":"https:\/\/www.raschvin.com\/sv\/produkt\/malfy-gin-con-limone-70-cl-41-kopier\/","title":{"rendered":"Malfy Gin Rosa Pink Grapefruit 70 cl. 41%"},"content":{"rendered":"<p data-start=\"1609\" data-end=\"2263\">Malfy Gin Rosa \u00e4r en livlig och elegant premium-gin fr\u00e5n Italien som f\u00e5ngar den medelhavska k\u00e4nslan av sol, hav och citrus. Den tillverkas av destilleriet Torino Distillati i Moncalieri i Piemonte, d\u00e4r tradition och hantverk m\u00f6ts i en modern tolkning av gin. Basen best\u00e5r av italiensk vetesprit, och destilleringen sker med noggrant utvalda botaniska ingredienser som handplockade enb\u00e4r, koriander, cassiabark och angelikarot. Det som g\u00f6r denna gin speciell \u00e4r de solmogna rosa grapefrukterna fr\u00e5n Sicilien som ger en frisk och fruktig citrusarom med en l\u00e4tt bitter ton, perfekt balanserad av italienska citroner som tillf\u00f6r en ljus och frisk karakt\u00e4r.<\/p>\n<p data-start=\"2265\" data-end=\"2615\">Doften \u00e4r livlig och aromatisk med tydliga inslag av grapefrukt, citron och en l\u00e4tt blommig underton. Smaken \u00e4r frisk och fruktig med tydliga citrusnoter som kompletteras av enb\u00e4rens klassiska ginprofil och en mjukt torr avslutning. Den svagt rosa f\u00e4rgen ger ett elegant och inbjudande utseende som f\u00f6rst\u00e4rker ginens l\u00e4tta och fr\u00e4scha personlighet.<\/p>\n<p data-start=\"2617\" data-end=\"2894\">Malfy Gin Rosa \u00e4r perfekt f\u00f6r en klassisk gin &amp; tonic med en skiva rosa grapefrukt, men den passar ocks\u00e5 utm\u00e4rkt i fr\u00e4scha och somriga cocktails. Den f\u00f6rmedlar k\u00e4nslan av italiensk livsgl\u00e4dje \u2013 \u201cla dolce vita\u201d \u2013 och varje klunk bjuder p\u00e5 solmogen fr\u00e4sch\u00f6r och medelhavsklass.<\/p>\n","protected":false},"excerpt":{"rendered":"<p>Italian Premium Gin<\/p>\n","protected":false},"featured_media":102263,"template":"","meta":{"_acf_changed":false,"rs_blank_template":"","rs_page_bg_color":"","slide_template_v7":""},"product_brand":[],"product_cat":[4711,4700,2404,2402],"product_tag":[],"class_list":{"0":"post-102145","1":"product","2":"type-product","3":"status-publish","4":"has-post-thumbnail","6":"product_cat-andra-gins","7":"product_cat-flavoured-gin-sv","8":"product_cat-gin-sv","9":"product_cat-sprit-sv","10":"pa_land-italien-sv","11":"pa_procent-41-sv","12":"pa_producent-torino-distillati-sv","13":"pa_region-piemonte-sv","14":"pa_volume-70-sv-2","16":"first","17":"instock","18":"sale","19":"taxable","20":"shipping-taxable","21":"purchasable","22":"product-type-simple"},"bundled_by":["117205"],"bundle_stock_status":"instock","bundle_stock_quantity":null,"bundle_virtual":false,"bundle_layout":"","bundle_add_to_cart_form_location":"","bundle_editable_in_cart":false,"bundle_sold_individually_context":"","bundle_item_grouping":"","bundle_min_size":"","bundle_max_size":"","bundle_price":[],"bundled_items":[],"bundle_sell_ids":[],"acf":[],"_links":{"self":[{"href":"https:\/\/www.raschvin.com\/sv\/wp-json\/wp\/v2\/product\/102145","targetHints":{"allow":["GET"]}}],"collection":[{"href":"https:\/\/www.raschvin.com\/sv\/wp-json\/wp\/v2\/product"}],"about":[{"href":"https:\/\/www.raschvin.com\/sv\/wp-json\/wp\/v2\/types\/product"}],"wp:featuredmedia":[{"embeddable":true,"href":"https:\/\/www.raschvin.com\/sv\/wp-json\/wp\/v2\/media\/102263"}],"wp:attachment":[{"href":"https:\/\/www.raschvin.com\/sv\/wp-json\/wp\/v2\/media?parent=102145"}],"wp:term":[{"taxonomy":"product_brand","embeddable":true,"href":"https:\/\/www.raschvin.com\/sv\/wp-json\/wp\/v2\/product_brand?post=102145"},{"taxonomy":"product_cat","embeddable":true,"href":"https:\/\/www.raschvin.com\/sv\/wp-json\/wp\/v2\/product_cat?post=102145"},{"taxonomy":"product_tag","embeddable":true,"href":"https:\/\/www.raschvin.com\/sv\/wp-json\/wp\/v2\/product_tag?post=102145"}],"curies":[{"name":"wp","href":"https:\/\/api.w.org\/{rel}","templated":true}]}}