{"id":102130,"date":"2025-10-23T16:41:52","date_gmt":"2025-10-23T14:41:52","guid":{"rendered":"https:\/\/www.raschvin.com\/produkt\/malfy-gin-originale-70-cl-41\/"},"modified":"2025-10-23T16:41:52","modified_gmt":"2025-10-23T14:41:52","slug":"malfy-gin-originale-70-cl-41","status":"publish","type":"product","link":"https:\/\/www.raschvin.com\/sv\/produkt\/malfy-gin-originale-70-cl-41\/","title":{"rendered":"Malfy Gin Originale 70 cl. 41%"},"content":{"rendered":"<p data-start=\"54\" data-end=\"621\">Malfy Gin Originale \u00e4r husets rena, torra uttryck: en klassisk, enb\u00e4rsdriven gin destillerad hos Torino Distillati i Moncalieri utanf\u00f6r Turin. H\u00e4r prioriteras friskhet och precision i sm\u00e5 batcher s\u00e5 att de flyktiga botaniska aromerna bevaras. Doften \u00f6ppnar krispigt med enb\u00e4r och ett st\u00e4nk av tall, f\u00f6ljt av koriander, ljusa \u00f6rter och en diskret v\u00e4rme fr\u00e5n r\u00f6tter och bark. Smaken \u00e4r torr och klar med en ren enb\u00e4rsk\u00e4rna, en l\u00e4tt pepprig citrusk\u00e4nsla och en balanserad, sval avslutning. Texturen \u00e4r smidig och ren, och eftersmaken dr\u00f6jer l\u00e4nge och precist utan s\u00f6tma.<\/p>\n<p data-start=\"623\" data-end=\"936\">Ginen g\u00f6rs p\u00e5 neutral sprit som infuseras med klassiska botanicals\u2014fr\u00e4mst enb\u00e4r och koriander, st\u00f6ttade av bland annat angelikarot och kassia\u2014och destilleras varsamt f\u00f6r en knivskarp profil. Efter destillation s\u00e4nks styrkan med k\u00e4llvatten fr\u00e5n Piemonte till 41 % vol., vilket ger en elegant, l\u00e4ttdrucken struktur.<\/p>\n<p data-start=\"938\" data-end=\"1413\">Producenten, Torino Distillati, \u00e4r ett familje\u00e4gt destilleri lett av familjen Vergnano. Moncalieri \u00e4r ett historiskt nav f\u00f6r vermouth, amari och destillat, och traditionen av precision och r\u00e5varukvalitet speglas i Malfy-serien. D\u00e4r flera Malfy-varianter hyllar italiensk citrus st\u00e5r Originale som det klassiska ankaret: en gin med tydlig identitet som fungerar lika bra neat, i en krispig G&amp;T med citrusskal eller som en rak bas i en torr Martini och andra tidl\u00f6sa cocktails.<\/p>\n","protected":false},"excerpt":{"rendered":"<p>Italian Premium Gin<\/p>\n","protected":false},"featured_media":102272,"template":"","meta":{"_acf_changed":false,"rs_blank_template":"","rs_page_bg_color":"","slide_template_v7":""},"product_brand":[],"product_cat":[4711,2404,4688,2402],"product_tag":[],"class_list":{"0":"post-102130","1":"product","2":"type-product","3":"status-publish","4":"has-post-thumbnail","6":"product_cat-andra-gins","7":"product_cat-gin-sv","8":"product_cat-london-dry-sv","9":"product_cat-sprit-sv","10":"pa_land-italien-sv","11":"pa_procent-41-sv","12":"pa_producent-torino-distillati-sv","13":"pa_region-piemonte-sv","14":"pa_volume-70-sv-2","16":"first","17":"instock","18":"sale","19":"taxable","20":"shipping-taxable","21":"purchasable","22":"product-type-simple"},"bundled_by":[],"bundle_stock_status":"instock","bundle_stock_quantity":null,"bundle_virtual":false,"bundle_layout":"","bundle_add_to_cart_form_location":"","bundle_editable_in_cart":false,"bundle_sold_individually_context":"","bundle_item_grouping":"","bundle_min_size":"","bundle_max_size":"","bundle_price":[],"bundled_items":[],"bundle_sell_ids":[],"acf":[],"_links":{"self":[{"href":"https:\/\/www.raschvin.com\/sv\/wp-json\/wp\/v2\/product\/102130","targetHints":{"allow":["GET"]}}],"collection":[{"href":"https:\/\/www.raschvin.com\/sv\/wp-json\/wp\/v2\/product"}],"about":[{"href":"https:\/\/www.raschvin.com\/sv\/wp-json\/wp\/v2\/types\/product"}],"wp:featuredmedia":[{"embeddable":true,"href":"https:\/\/www.raschvin.com\/sv\/wp-json\/wp\/v2\/media\/102272"}],"wp:attachment":[{"href":"https:\/\/www.raschvin.com\/sv\/wp-json\/wp\/v2\/media?parent=102130"}],"wp:term":[{"taxonomy":"product_brand","embeddable":true,"href":"https:\/\/www.raschvin.com\/sv\/wp-json\/wp\/v2\/product_brand?post=102130"},{"taxonomy":"product_cat","embeddable":true,"href":"https:\/\/www.raschvin.com\/sv\/wp-json\/wp\/v2\/product_cat?post=102130"},{"taxonomy":"product_tag","embeddable":true,"href":"https:\/\/www.raschvin.com\/sv\/wp-json\/wp\/v2\/product_tag?post=102130"}],"curies":[{"name":"wp","href":"https:\/\/api.w.org\/{rel}","templated":true}]}}