{"id":101945,"date":"2025-10-22T17:45:56","date_gmt":"2025-10-22T15:45:56","guid":{"rendered":"https:\/\/www.raschvin.com\/?post_type=product&#038;p=101945"},"modified":"2025-10-22T17:50:06","modified_gmt":"2025-10-22T15:50:06","slug":"paul-john-edited-hint-of-peat-70-cl-46-kopier","status":"publish","type":"product","link":"https:\/\/www.raschvin.com\/sv\/produkt\/paul-john-edited-hint-of-peat-70-cl-46-kopier\/","title":{"rendered":"Paul John &#8211; Miniature Gift Box 3&#215;5 cl. 46%"},"content":{"rendered":"<p data-start=\"2366\" data-end=\"2794\">Den stora indiska single malten fr\u00e5n Goas soliga kuster. Med m\u00e5nga s\u00f6tvattensk\u00e4llor och tropisk v\u00e4rme var Goa det naturliga valet f\u00f6r var single malten skulle skapas. Ett tropiskt klimat \u00e5ret runt accelererar naturligt mognaden. <strong data-start=\"2595\" data-end=\"2612\">Angels\u2019 share<\/strong> (avdunstningen) \u00e4r omkring <strong data-start=\"2640\" data-end=\"2654\">8 % per \u00e5r<\/strong>. Whiskyernas unika smakupplevelser beror inte minst p\u00e5 den intensiva karakt\u00e4ren hos den speciella kornsort som v\u00e4xer vid foten av Himalaya.<\/p>\n<p data-start=\"2796\" data-end=\"3140\">\u00c5r <strong data-start=\"2799\" data-end=\"2807\">2004<\/strong> blev <strong data-start=\"2813\" data-end=\"2832\">Michael D\u2019Souza<\/strong> Master Distiller hos <strong data-start=\"2854\" data-end=\"2875\">John Distilleries<\/strong>, och den f\u00f6rsta destillationen skedde <strong data-start=\"2914\" data-end=\"2922\">2008<\/strong>. \u00c5r <strong data-start=\"2927\" data-end=\"2935\">2012<\/strong> lanserade <strong data-start=\"2946\" data-end=\"2959\">Paul John<\/strong> sina single malts i Storbritannien och har sedan dess vunnit otaliga priser och utm\u00e4rkelser v\u00e4rlden \u00f6ver. <strong data-start=\"3066\" data-end=\"3075\">Mac Y<\/strong> \u00e4r stolta \u00f6ver att introducera Paul John Single Malts i Danmark.<\/p>\n<p data-start=\"3142\" data-end=\"3246\">Whiskyerna \u00e4r <strong data-start=\"3156\" data-end=\"3178\">icke kylfiltrerade<\/strong> och inneh\u00e5ller <strong data-start=\"3194\" data-end=\"3213\">inga tillsatser<\/strong> (varken f\u00e4rg\u00e4mnen eller aromer).<\/p>\n<h2 data-start=\"3248\" data-end=\"3261\">BRILLIANCE<\/h2>\n<p data-start=\"3262\" data-end=\"3351\"><strong data-start=\"3262\" data-end=\"3270\">Doft<\/strong><br data-start=\"3270\" data-end=\"3273\" \/>Demerarasocker ger en ton av s\u00f6tma. Insalg av kanel, honung och milda kryddor.<\/p>\n<p data-start=\"3353\" data-end=\"3468\"><strong data-start=\"3353\" data-end=\"3361\">Smak<\/strong><br data-start=\"3361\" data-end=\"3364\" \/>S\u00f6t och kryddig med honungslik mjukhet mot krispigheten i en flingbar; n\u00e5gonstans anas en strimma kakao.<\/p>\n<p data-start=\"3470\" data-end=\"3579\"><strong data-start=\"3470\" data-end=\"3483\">Eftersmak<\/strong><br data-start=\"3483\" data-end=\"3486\" \/>Mjuk och avslappnad finish med ett st\u00e4nk av milda kryddor och en djup, intensiv vaniljk\u00e4nsla.<\/p>\n<h2 data-start=\"3581\" data-end=\"3590\">EDITED<\/h2>\n<p data-start=\"3591\" data-end=\"3708\"><strong data-start=\"3591\" data-end=\"3599\">Doft<\/strong><br data-start=\"3599\" data-end=\"3602\" \/>Honung och kakao blandas med sp\u00e5r av r\u00f6k och en skv\u00e4tt espresso. En djupare sniff avsl\u00f6jar en fruktig ton.<\/p>\n<p data-start=\"3710\" data-end=\"3873\"><strong data-start=\"3710\" data-end=\"3718\">Smak<\/strong><br data-start=\"3718\" data-end=\"3721\" \/>Gr\u00e4siga toner fr\u00e5n kornet kommer f\u00f6rst, men l\u00e4mnar fint utrymme f\u00f6r stilla noter av torv och r\u00f6k som l\u00e5ngsamt l\u00f6ses upp och ger plats \u00e5t mint och mokka.<\/p>\n<p data-start=\"3875\" data-end=\"3983\"><strong data-start=\"3875\" data-end=\"3888\">Eftersmak<\/strong><br data-start=\"3888\" data-end=\"3891\" \/>L\u00e5ng och utdragen. K\u00e4nsla av krydda och mintchoklad. Avslutas till sist med milda torvnoter.<\/p>\n<h2 data-start=\"3985\" data-end=\"3992\">BOLD<\/h2>\n<p data-start=\"3993\" data-end=\"4107\"><strong data-start=\"3993\" data-end=\"4001\">Doft<\/strong><br data-start=\"4001\" data-end=\"4004\" \/>Efter en inledande puff av r\u00f6k tar Manukahonung, stickig krydda och bourbonlik r\u00f6d lakrits \u00f6ver scenen.<\/p>\n<p data-start=\"4109\" data-end=\"4410\"><strong data-start=\"4109\" data-end=\"4117\">Smak<\/strong><br data-start=\"4117\" data-end=\"4120\" \/>Sm\u00e4lter i munnen\u2014djupa smaker v\u00e4ller in som v\u00e5gor. B\u00f6rjar sublimt silkeslen med ek-lik honung. Precis n\u00e4r du tror att du klarat dig kommer \u00f6verraskningen\u2014en ny v\u00e5g av kryddor som f\u00f6ljs av en r\u00f6kig k\u00e4nsla som fyller munnen och l\u00e4mnar en flodv\u00e5g av torr melass, torv och en antydan av koppar.<\/p>\n<p data-start=\"4412\" data-end=\"4546\" data-is-last-node=\"\" data-is-only-node=\"\"><strong data-start=\"4412\" data-end=\"4425\">Eftersmak<\/strong><br data-start=\"4425\" data-end=\"4428\" \/>L\u00e4tt, med en smula koppar som l\u00e5ngsamt tr\u00e4der fram. Du kan ocks\u00e5 hitta h\u00e4rligt r\u00f6kig mokka formad av delikata kryddor.<\/p>\n","protected":false},"excerpt":{"rendered":"<p>Indian Single Malt Whisky<\/p>\n","protected":false},"featured_media":101976,"template":"","meta":{"_acf_changed":false,"rs_blank_template":"","rs_page_bg_color":"","slide_template_v7":""},"product_brand":[],"product_cat":[2387,2753,2758,4651,2392],"product_tag":[],"class_list":{"0":"post-101945","1":"product","2":"type-product","3":"status-publish","4":"has-post-thumbnail","6":"product_cat-avec-sv","7":"product_cat-gaavor","8":"product_cat-provsmakning-set","9":"product_cat-single-malt-sv","10":"product_cat-whisky-sv","11":"pa_land-indien-sv","12":"pa_procent-46-sv","13":"pa_producent-john-distilleries-sv","14":"pa_region-goa-sv","15":"pa_volume-15-sv","17":"first","18":"instock","19":"taxable","20":"shipping-taxable","21":"purchasable","22":"product-type-simple"},"bundled_by":[],"bundle_stock_status":"instock","bundle_stock_quantity":null,"bundle_virtual":false,"bundle_layout":"","bundle_add_to_cart_form_location":"","bundle_editable_in_cart":false,"bundle_sold_individually_context":"","bundle_item_grouping":"","bundle_min_size":"","bundle_max_size":"","bundle_price":[],"bundled_items":[],"bundle_sell_ids":[],"acf":[],"_links":{"self":[{"href":"https:\/\/www.raschvin.com\/sv\/wp-json\/wp\/v2\/product\/101945","targetHints":{"allow":["GET"]}}],"collection":[{"href":"https:\/\/www.raschvin.com\/sv\/wp-json\/wp\/v2\/product"}],"about":[{"href":"https:\/\/www.raschvin.com\/sv\/wp-json\/wp\/v2\/types\/product"}],"wp:featuredmedia":[{"embeddable":true,"href":"https:\/\/www.raschvin.com\/sv\/wp-json\/wp\/v2\/media\/101976"}],"wp:attachment":[{"href":"https:\/\/www.raschvin.com\/sv\/wp-json\/wp\/v2\/media?parent=101945"}],"wp:term":[{"taxonomy":"product_brand","embeddable":true,"href":"https:\/\/www.raschvin.com\/sv\/wp-json\/wp\/v2\/product_brand?post=101945"},{"taxonomy":"product_cat","embeddable":true,"href":"https:\/\/www.raschvin.com\/sv\/wp-json\/wp\/v2\/product_cat?post=101945"},{"taxonomy":"product_tag","embeddable":true,"href":"https:\/\/www.raschvin.com\/sv\/wp-json\/wp\/v2\/product_tag?post=101945"}],"curies":[{"name":"wp","href":"https:\/\/api.w.org\/{rel}","templated":true}]}}