{"id":101942,"date":"2025-10-22T17:31:30","date_gmt":"2025-10-22T15:31:30","guid":{"rendered":"https:\/\/www.raschvin.com\/?post_type=product&#038;p=101942"},"modified":"2025-10-22T17:41:19","modified_gmt":"2025-10-22T15:41:19","slug":"writers-tears-single-pot-still-70-cl-46-kopier","status":"publish","type":"product","link":"https:\/\/www.raschvin.com\/sv\/produkt\/writers-tears-single-pot-still-70-cl-46-kopier\/","title":{"rendered":"Writers Tears \u2013 Whiskey Gift Book 3&#215;5 cl. 46,33%"},"content":{"rendered":"<p data-start=\"2429\" data-end=\"3075\"><strong data-start=\"2429\" data-end=\"2457\">Walsh Whiskey Distillery<\/strong> slog upp portarna redan <strong data-start=\"2482\" data-end=\"2490\">1999<\/strong>. Distilleriet skapades av <strong data-start=\"2517\" data-end=\"2547\">Bernard och Rosemary Walsh<\/strong>, som som familjef\u00f6retag har \u00e4gnat sitt arbete \u00e5t att \u00e5teruppliva Irlands gamla whiskeytradition\u2014och det f\u00e5r man s\u00e4ga att de har lyckats med.<br data-start=\"2688\" data-end=\"2691\" \/>De skriver sj\u00e4lva: \u201dVi skapar moderna innovationer och uttryck\u2014till gl\u00e4dje f\u00f6r gommar v\u00e4rlden \u00f6ver\u2014med hj\u00e4lp av urgamla recept fr\u00e5n Irlands gyllene era av whiskydestillering\u2026 V\u00e5r filosofi st\u00f6ds av v\u00e5rt familjemotto <em data-start=\"2906\" data-end=\"2921\">Never Say Die<\/em>. Detta robusta motto, tillsammans med v\u00e5r passion, innovation och k\u00e4nsla f\u00f6r detaljer, driver v\u00e5r familjedr\u00f6m att skapa ett arv av fantastiska whiskeys.\u201d<\/p>\n<p data-start=\"3077\" data-end=\"3123\"><strong data-start=\"3077\" data-end=\"3123\">Unik presentask med tre irl\u00e4ndska whiskeys<\/strong><\/p>\n<h2 data-start=\"3125\" data-end=\"3141\">Cask Strength<\/h2>\n<p data-start=\"3142\" data-end=\"3465\">Ett exceptionellt \u00e4ktenskap mellan Single Pot Still och Single Malt irl\u00e4ndsk whiskey. Grundare och Master Distiller <strong data-start=\"3258\" data-end=\"3275\">Bernard Walsh<\/strong> v\u00e4ljer varje \u00e5r ut en handfull fat som blir denna super-premium cask strength-whiskey. <strong data-start=\"3363\" data-end=\"3385\">Trippeldestillerad<\/strong>, <strong data-start=\"3387\" data-end=\"3408\">icke kylfiltrerad<\/strong>, lagrad p\u00e5 <strong data-start=\"3420\" data-end=\"3434\">ex-bourbon<\/strong> och buteljerad vid <strong data-start=\"3454\" data-end=\"3464\">54,5 %<\/strong>.<\/p>\n<p data-start=\"3467\" data-end=\"3620\"><strong data-start=\"3467\" data-end=\"3476\">Doft:<\/strong> Ingef\u00e4ra, peppar, butterscotch<br data-start=\"3507\" data-end=\"3510\" \/><strong data-start=\"3510\" data-end=\"3519\">Smak:<\/strong> Rostat ektr\u00e4, kex, m\u00f6rk choklad, s\u00f6t vanilj<br data-start=\"3563\" data-end=\"3566\" \/><strong data-start=\"3566\" data-end=\"3580\">Eftersmak:<\/strong> Exceptionell, full av karakt\u00e4r och smak<\/p>\n<h2 data-start=\"3622\" data-end=\"3635\">Copper Pot<\/h2>\n<p data-start=\"3636\" data-end=\"3916\"><strong data-start=\"3636\" data-end=\"3665\">Writers\u2019 Tears Copper Pot<\/strong> \u00e4r ett unikt \u00e4ktenskap av lagrad Single Pot Still och Single Malt. Destillerad uteslutande p\u00e5 korn (b\u00e5de m\u00e4ltat och om\u00e4ltat), vilket g\u00f6r den till en genuin irl\u00e4ndare. Trippeldestillerad, or\u00f6kt och lagrad i <strong data-start=\"3872\" data-end=\"3901\">flamrostade ex-bourbonfat<\/strong>. <strong data-start=\"3903\" data-end=\"3916\">40 % vol.<\/strong><\/p>\n<p data-start=\"3918\" data-end=\"4048\"><strong data-start=\"3918\" data-end=\"3927\">Doft:<\/strong> \u00c4pplen, vanilj<br data-start=\"3942\" data-end=\"3945\" \/><strong data-start=\"3945\" data-end=\"3954\">Smak:<\/strong> L\u00e4tt kryddig, ingef\u00e4ra, fruktig frukttr\u00e4dg\u00e5rd<br data-start=\"4000\" data-end=\"4003\" \/><strong data-start=\"4003\" data-end=\"4017\">Eftersmak:<\/strong> L\u00e5ng och elegant, m\u00f6rk choklad<\/p>\n<h2 data-start=\"4050\" data-end=\"4063\">Double Oak<\/h2>\n<p data-start=\"4064\" data-end=\"4466\"><strong data-start=\"4064\" data-end=\"4093\">Writers\u2019 Tears Double Oak<\/strong> \u00e4r en exklusiv irl\u00e4ndsk whiskey som f\u00f6renar tv\u00e5 fattyper och tv\u00e5 stilar av premium irl\u00e4ndsk whiskey. En blend av Single Pot Still och Single Malt, lagrad i <strong data-start=\"4250\" data-end=\"4273\">Kentucky ex-bourbon<\/strong> och <strong data-start=\"4278\" data-end=\"4299\">franska cognacfat<\/strong>. Trippeldestillerad, <strong data-start=\"4321\" data-end=\"4342\">icke kylfiltrerad<\/strong> och buteljerad vid <strong data-start=\"4362\" data-end=\"4370\">46 %<\/strong>. Ett samarbete mellan <strong data-start=\"4393\" data-end=\"4411\">Walsh-familjen<\/strong> (Irland) och <strong data-start=\"4425\" data-end=\"4445\">Legaret-familjen<\/strong> (Cognac, Frankrike).<\/p>\n<p data-start=\"4468\" data-end=\"4581\">De franska cognacfaten har tidigare inneh\u00e5llit <strong data-start=\"4515\" data-end=\"4526\">Deau XO<\/strong> cognac, ett produkt som ocks\u00e5 importeras av <strong data-start=\"4571\" data-end=\"4580\">Mac Y<\/strong>.<\/p>\n<p data-start=\"4583\" data-end=\"4736\"><strong data-start=\"4583\" data-end=\"4592\">Doft:<\/strong> S\u00f6t vanilj, kanel, plommon och p\u00e4ron<br data-start=\"4629\" data-end=\"4632\" \/><strong data-start=\"4632\" data-end=\"4641\">Smak:<\/strong> Citrusskal, chokladiga undertoner, kvarst\u00e5ende kryddighet<br data-start=\"4699\" data-end=\"4702\" \/><strong data-start=\"4702\" data-end=\"4716\">Eftersmak:<\/strong> Elegant och smakrik<\/p>\n","protected":false},"excerpt":{"rendered":"<p>Irish Whiskey \u2013 Triple Distilled<\/p>\n","protected":false},"featured_media":101970,"template":"","meta":{"_acf_changed":false,"rs_blank_template":"","rs_page_bg_color":"","slide_template_v7":""},"product_brand":[],"product_cat":[2387,2753,4768,2758,2392],"product_tag":[],"class_list":{"0":"post-101942","1":"product","2":"type-product","3":"status-publish","4":"has-post-thumbnail","6":"product_cat-avec-sv","7":"product_cat-gaavor","8":"product_cat-irish-pot-still-sv","9":"product_cat-provsmakning-set","10":"product_cat-whisky-sv","11":"pa_land-irland-sv","12":"pa_procent-46-33-sv","13":"pa_producent-walsh-whiskey-sv-2","14":"pa_volume-15-sv","16":"first","17":"instock","18":"sale","19":"taxable","20":"shipping-taxable","21":"purchasable","22":"product-type-simple"},"bundled_by":[],"bundle_stock_status":"instock","bundle_stock_quantity":null,"bundle_virtual":false,"bundle_layout":"","bundle_add_to_cart_form_location":"","bundle_editable_in_cart":false,"bundle_sold_individually_context":"","bundle_item_grouping":"","bundle_min_size":"","bundle_max_size":"","bundle_price":[],"bundled_items":[],"bundle_sell_ids":[],"acf":[],"_links":{"self":[{"href":"https:\/\/www.raschvin.com\/sv\/wp-json\/wp\/v2\/product\/101942","targetHints":{"allow":["GET"]}}],"collection":[{"href":"https:\/\/www.raschvin.com\/sv\/wp-json\/wp\/v2\/product"}],"about":[{"href":"https:\/\/www.raschvin.com\/sv\/wp-json\/wp\/v2\/types\/product"}],"wp:featuredmedia":[{"embeddable":true,"href":"https:\/\/www.raschvin.com\/sv\/wp-json\/wp\/v2\/media\/101970"}],"wp:attachment":[{"href":"https:\/\/www.raschvin.com\/sv\/wp-json\/wp\/v2\/media?parent=101942"}],"wp:term":[{"taxonomy":"product_brand","embeddable":true,"href":"https:\/\/www.raschvin.com\/sv\/wp-json\/wp\/v2\/product_brand?post=101942"},{"taxonomy":"product_cat","embeddable":true,"href":"https:\/\/www.raschvin.com\/sv\/wp-json\/wp\/v2\/product_cat?post=101942"},{"taxonomy":"product_tag","embeddable":true,"href":"https:\/\/www.raschvin.com\/sv\/wp-json\/wp\/v2\/product_tag?post=101942"}],"curies":[{"name":"wp","href":"https:\/\/api.w.org\/{rel}","templated":true}]}}