{"id":101938,"date":"2025-10-22T17:19:43","date_gmt":"2025-10-22T15:19:43","guid":{"rendered":"https:\/\/www.raschvin.com\/?post_type=product&#038;p=101938"},"modified":"2025-10-22T17:29:12","modified_gmt":"2025-10-22T15:29:12","slug":"dos-maderas-triple-aged-55-years-rum-tasting-kit-70-cl-4x2-cl-40-kopier","status":"publish","type":"product","link":"https:\/\/www.raschvin.com\/sv\/produkt\/dos-maderas-triple-aged-55-years-rum-tasting-kit-70-cl-4x2-cl-40-kopier\/","title":{"rendered":"Dos Maderas &#8211; Giftpack 5+3 &#038; 5+5 2&#215;20 cl. 38,75%"},"content":{"rendered":"<p data-start=\"1910\" data-end=\"2190\">Tv\u00e5 delikata blend fr\u00e5n <strong data-start=\"1934\" data-end=\"1946\">Barbados<\/strong> och <strong data-start=\"1951\" data-end=\"1961\">Guyana<\/strong>\u2014tv\u00e5 l\u00e4nder med sin egen romstil. B\u00e5da l\u00e4nderna g\u00f6r rom p\u00e5 b\u00e5de <strong data-start=\"2025\" data-end=\"2039\">pot stills<\/strong> och <strong data-start=\"2044\" data-end=\"2060\">kolonnpannor<\/strong>. Den kraftiga, aromatiska stilen kommer fr\u00e5n pot stills, medan den mjukare och rundare stilen g\u00f6rs p\u00e5 moderna kolonnanl\u00e4ggningar.<\/p>\n<p data-start=\"2192\" data-end=\"2460\"><strong data-start=\"2192\" data-end=\"2234\">Dos Maderas 5+3 och 5+5 f\u00f6ds likadant.<\/strong> F\u00f6rst handgjorda och lagrade i Karibien. D\u00e4refter skickas romen till <strong data-start=\"2304\" data-end=\"2326\">Williams &amp; Humbert<\/strong> i Jerez f\u00f6r en lagring som p\u00e5minner om ett solerasystem. \u201dDos Maderas\u201d betyder just <strong data-start=\"2411\" data-end=\"2426\">tv\u00e5 tr\u00e4slag<\/strong>, vilket syftar p\u00e5 hur den lagras.<\/p>\n<p data-start=\"2462\" data-end=\"2512\"><strong data-start=\"2462\" data-end=\"2512\">Skillnaden mellan 5+3 och 5+5 \u00e4r tiden p\u00e5 fat.<\/strong><\/p>\n<ul data-start=\"2514\" data-end=\"3012\">\n<li data-start=\"2514\" data-end=\"2731\">\n<p data-start=\"2516\" data-end=\"2731\"><strong data-start=\"2516\" data-end=\"2523\">5+3<\/strong> \u00e4r totalt <strong data-start=\"2534\" data-end=\"2542\">8 \u00e5r<\/strong> p\u00e5 v\u00e4g: f\u00f6rst <strong data-start=\"2557\" data-end=\"2565\">5 \u00e5r<\/strong> i Karibien p\u00e5 <strong data-start=\"2580\" data-end=\"2597\">ex-bourbonfat<\/strong>, d\u00e4refter <strong data-start=\"2608\" data-end=\"2616\">3 \u00e5r<\/strong> i Spanien p\u00e5 <strong data-start=\"2630\" data-end=\"2657\">ex Dos Cortados Oloroso<\/strong> sherryfat (mycket torr sherry). D\u00e4rav <strong data-start=\"2696\" data-end=\"2703\">5+3<\/strong>\u2014namnet <strong data-start=\"2711\" data-end=\"2730\">Double Aged Rum<\/strong>.<\/p>\n<\/li>\n<li data-start=\"2732\" data-end=\"3012\">\n<p data-start=\"2734\" data-end=\"3012\"><strong data-start=\"2734\" data-end=\"2741\">5+5<\/strong> forts\u00e4tter ut\u00f6ver 5+3 med <strong data-start=\"2768\" data-end=\"2788\">ytterligare 2 \u00e5r<\/strong> p\u00e5 <strong data-start=\"2792\" data-end=\"2822\">ex Don Guido Pedro Xim\u00e9nez<\/strong> sherryfat (mycket s\u00f6t sherry), allts\u00e5 <strong data-start=\"2861\" data-end=\"2876\">5+3+2 = 5+5<\/strong>\u2014namnet <strong data-start=\"2884\" data-end=\"2899\">Triple Aged<\/strong>.<br data-start=\"2900\" data-end=\"2903\" \/>Produkten kallas <strong data-start=\"2922\" data-end=\"2934\">inte rom<\/strong> eftersom sockerhalten \u00f6verstiger <strong data-start=\"2968\" data-end=\"2978\">20 g\/L<\/strong>\u2014den klassas som <strong data-start=\"2995\" data-end=\"3011\">spirit drink<\/strong>.<\/p>\n<\/li>\n<\/ul>\n<h2 data-start=\"3014\" data-end=\"3032\">5+3 \u2014 Smaknoter<\/h2>\n<p data-start=\"3033\" data-end=\"3120\"><strong data-start=\"3033\" data-end=\"3041\">Doft<\/strong><br data-start=\"3041\" data-end=\"3044\" \/>Ytterst mjuk och elegant. En bred palett av aromer som \u00e4r sv\u00e5ra att j\u00e4mf\u00f6ra.<\/p>\n<p data-start=\"3122\" data-end=\"3188\"><strong data-start=\"3122\" data-end=\"3130\">Smak<\/strong><br data-start=\"3130\" data-end=\"3133\" \/>Rostade toner i munnen med inslag av vanilj och n\u00f6tter.<\/p>\n<p data-start=\"3190\" data-end=\"3260\"><strong data-start=\"3190\" data-end=\"3203\">Eftersmak<\/strong><br data-start=\"3203\" data-end=\"3206\" \/>Elegant och kvarh\u00e4ngande, mjuk, med nyanser av melass.<\/p>\n<h2 data-start=\"3262\" data-end=\"3280\">5+5 \u2014 Smaknoter<\/h2>\n<p data-start=\"3281\" data-end=\"3354\"><strong data-start=\"3281\" data-end=\"3289\">Doft<\/strong><br data-start=\"3289\" data-end=\"3292\" \/>Rund och n\u00e4stintill sammetslen doft av fat, kryddor och s\u00f6tma.<\/p>\n<p data-start=\"3356\" data-end=\"3422\"><strong data-start=\"3356\" data-end=\"3364\">Smak<\/strong><br data-start=\"3364\" data-end=\"3367\" \/>Mjuk och delikat med toner av russin, fikon och vanilj.<\/p>\n<p data-start=\"3424\" data-end=\"3508\"><strong data-start=\"3424\" data-end=\"3437\">Eftersmak<\/strong><br data-start=\"3437\" data-end=\"3440\" \/>Den unika sammansm\u00e4ltningen av kulturer ger en l\u00e5ng, avrundad s\u00f6tma.<\/p>\n<p data-start=\"3510\" data-end=\"3641\"><strong data-start=\"3510\" data-end=\"3523\">Kommentar<\/strong><br data-start=\"3523\" data-end=\"3526\" \/>Avnjuts med f\u00f6rdel rent i ett l\u00e4mpligt glas, men anv\u00e4nds ocks\u00e5 ofta av professionella bartendrar i olika cocktails.<\/p>\n","protected":false},"excerpt":{"rendered":"<p>Premium Blended Caribbean Rum<\/p>\n","protected":false},"featured_media":101973,"template":"","meta":{"_acf_changed":false,"rs_blank_template":"","rs_page_bg_color":"","slide_template_v7":""},"product_brand":[],"product_cat":[2387,4634,2758,2391],"product_tag":[],"class_list":{"0":"post-101938","1":"product","2":"type-product","3":"status-publish","4":"has-post-thumbnail","6":"product_cat-avec-sv","7":"product_cat-premium-aged-sv","8":"product_cat-provsmakning-set","9":"product_cat-rom-sv","10":"pa_land-barbados-guyana-sv","11":"pa_procent-38-75-sv","12":"pa_producent-dos-maderas-sv","13":"pa_volume-40-sv","15":"first","16":"instock","17":"sale","18":"taxable","19":"shipping-taxable","20":"purchasable","21":"product-type-simple"},"bundled_by":[],"bundle_stock_status":"instock","bundle_stock_quantity":null,"bundle_virtual":false,"bundle_layout":"","bundle_add_to_cart_form_location":"","bundle_editable_in_cart":false,"bundle_sold_individually_context":"","bundle_item_grouping":"","bundle_min_size":"","bundle_max_size":"","bundle_price":[],"bundled_items":[],"bundle_sell_ids":[],"acf":[],"_links":{"self":[{"href":"https:\/\/www.raschvin.com\/sv\/wp-json\/wp\/v2\/product\/101938","targetHints":{"allow":["GET"]}}],"collection":[{"href":"https:\/\/www.raschvin.com\/sv\/wp-json\/wp\/v2\/product"}],"about":[{"href":"https:\/\/www.raschvin.com\/sv\/wp-json\/wp\/v2\/types\/product"}],"wp:featuredmedia":[{"embeddable":true,"href":"https:\/\/www.raschvin.com\/sv\/wp-json\/wp\/v2\/media\/101973"}],"wp:attachment":[{"href":"https:\/\/www.raschvin.com\/sv\/wp-json\/wp\/v2\/media?parent=101938"}],"wp:term":[{"taxonomy":"product_brand","embeddable":true,"href":"https:\/\/www.raschvin.com\/sv\/wp-json\/wp\/v2\/product_brand?post=101938"},{"taxonomy":"product_cat","embeddable":true,"href":"https:\/\/www.raschvin.com\/sv\/wp-json\/wp\/v2\/product_cat?post=101938"},{"taxonomy":"product_tag","embeddable":true,"href":"https:\/\/www.raschvin.com\/sv\/wp-json\/wp\/v2\/product_tag?post=101938"}],"curies":[{"name":"wp","href":"https:\/\/api.w.org\/{rel}","templated":true}]}}