{"id":101843,"date":"2025-10-22T11:06:19","date_gmt":"2025-10-22T09:06:19","guid":{"rendered":"https:\/\/www.raschvin.com\/?post_type=product&#038;p=101843"},"modified":"2025-10-22T11:11:17","modified_gmt":"2025-10-22T09:11:17","slug":"ledaig-aged-10-years-70-cl-463-kopier","status":"publish","type":"product","link":"https:\/\/www.raschvin.com\/sv\/produkt\/ledaig-aged-10-years-70-cl-463-kopier\/","title":{"rendered":"Ledaig Aged 18 Years 70 cl. 46,3%"},"content":{"rendered":"<p>Tungt r\u00f6kig malt + l\u00e5ng lagring\u2026 vad finns det att ogilla!?<\/p>\n<p>Denna 18-\u00e5riga buteljering fr\u00e5n Tobermory Distillery bjuder p\u00e5 en whisky som fr\u00e4mst har lagrats p\u00e5 \u00e4ldre bourbonfat, innan den fick en finish p\u00e5 anv\u00e4nda sherryfat.<\/p>\n<p>Buteljerad vid CVH:s ikoniska 46,3 % och, som alltid: naturlig f\u00e4rg och utan kylfiltrering.<\/p>\n<p>Doft<br \/>\nKraftigt fruktig och r\u00f6kig malt. V\u00e4lbalanserad mellan fenolerna (r\u00f6ken), det maritima och s\u00f6tman fr\u00e5n ekfaten.<\/p>\n<p>Smak<br \/>\nFyllig, kraftfull och sherrybetonad. \u00d6rtig r\u00f6k, karamell med havssalt och apelsinskal. Gammal tobak och nymald vitpeppar.<\/p>\n<p>Eftersmak<br \/>\nRelativt l\u00e5ng, med \u00e4nnu mer behaglig r\u00f6k och sherry, samt t\u00e4ta toner av lakrits och en aning havsdimma.<\/p>\n<p>Kommentar<br \/>\nDet \u00e4r ingen slump att just denna whisky 2023 uts\u00e5gs till \u201dWhisky of the Year\u201d hos den v\u00e4lk\u00e4nda The Whisky Exchange.<\/p>\n<p>Om Tobermory\/Ledaig<br \/>\nTobermory \u00e4r ett av Skottlands allra \u00e4ldsta destillerier och dessutom det enda destilleriet p\u00e5 Isle of Mull. Destilleriet grundades redan 1798 och hette ursprungligen Ledaig. Sedan dess har det haft rej\u00e4la upp- och nedg\u00e5ngar, bland annat en total nedst\u00e4ngning mellan 1930 och 1972 samt flera \u00e4garbyten. Efter 1993 har lyckligtvis allt varit ganska stabilt, och i dag \u00e4r destilleriet h\u00f6gt ansedd bland whiskyk\u00e4nnare.<\/p>\n","protected":false},"excerpt":{"rendered":"<p>Single Malt Scotch Whisky<\/p>\n","protected":false},"featured_media":101878,"template":"","meta":{"_acf_changed":false,"rs_blank_template":"","rs_page_bg_color":"","slide_template_v7":""},"product_brand":[],"product_cat":[2387,4651,2392],"product_tag":[],"class_list":{"0":"post-101843","1":"product","2":"type-product","3":"status-publish","4":"has-post-thumbnail","6":"product_cat-avec-sv","7":"product_cat-single-malt-sv","8":"product_cat-whisky-sv","9":"pa_land-skottland","10":"pa_procent-46-3-sv","11":"pa_producent-tobermory-distillery-sv","12":"pa_region-islands-sv","13":"pa_volume-70-sv-2","15":"first","16":"instock","17":"taxable","18":"shipping-taxable","19":"purchasable","20":"product-type-simple"},"bundled_by":[],"bundle_stock_status":"instock","bundle_stock_quantity":null,"bundle_virtual":false,"bundle_layout":"","bundle_add_to_cart_form_location":"","bundle_editable_in_cart":false,"bundle_sold_individually_context":"","bundle_item_grouping":"","bundle_min_size":"","bundle_max_size":"","bundle_price":[],"bundled_items":[],"bundle_sell_ids":[],"acf":[],"_links":{"self":[{"href":"https:\/\/www.raschvin.com\/sv\/wp-json\/wp\/v2\/product\/101843","targetHints":{"allow":["GET"]}}],"collection":[{"href":"https:\/\/www.raschvin.com\/sv\/wp-json\/wp\/v2\/product"}],"about":[{"href":"https:\/\/www.raschvin.com\/sv\/wp-json\/wp\/v2\/types\/product"}],"wp:featuredmedia":[{"embeddable":true,"href":"https:\/\/www.raschvin.com\/sv\/wp-json\/wp\/v2\/media\/101878"}],"wp:attachment":[{"href":"https:\/\/www.raschvin.com\/sv\/wp-json\/wp\/v2\/media?parent=101843"}],"wp:term":[{"taxonomy":"product_brand","embeddable":true,"href":"https:\/\/www.raschvin.com\/sv\/wp-json\/wp\/v2\/product_brand?post=101843"},{"taxonomy":"product_cat","embeddable":true,"href":"https:\/\/www.raschvin.com\/sv\/wp-json\/wp\/v2\/product_cat?post=101843"},{"taxonomy":"product_tag","embeddable":true,"href":"https:\/\/www.raschvin.com\/sv\/wp-json\/wp\/v2\/product_tag?post=101843"}],"curies":[{"name":"wp","href":"https:\/\/api.w.org\/{rel}","templated":true}]}}