{"id":101838,"date":"2025-10-22T11:02:15","date_gmt":"2025-10-22T09:02:15","guid":{"rendered":"https:\/\/www.raschvin.com\/?post_type=product&#038;p=101838"},"modified":"2025-10-22T11:04:56","modified_gmt":"2025-10-22T09:04:56","slug":"ron-cueva-1501-panama-rum-sistema-30-solera-70-cl-40-kopier","status":"publish","type":"product","link":"https:\/\/www.raschvin.com\/sv\/produkt\/ron-cueva-1501-panama-rum-sistema-30-solera-70-cl-40-kopier\/","title":{"rendered":"Ron Cueva 1501 Panama Rum Sistema 33 Solera 70 cl. 40%"},"content":{"rendered":"<p>Cueva var en av de tidigaste stammarna i Panama. Cueva-stammen m\u00f6tte spanjorerna 1501 n\u00e4r de n\u00e5dde Panamas kuster i sin jakt p\u00e5 guld. Cuevas f\u00f6rsvann 1535 till f\u00f6ljd av konflikter med spanjorerna och sjukdomar. Ron Cueva \u00e4r en hyllning till denna gamla stam, som nu \u00e5terv\u00e4nder f\u00f6r att \u201der\u00f6vra\u201d v\u00e4rlden med en \u00e4kta rom fr\u00e5n Panama. Ron Cueva handlar om att st\u00f6dja Panamas ursprungsbefolkningar i dag genom olika projekt.<br \/>\nRon Cueva 33 \u00e4r en blend av s\u00e4rskilt utvalda rom som har lagrats enligt Sistema Solera i upp till 33 \u00e5r.<\/p>\n<p>F\u00e4rgen \u00e4r djupt b\u00e4rnstensf\u00e4rgad eller patinerad mahogny.<br \/>\nRika, tj\u00e4riga aromer med m\u00f6rka frukter, dadlar, fikon, polerat l\u00e4der, honungsstekt ananas, nougat och choklad.<\/p>\n<p>Smaken \u00e4r mjuk, med s\u00f6t melass, portvinsinfuserad cigarill, russin, mogna k\u00f6rsb\u00e4r, dadlar, fikon, kryddor och ananas, och avslutas med en sista ton av karamell.<\/p>\n<p>Drick den i ett ordentligt glas \u00f6ver is och i gott s\u00e4llskap.<\/p>\n","protected":false},"excerpt":{"rendered":"<p>Premium Aged Panama Rum<\/p>\n","protected":false},"featured_media":101872,"template":"","meta":{"_acf_changed":false,"rs_blank_template":"","rs_page_bg_color":"","slide_template_v7":""},"product_brand":[],"product_cat":[2387,4634,2391],"product_tag":[],"class_list":{"0":"post-101838","1":"product","2":"type-product","3":"status-publish","4":"has-post-thumbnail","6":"product_cat-avec-sv","7":"product_cat-premium-aged-sv","8":"product_cat-rom-sv","9":"pa_land-panama-sv","10":"pa_procent-40-sv-2","11":"pa_producent-licores-don-pancho-sv","12":"pa_volume-70-sv-2","14":"first","15":"instock","16":"taxable","17":"shipping-taxable","18":"purchasable","19":"product-type-simple"},"bundled_by":[],"bundle_stock_status":"instock","bundle_stock_quantity":null,"bundle_virtual":false,"bundle_layout":"","bundle_add_to_cart_form_location":"","bundle_editable_in_cart":false,"bundle_sold_individually_context":"","bundle_item_grouping":"","bundle_min_size":"","bundle_max_size":"","bundle_price":[],"bundled_items":[],"bundle_sell_ids":[],"acf":[],"_links":{"self":[{"href":"https:\/\/www.raschvin.com\/sv\/wp-json\/wp\/v2\/product\/101838","targetHints":{"allow":["GET"]}}],"collection":[{"href":"https:\/\/www.raschvin.com\/sv\/wp-json\/wp\/v2\/product"}],"about":[{"href":"https:\/\/www.raschvin.com\/sv\/wp-json\/wp\/v2\/types\/product"}],"wp:featuredmedia":[{"embeddable":true,"href":"https:\/\/www.raschvin.com\/sv\/wp-json\/wp\/v2\/media\/101872"}],"wp:attachment":[{"href":"https:\/\/www.raschvin.com\/sv\/wp-json\/wp\/v2\/media?parent=101838"}],"wp:term":[{"taxonomy":"product_brand","embeddable":true,"href":"https:\/\/www.raschvin.com\/sv\/wp-json\/wp\/v2\/product_brand?post=101838"},{"taxonomy":"product_cat","embeddable":true,"href":"https:\/\/www.raschvin.com\/sv\/wp-json\/wp\/v2\/product_cat?post=101838"},{"taxonomy":"product_tag","embeddable":true,"href":"https:\/\/www.raschvin.com\/sv\/wp-json\/wp\/v2\/product_tag?post=101838"}],"curies":[{"name":"wp","href":"https:\/\/api.w.org\/{rel}","templated":true}]}}