{"id":101834,"date":"2025-10-22T10:57:38","date_gmt":"2025-10-22T08:57:38","guid":{"rendered":"https:\/\/www.raschvin.com\/?post_type=product&#038;p=101834"},"modified":"2025-10-22T11:01:45","modified_gmt":"2025-10-22T09:01:45","slug":"ron-cueva-1501-panama-rum-sistema-25-solera-70-cl-40-kopier","status":"publish","type":"product","link":"https:\/\/www.raschvin.com\/sv\/produkt\/ron-cueva-1501-panama-rum-sistema-25-solera-70-cl-40-kopier\/","title":{"rendered":"Ron Cueva 1501 Panama Rum Sistema 30 Solera 70 cl. 40%"},"content":{"rendered":"<p>Cueva var en av de tidigaste stammarna i Panama. Cueva-stammen m\u00f6tte spanjorerna \u00e5r 1501 n\u00e4r de anl\u00e4nde till Panamas kuster i sin jakt p\u00e5 guld.<\/p>\n<p>Cuevas f\u00f6rsvann \u00e5r 1535 till f\u00f6ljd av konflikter med spanjorerna och sjukdomar. Ron Cueva \u00e4r en hyllning till denna gamla stam, som nu \u201c\u00e5terv\u00e4nder\u201d f\u00f6r att er\u00f6vra v\u00e4rlden med en \u00e4kta rom fr\u00e5n Panama. Ron Cueva handlar om att st\u00f6dja Panamas ursprungsbefolkningar i dag genom olika projekt.<\/p>\n<p>Ron Cueva 30 \u00e4r en blandning av s\u00e4rskilt utvalda lagrade rom, som har mognat enligt Sistema Solera upp till 30 \u00e5r.<\/p>\n<p>Klar, djupt b\u00e4rnstensf\u00e4rgad eller teak-antik f\u00e4rg.<\/p>\n<p>Doften \u00e4r fylld av torkad frukt, l\u00e4der och ek, blandat med vanilj och kryddor. Oljiga toner med en behaglig s\u00f6tma fr\u00e5n m\u00f6rk torkad frukt\u2014dadlar och russin\u2014i kombination med sockerr\u00f6rshonung, vanilj, tobak, apelsinskal och kryddor. Ger en komplex, ih\u00e5llande och v\u00e4lbalanserad finish.<\/p>\n<p>Drick den i ett ordentligt glas med is och i gott s\u00e4llskap.<\/p>\n","protected":false},"excerpt":{"rendered":"<p>Premium Aged Panama Rum<\/p>\n","protected":false},"featured_media":101884,"template":"","meta":{"_acf_changed":false,"rs_blank_template":"","rs_page_bg_color":"","slide_template_v7":""},"product_brand":[],"product_cat":[2387,4634,2391],"product_tag":[],"class_list":{"0":"post-101834","1":"product","2":"type-product","3":"status-publish","4":"has-post-thumbnail","6":"product_cat-avec-sv","7":"product_cat-premium-aged-sv","8":"product_cat-rom-sv","9":"pa_land-panama-sv","10":"pa_procent-40-sv-2","11":"pa_producent-licores-don-pancho-sv","12":"pa_volume-70-sv-2","14":"first","15":"instock","16":"taxable","17":"shipping-taxable","18":"purchasable","19":"product-type-simple"},"bundled_by":[],"bundle_stock_status":"instock","bundle_stock_quantity":null,"bundle_virtual":false,"bundle_layout":"","bundle_add_to_cart_form_location":"","bundle_editable_in_cart":false,"bundle_sold_individually_context":"","bundle_item_grouping":"","bundle_min_size":"","bundle_max_size":"","bundle_price":[],"bundled_items":[],"bundle_sell_ids":[],"acf":[],"_links":{"self":[{"href":"https:\/\/www.raschvin.com\/sv\/wp-json\/wp\/v2\/product\/101834","targetHints":{"allow":["GET"]}}],"collection":[{"href":"https:\/\/www.raschvin.com\/sv\/wp-json\/wp\/v2\/product"}],"about":[{"href":"https:\/\/www.raschvin.com\/sv\/wp-json\/wp\/v2\/types\/product"}],"wp:featuredmedia":[{"embeddable":true,"href":"https:\/\/www.raschvin.com\/sv\/wp-json\/wp\/v2\/media\/101884"}],"wp:attachment":[{"href":"https:\/\/www.raschvin.com\/sv\/wp-json\/wp\/v2\/media?parent=101834"}],"wp:term":[{"taxonomy":"product_brand","embeddable":true,"href":"https:\/\/www.raschvin.com\/sv\/wp-json\/wp\/v2\/product_brand?post=101834"},{"taxonomy":"product_cat","embeddable":true,"href":"https:\/\/www.raschvin.com\/sv\/wp-json\/wp\/v2\/product_cat?post=101834"},{"taxonomy":"product_tag","embeddable":true,"href":"https:\/\/www.raschvin.com\/sv\/wp-json\/wp\/v2\/product_tag?post=101834"}],"curies":[{"name":"wp","href":"https:\/\/api.w.org\/{rel}","templated":true}]}}