{"id":101672,"date":"2025-10-21T19:35:46","date_gmt":"2025-10-21T17:35:46","guid":{"rendered":"https:\/\/www.raschvin.com\/?post_type=product&#038;p=101672"},"modified":"2025-10-21T19:39:13","modified_gmt":"2025-10-21T17:39:13","slug":"hampden-estate-great-house-distillery-edition-2024-70-cl-57-kopier","status":"publish","type":"product","link":"https:\/\/www.raschvin.com\/sv\/produkt\/hampden-estate-great-house-distillery-edition-2024-70-cl-57-kopier\/","title":{"rendered":"Hampden Estate \u2013 Great House Distillery Edition 2025 70 cl. 57%"},"content":{"rendered":"<p>Hampden Estate sl\u00e4pper varje \u00e5r en ny utg\u00e5va av sin popul\u00e4ra \u201dGreat House\u201d \u2013 en hyllning till den storslagna, gamla residensen fr\u00e5n 1779, som fortfarande st\u00e5r kvar p\u00e5 egendomen. V\u00e5ningen en trappa upp anv\u00e4ndes f\u00f6r romlagring fram till 1900-talet. I dag \u00e4r huset platsen d\u00e4r man tar emot bes\u00f6kare och romn\u00f6rdar som gjort pilgrimsresan till Jamaica. Romen \u00e4r 100 % tropiskt lagrad, pot still-rom (en blandning av olika marks). Buteljerad vid 57 % vol. Som vanligt finns den i begr\u00e4nsad m\u00e4ngd.<\/p>\n<p>F\u00e4rg: Djupt gyllene.<br \/>\nDoft: T\u00e4t och rik med toner av fermenterad ananas, vanilj och kandiserad ingef\u00e4ra.<br \/>\nSmak: Intens rom med massor av tropisk frukt \u2013 s\u00e4rskilt banan \u2013 lakrits och en touch av chili. Lager p\u00e5 lager, komplex med kryddig eftersmak.<br \/>\nServeringsf\u00f6rslag: Avnjuts b\u00e4st rent.<\/p>\n","protected":false},"excerpt":{"rendered":"<p>Old Pure Single Jamaican Rum<\/p>\n","protected":false},"featured_media":101766,"template":"","meta":{"_acf_changed":false,"rs_blank_template":"","rs_page_bg_color":"","slide_template_v7":""},"product_brand":[],"product_cat":[2387,4634,2391],"product_tag":[],"class_list":{"0":"post-101672","1":"product","2":"type-product","3":"status-publish","4":"has-post-thumbnail","6":"product_cat-avec-sv","7":"product_cat-premium-aged-sv","8":"product_cat-rom-sv","9":"pa_aargang-2025-sv","10":"pa_land-jamaica-sv","11":"pa_procent-57-sv","12":"pa_producent-velier-sv","13":"pa_volume-70-sv-2","15":"first","16":"instock","17":"sale","18":"taxable","19":"shipping-taxable","20":"purchasable","21":"product-type-simple"},"bundled_by":[],"bundle_stock_status":"instock","bundle_stock_quantity":null,"bundle_virtual":false,"bundle_layout":"","bundle_add_to_cart_form_location":"","bundle_editable_in_cart":false,"bundle_sold_individually_context":"","bundle_item_grouping":"","bundle_min_size":"","bundle_max_size":"","bundle_price":[],"bundled_items":[],"bundle_sell_ids":[],"acf":[],"_links":{"self":[{"href":"https:\/\/www.raschvin.com\/sv\/wp-json\/wp\/v2\/product\/101672","targetHints":{"allow":["GET"]}}],"collection":[{"href":"https:\/\/www.raschvin.com\/sv\/wp-json\/wp\/v2\/product"}],"about":[{"href":"https:\/\/www.raschvin.com\/sv\/wp-json\/wp\/v2\/types\/product"}],"wp:featuredmedia":[{"embeddable":true,"href":"https:\/\/www.raschvin.com\/sv\/wp-json\/wp\/v2\/media\/101766"}],"wp:attachment":[{"href":"https:\/\/www.raschvin.com\/sv\/wp-json\/wp\/v2\/media?parent=101672"}],"wp:term":[{"taxonomy":"product_brand","embeddable":true,"href":"https:\/\/www.raschvin.com\/sv\/wp-json\/wp\/v2\/product_brand?post=101672"},{"taxonomy":"product_cat","embeddable":true,"href":"https:\/\/www.raschvin.com\/sv\/wp-json\/wp\/v2\/product_cat?post=101672"},{"taxonomy":"product_tag","embeddable":true,"href":"https:\/\/www.raschvin.com\/sv\/wp-json\/wp\/v2\/product_tag?post=101672"}],"curies":[{"name":"wp","href":"https:\/\/api.w.org\/{rel}","templated":true}]}}