{"id":101669,"date":"2025-10-21T19:31:37","date_gmt":"2025-10-21T17:31:37","guid":{"rendered":"https:\/\/www.raschvin.com\/produkt\/delmas-sjr-syrah-2019-75-cl\/"},"modified":"2025-10-21T19:31:37","modified_gmt":"2025-10-21T17:31:37","slug":"delmas-sjr-syrah-2019-75-cl","status":"publish","type":"product","link":"https:\/\/www.raschvin.com\/sv\/produkt\/delmas-sjr-syrah-2019-75-cl\/","title":{"rendered":"Delmas SJR Syrah 2019 75 cl."},"content":{"rendered":"<p>\u201cJag har banne mig inte upplevt n\u00e5got liknande.\u201d<br \/>\nGastromand.dk<\/p>\n<p>Detta vin visar p\u00e5 ett str\u00e5lande s\u00e4tt alla SJR-ving\u00e5rdens fr\u00e4msta egenskaper: elegans, harmoni, finess och en medryckande k\u00e4nsla av plats. Precis som m\u00e5nga tidigare Delmas-viner tillfredsst\u00e4ller det b\u00e5de intellektet och gommen. T\u00e5lamod kommer att bel\u00f6nas; vinet b\u00f6r n\u00e5 en h\u00e4rlig mognadsfas om 7\u20139 \u00e5r och h\u00e5lla i cirka 15+ \u00e5r.<\/p>\n<p>Framst\u00e4llt av 92,5 % Syrah och 7,5 % Viognier fr\u00e5n SJR Vineyard\u2019s egna odlingar. Cold soak vid 13 \u00b0C f\u00f6re j\u00e4sning med regelbundna nedtryckningar 2\u20133 g\u00e5nger dagligen. Lagrad sur lie i 17 m\u00e5nader p\u00e5 fransk ek. Buteljerad ofiltrerad i en mycket begr\u00e4nsad utg\u00e5va p\u00e5 endast 450 flaskor.<\/p>\n<p>F\u00e4rg: Djup purpurr\u00f6d nyans.<\/p>\n<p>Doft: Komplex bukett av viol, lakrits och damsonplommon.<\/p>\n<p>Smak: Bj\u00f6rnb\u00e4r, torkade \u00f6rter, baconfett, gl\u00f6dande r\u00f6kelse och m\u00f6rk choklad. Rikt texturerad och livlig i gommen med tydliga toner av svart plommon, hallon, tryffel, muskot, lakrits, vitpeppar och stenig mineralitet. Subtila inslag av espresso, salvia och vanilj finns ocks\u00e5.<\/p>\n<p>Serveringsf\u00f6rslag: Vi rekommenderar starkt att \u00f6ppna Delmas Syrah minst 2\u20133 timmar f\u00f6re servering och att dekantera om m\u00f6jligt.<\/p>\n<p>I h\u00f6rnet av Lower Dry Creek och County Road i Milton-Freewater, i den sydv\u00e4stra delen av The Rocks District, hittar du SJR Vineyard. Delmas har sin bas i Walla Walla.<\/p>\n<p>\u00c5r 2007 grundade Mary och Steve Robertson SJR Vineyard p\u00e5 tio hektar. Ytterligare tre hektar tillkom 2017. Fr\u00e5n b\u00f6rjan har familjen Robertsons m\u00e5l varit att skapa en ving\u00e5rd i v\u00e4rldsklass med fokus p\u00e5 Syrah, Viognier och Grenache. Det \u00e4r i h\u00f6gsta grad ett familjeprojekt med direkt och aktivt engagemang fr\u00e5n varje familjemedlem. Brooke Robertson s\u00e4tter kursen fram\u00e5t f\u00f6r egendomen och implementerar banbrytande vinodlingsmetoder. Varje rad och druvsort hanteras individuellt med bed\u00f6mning av l\u00e4mplig uppbindning, besk\u00e4rningsgrad samt n\u00e4rings- och bevattningsstrategier.<\/p>\n","protected":false},"excerpt":{"rendered":"<p>Washington &#8211; USA<\/p>\n","protected":false},"featured_media":101733,"template":"","meta":{"_acf_changed":false,"rs_blank_template":"","rs_page_bg_color":"","slide_template_v7":""},"product_brand":[],"product_cat":[2788,2798],"product_tag":[],"class_list":{"0":"post-101669","1":"product","2":"type-product","3":"status-publish","4":"has-post-thumbnail","6":"product_cat-vin-sv","7":"product_cat-roedvin-sv","8":"pa_aargang-2019-sv","9":"pa_drue-syrah-sv","10":"pa_drue-viognier-sv","11":"pa_land-usa-sv","12":"pa_procent-13-5-sv","13":"pa_producent-sjr-vineyard-sv","14":"pa_region-washington-state-sv","15":"pa_serveringstemperatur-18-20-sv","16":"pa_volume-75-sv","18":"first","19":"instock","20":"sale","21":"taxable","22":"shipping-taxable","23":"purchasable","24":"product-type-simple"},"bundled_by":[],"bundle_stock_status":"instock","bundle_stock_quantity":null,"bundle_virtual":false,"bundle_layout":"","bundle_add_to_cart_form_location":"","bundle_editable_in_cart":false,"bundle_sold_individually_context":"","bundle_item_grouping":"","bundle_min_size":"","bundle_max_size":"","bundle_price":[],"bundled_items":[],"bundle_sell_ids":[],"acf":[],"_links":{"self":[{"href":"https:\/\/www.raschvin.com\/sv\/wp-json\/wp\/v2\/product\/101669","targetHints":{"allow":["GET"]}}],"collection":[{"href":"https:\/\/www.raschvin.com\/sv\/wp-json\/wp\/v2\/product"}],"about":[{"href":"https:\/\/www.raschvin.com\/sv\/wp-json\/wp\/v2\/types\/product"}],"wp:featuredmedia":[{"embeddable":true,"href":"https:\/\/www.raschvin.com\/sv\/wp-json\/wp\/v2\/media\/101733"}],"wp:attachment":[{"href":"https:\/\/www.raschvin.com\/sv\/wp-json\/wp\/v2\/media?parent=101669"}],"wp:term":[{"taxonomy":"product_brand","embeddable":true,"href":"https:\/\/www.raschvin.com\/sv\/wp-json\/wp\/v2\/product_brand?post=101669"},{"taxonomy":"product_cat","embeddable":true,"href":"https:\/\/www.raschvin.com\/sv\/wp-json\/wp\/v2\/product_cat?post=101669"},{"taxonomy":"product_tag","embeddable":true,"href":"https:\/\/www.raschvin.com\/sv\/wp-json\/wp\/v2\/product_tag?post=101669"}],"curies":[{"name":"wp","href":"https:\/\/api.w.org\/{rel}","templated":true}]}}