{"id":101648,"date":"2025-10-21T17:21:52","date_gmt":"2025-10-21T15:21:52","guid":{"rendered":"https:\/\/www.raschvin.com\/?post_type=product&#038;p=101648"},"modified":"2025-10-21T17:27:47","modified_gmt":"2025-10-21T15:27:47","slug":"planteray-rum-cut-dry-coconut-rum-70-cl-40-kopier","status":"publish","type":"product","link":"https:\/\/www.raschvin.com\/sv\/produkt\/planteray-rum-cut-dry-coconut-rum-70-cl-40-kopier\/","title":{"rendered":"Planteray Rum &#8211; Mister Fogg Navy Rum 70 cl. 55,7%"},"content":{"rendered":"<p>Den l\u00e4nge efterl\u00e4ngtade Mister Fogg har \u00e4ntligen lagt till i Danmark! Denna suver\u00e4na karibiska blend \u00e4r Planterays tolkning av en klassisk navy rum. Du k\u00e4nner s\u00e4kert till historien om rommen som serverades i den brittiska flottan \u2013 och om inte, kan du l\u00e4sa om den h\u00e4r.<\/p>\n<p>Receptet \u00e4r inspirerat av originalet. 43 % kommer fr\u00e5n Barbados, 36 % fr\u00e5n Trinidad, 17 % fr\u00e5n Guyana och 4 % fr\u00e5n Jamaica, d\u00e4r Long Pond och Clarendon s\u00e4tter sista pricken \u00f6ver i. Den lagras f\u00f6rst p\u00e5 bourbonfat i respektive ursprungsland och efter en l\u00e5ng sj\u00f6resa lagras den i upp till 3 \u00e5r i wooden vats \u2013 stora, \u00f6ppna tr\u00e4kar \u2013 i Cognac, Frankrike. H\u00e4r tillf\u00f6rs gott om syre, vilket efterliknar hur navy-rom blandades f\u00f6rr i tiden.<\/p>\n<p>Buteljerad vid kraftiga 55,7 % vol. och med en dosering p\u00e5 4,8 g socker\/l.<br \/>\nF\u00e4rg: B\u00e4rnsten.<\/p>\n<p>Doft: En kraftfull doft av torkad frukt, m\u00f6rk choklad, vanilj och apelsinskal.<br \/>\nSmak: Rik och fyllig med r\u00f6kiga toner, melass, kola och mogen frukt. L\u00e5ng eftersmak med l\u00e4tt s\u00f6tma.<\/p>\n<p>Serveringsf\u00f6rslag: Avnjuts rent eller i cocktails. Splice the mainbrace!<\/p>\n","protected":false},"excerpt":{"rendered":"<p>Artisanal Rum \u2013 Product of France<\/p>\n","protected":false},"featured_media":108563,"template":"","meta":{"_acf_changed":false,"rs_blank_template":"","rs_page_bg_color":"","slide_template_v7":""},"product_brand":[],"product_cat":[2387,4624,8359,2391,4631],"product_tag":[],"class_list":{"0":"post-101648","1":"product","2":"type-product","3":"status-publish","4":"has-post-thumbnail","6":"product_cat-avec-sv","7":"product_cat-dark-sv","8":"product_cat-planteray-sv","9":"product_cat-rom-sv","10":"product_cat-spiced-sv","11":"pa_land-barbados-sv","12":"pa_land-guyana-sv","13":"pa_land-jamaica-sv","14":"pa_land-trinidad-sv","15":"pa_procent-57-7-sv","16":"pa_producent-maison-ferrand-sv","17":"pa_volume-70-sv-2","19":"first","20":"instock","21":"sale","22":"taxable","23":"shipping-taxable","24":"purchasable","25":"product-type-simple"},"bundled_by":[],"bundle_stock_status":"instock","bundle_stock_quantity":null,"bundle_virtual":false,"bundle_layout":"","bundle_add_to_cart_form_location":"","bundle_editable_in_cart":false,"bundle_sold_individually_context":"","bundle_item_grouping":"","bundle_min_size":"","bundle_max_size":"","bundle_price":[],"bundled_items":[],"bundle_sell_ids":[],"acf":[],"_links":{"self":[{"href":"https:\/\/www.raschvin.com\/sv\/wp-json\/wp\/v2\/product\/101648","targetHints":{"allow":["GET"]}}],"collection":[{"href":"https:\/\/www.raschvin.com\/sv\/wp-json\/wp\/v2\/product"}],"about":[{"href":"https:\/\/www.raschvin.com\/sv\/wp-json\/wp\/v2\/types\/product"}],"wp:featuredmedia":[{"embeddable":true,"href":"https:\/\/www.raschvin.com\/sv\/wp-json\/wp\/v2\/media\/108563"}],"wp:attachment":[{"href":"https:\/\/www.raschvin.com\/sv\/wp-json\/wp\/v2\/media?parent=101648"}],"wp:term":[{"taxonomy":"product_brand","embeddable":true,"href":"https:\/\/www.raschvin.com\/sv\/wp-json\/wp\/v2\/product_brand?post=101648"},{"taxonomy":"product_cat","embeddable":true,"href":"https:\/\/www.raschvin.com\/sv\/wp-json\/wp\/v2\/product_cat?post=101648"},{"taxonomy":"product_tag","embeddable":true,"href":"https:\/\/www.raschvin.com\/sv\/wp-json\/wp\/v2\/product_tag?post=101648"}],"curies":[{"name":"wp","href":"https:\/\/api.w.org\/{rel}","templated":true}]}}