{"id":101644,"date":"2025-10-21T17:15:17","date_gmt":"2025-10-21T15:15:17","guid":{"rendered":"https:\/\/www.raschvin.com\/?post_type=product&#038;p=101644"},"modified":"2025-10-21T17:19:23","modified_gmt":"2025-10-21T15:19:23","slug":"nikka-whisky-from-the-barrel-50-cl-514-kopier","status":"publish","type":"product","link":"https:\/\/www.raschvin.com\/sv\/produkt\/nikka-whisky-from-the-barrel-50-cl-514-kopier\/","title":{"rendered":"Nikka Whisky From the Barrel Extra Marriage 50 cl. 51,4%"},"content":{"rendered":"<p>\u00c5r 2025 firar Japans mest ikoniska whisky, Nikka From the Barrel, 40-\u00e5rsjubileum!<\/p>\n<p>Nikka uppm\u00e4rksammar detta med en ny limiterad utg\u00e5va av den \u00e4lskade blandningen i den knubbiga flaskan, med namnet \u201dExtra Marriage\u201d.<br \/>\nFrom the Barrel \u00e4r en blend av \u00f6ver 100 olika komponenter: single malt fr\u00e5n Miyagikyo och Yoichi samt grain whisky \u2013 fr\u00e4mst majs \u2013 fr\u00e5n b\u00e5de Nikkas egna Coffey-stills och fr\u00e5n utlandet. N\u00e4r master blendern har kombinerat de olika batcherna lagras den slutliga blenden ytterligare en tid p\u00e5 fat. Denna del av processen kallas \u201dmarriage\u201d. I Extra Marriage varar \u00e4ktenskapet \u00e4nnu l\u00e4ngre \u2013 upp till 6 m\u00e5nader, vilket \u00e4r dubbelt s\u00e5 l\u00e5ng tid som normalt.<\/p>\n<p>F\u00e4rg: B\u00e4rnsten.<br \/>\nDoft: Djup och rik med bivax och honung, muskotn\u00f6t och karamelliserad ananas.<br \/>\nSmak: Fyllig och kraftfull. Rostat malt, honungskaka, ingef\u00e4ra, ljung och ljus choklad.<\/p>\n<p>Serveringsf\u00f6rslag: Avnjut den rent \u2013 eller i cocktails om du v\u00e5gar. Den \u00e4r fantastisk i en Old Fashioned!<\/p>\n","protected":false},"excerpt":{"rendered":"<p>Japanese Whisky \u2013 Produced By The Nikka Whisky Distilling Co. Ltd Japan<\/p>\n","protected":false},"featured_media":101781,"template":"","meta":{"_acf_changed":false,"rs_blank_template":"","rs_page_bg_color":"","slide_template_v7":""},"product_brand":[],"product_cat":[2387,4765,2392],"product_tag":[],"class_list":{"0":"post-101644","1":"product","2":"type-product","3":"status-publish","4":"has-post-thumbnail","6":"product_cat-avec-sv","7":"product_cat-blended-sv","8":"product_cat-whisky-sv","9":"pa_land-japan-sv","10":"pa_procent-51-4-sv","11":"pa_producent-nikka-sv","12":"pa_volume-50-sv","14":"first","15":"instock","16":"sale","17":"taxable","18":"shipping-taxable","19":"purchasable","20":"product-type-simple"},"bundled_by":[],"bundle_stock_status":"instock","bundle_stock_quantity":null,"bundle_virtual":false,"bundle_layout":"","bundle_add_to_cart_form_location":"","bundle_editable_in_cart":false,"bundle_sold_individually_context":"","bundle_item_grouping":"","bundle_min_size":"","bundle_max_size":"","bundle_price":[],"bundled_items":[],"bundle_sell_ids":[],"acf":[],"_links":{"self":[{"href":"https:\/\/www.raschvin.com\/sv\/wp-json\/wp\/v2\/product\/101644","targetHints":{"allow":["GET"]}}],"collection":[{"href":"https:\/\/www.raschvin.com\/sv\/wp-json\/wp\/v2\/product"}],"about":[{"href":"https:\/\/www.raschvin.com\/sv\/wp-json\/wp\/v2\/types\/product"}],"wp:featuredmedia":[{"embeddable":true,"href":"https:\/\/www.raschvin.com\/sv\/wp-json\/wp\/v2\/media\/101781"}],"wp:attachment":[{"href":"https:\/\/www.raschvin.com\/sv\/wp-json\/wp\/v2\/media?parent=101644"}],"wp:term":[{"taxonomy":"product_brand","embeddable":true,"href":"https:\/\/www.raschvin.com\/sv\/wp-json\/wp\/v2\/product_brand?post=101644"},{"taxonomy":"product_cat","embeddable":true,"href":"https:\/\/www.raschvin.com\/sv\/wp-json\/wp\/v2\/product_cat?post=101644"},{"taxonomy":"product_tag","embeddable":true,"href":"https:\/\/www.raschvin.com\/sv\/wp-json\/wp\/v2\/product_tag?post=101644"}],"curies":[{"name":"wp","href":"https:\/\/api.w.org\/{rel}","templated":true}]}}