{"id":101641,"date":"2025-10-21T17:07:46","date_gmt":"2025-10-21T15:07:46","guid":{"rendered":"https:\/\/www.raschvin.com\/produkt\/savanna-artist-edition-art-of-rum-by-repy-3-70-cl-57\/"},"modified":"2025-10-21T17:07:46","modified_gmt":"2025-10-21T15:07:46","slug":"savanna-artist-edition-art-of-rum-by-repy-3-70-cl-57","status":"publish","type":"product","link":"https:\/\/www.raschvin.com\/sv\/produkt\/savanna-artist-edition-art-of-rum-by-repy-3-70-cl-57\/","title":{"rendered":"Savanna Artist Edition Art of Rum by REPY #3 70 cl. 57%"},"content":{"rendered":"<p>Vi \u00e4lskar Savannas Art of Rum-serie, och med denna tredje utg\u00e5va har de verkligen lyckats: flaskan \u2013 utsmyckad av konstn\u00e4ren Repy (temat f\u00f6r serien) \u2013 inneh\u00e5ller en rom som best\u00e5r av b\u00e5de rhum agricole och grand ar\u00f4me, blandade direkt i fatet av Savannas k\u00e4llarm\u00e4stare. Och ja, det r\u00f6r sig om cognacfat. Den \u00e4r buteljerad vid 57 % vol. och utan tillsatt socker eller f\u00e4rg\u00e4mne.<\/p>\n<p>2 400 flaskor globalt.<\/p>\n<p>F\u00e4rg: Ljus kastanj.<br \/>\nDoft: Mintig, fruktig och komplex. \u00c4pple, havsbris och \u00e4delt tr\u00e4.<br \/>\nSmak: Kraftigt bett med l\u00e4tt s\u00f6t tropisk frukt, s\u00e4lta och l\u00e5ng eftersmak.<br \/>\nServeringsf\u00f6rslag: Avnjuts b\u00e4st rent.<\/p>\n<p>Destilleriet Savanna, bel\u00e4get p\u00e5 \u00f6n R\u00e9union, \u00e4r erk\u00e4nt f\u00f6r sin beh\u00e4rskning av komplexa aromatiska profiler och sin innovationskraft. Denna Artist Edition \u2013 Art of Rum av REPY illustrerar det utm\u00e4rkt. Tv\u00e5 vita rom fr\u00e5n 2019 \u2013 en agricole och en grand ar\u00f4me \u2013 blandades under AGA-beteckningen innan de lagrades i fyra \u00e5r i k\u00e4llare nr. 4, en fuktig milj\u00f6 som gynnar intensiv och originell mognad. Resultatet \u00e4r en rom buteljerad vid 57 % vol., rik och uttrycksfull.<\/p>\n<p>Det visuella uttrycket f\u00f6r denna cuv\u00e9e anf\u00f6rtroddes REPY, en konstn\u00e4r fr\u00e5n R\u00e9union med passion f\u00f6r skrift och grafiska former, vars arbete f\u00f6renar graffiti, illustration och bokstavsm\u00e5leri. Samarbetet mellan urban konst och romtradition ger en samtida tolkning av det r\u00e9unionnesiska hantverket.<\/p>\n","protected":false},"excerpt":{"rendered":"<p>Reunion Island Rum <\/p>\n","protected":false},"featured_media":101769,"template":"","meta":{"_acf_changed":false,"rs_blank_template":"","rs_page_bg_color":"","slide_template_v7":""},"product_brand":[],"product_cat":[2387,4634,2391],"product_tag":[],"class_list":{"0":"post-101641","1":"product","2":"type-product","3":"status-publish","4":"has-post-thumbnail","6":"product_cat-avec-sv","7":"product_cat-premium-aged-sv","8":"product_cat-rom-sv","9":"pa_land-oen-reunion","10":"pa_procent-57-sv","11":"pa_producent-savanna-sv","12":"pa_volume-70-sv-2","14":"first","15":"instock","16":"sale","17":"taxable","18":"shipping-taxable","19":"purchasable","20":"product-type-simple"},"bundled_by":[],"bundle_stock_status":"instock","bundle_stock_quantity":null,"bundle_virtual":false,"bundle_layout":"","bundle_add_to_cart_form_location":"","bundle_editable_in_cart":false,"bundle_sold_individually_context":"","bundle_item_grouping":"","bundle_min_size":"","bundle_max_size":"","bundle_price":[],"bundled_items":[],"bundle_sell_ids":[],"acf":[],"_links":{"self":[{"href":"https:\/\/www.raschvin.com\/sv\/wp-json\/wp\/v2\/product\/101641","targetHints":{"allow":["GET"]}}],"collection":[{"href":"https:\/\/www.raschvin.com\/sv\/wp-json\/wp\/v2\/product"}],"about":[{"href":"https:\/\/www.raschvin.com\/sv\/wp-json\/wp\/v2\/types\/product"}],"wp:featuredmedia":[{"embeddable":true,"href":"https:\/\/www.raschvin.com\/sv\/wp-json\/wp\/v2\/media\/101769"}],"wp:attachment":[{"href":"https:\/\/www.raschvin.com\/sv\/wp-json\/wp\/v2\/media?parent=101641"}],"wp:term":[{"taxonomy":"product_brand","embeddable":true,"href":"https:\/\/www.raschvin.com\/sv\/wp-json\/wp\/v2\/product_brand?post=101641"},{"taxonomy":"product_cat","embeddable":true,"href":"https:\/\/www.raschvin.com\/sv\/wp-json\/wp\/v2\/product_cat?post=101641"},{"taxonomy":"product_tag","embeddable":true,"href":"https:\/\/www.raschvin.com\/sv\/wp-json\/wp\/v2\/product_tag?post=101641"}],"curies":[{"name":"wp","href":"https:\/\/api.w.org\/{rel}","templated":true}]}}