{"id":101623,"date":"2025-10-21T16:07:15","date_gmt":"2025-10-21T14:07:15","guid":{"rendered":"https:\/\/www.raschvin.com\/?post_type=product&#038;p=101623"},"modified":"2025-10-21T16:21:01","modified_gmt":"2025-10-21T14:21:01","slug":"arran-10-years-old-arran-barley-70-cl-50-kopier","status":"publish","type":"product","link":"https:\/\/www.raschvin.com\/sv\/produkt\/arran-10-years-old-arran-barley-70-cl-50-kopier\/","title":{"rendered":"Arran 15 Years Old Rare Batch French Oak &#8211; Grand Cru Casks 70 cl. 52,5%"},"content":{"rendered":"<p>Denna release \u00e4r en limiterad utg\u00e5va framtagen genom att sammanf\u00f6ra n\u00e5gra av v\u00e5ra mest s\u00e4llsynta fat till en unik buteljering.<\/p>\n<p>Det r\u00f6r sig om en begr\u00e4nsad utg\u00e5va p\u00e5 4 198 flaskor.<\/p>\n<p>F\u00f6rst lagrad i 7 \u00e5r p\u00e5 ex-bourbonfat. D\u00e4refter slutlagrad i ytterligare 8 \u00e5r p\u00e5 franska ekfat av Grand Cru, tidigare anv\u00e4nda f\u00f6r stilla vita viner fr\u00e5n en prestigefylld region i nord\u00f6stra Frankrike. V\u00e5r Arran Single Malt har vilat i dessa v\u00e4rdefulla fat i totalt 15 \u00e5r.<\/p>\n<p>SMAKNOTER<br \/>\nM\u00f6rkt b\u00e4rnstensf\u00e4rgad. Doften \u00e4r rik med Arrans typiska \u00e4ppeltoner, apelsinskal, citrus och ek. Smaken \u00e4r fyllig, t\u00e4t och intensiv med inslag av apelsinskal och bitter citrus, vanilj och m\u00f6rk choklad. Eftersmaken \u00e4r l\u00e5ng och omslutande. Citrus dr\u00f6jer sig kvar, f\u00f6ljt av allt tydligare ek, med en delikat nyans av m\u00f6rk choklad och maraschinok\u00f6rsb\u00e4r.<\/p>\n","protected":false},"excerpt":{"rendered":"<p>Single Malt Scotch Whisky<\/p>\n","protected":false},"featured_media":101706,"template":"","meta":{"_acf_changed":false,"rs_blank_template":"","rs_page_bg_color":"","slide_template_v7":""},"product_brand":[],"product_cat":[2387,4651,2392],"product_tag":[],"class_list":{"0":"post-101623","1":"product","2":"type-product","3":"status-publish","4":"has-post-thumbnail","6":"product_cat-avec-sv","7":"product_cat-single-malt-sv","8":"product_cat-whisky-sv","9":"pa_champagne-type-single-cask-sv","10":"pa_land-skottland","11":"pa_procent-52-5-sv","12":"pa_producent-arran-sv","13":"pa_region-island-sv","14":"pa_traefad-bourbon-sv","15":"pa_traefad-french-oak-sv","16":"pa_volume-70-sv-2","18":"first","19":"instock","20":"taxable","21":"shipping-taxable","22":"purchasable","23":"product-type-simple"},"bundled_by":[],"bundle_stock_status":"instock","bundle_stock_quantity":null,"bundle_virtual":false,"bundle_layout":"","bundle_add_to_cart_form_location":"","bundle_editable_in_cart":false,"bundle_sold_individually_context":"","bundle_item_grouping":"","bundle_min_size":"","bundle_max_size":"","bundle_price":[],"bundled_items":[],"bundle_sell_ids":[],"acf":[],"_links":{"self":[{"href":"https:\/\/www.raschvin.com\/sv\/wp-json\/wp\/v2\/product\/101623","targetHints":{"allow":["GET"]}}],"collection":[{"href":"https:\/\/www.raschvin.com\/sv\/wp-json\/wp\/v2\/product"}],"about":[{"href":"https:\/\/www.raschvin.com\/sv\/wp-json\/wp\/v2\/types\/product"}],"wp:featuredmedia":[{"embeddable":true,"href":"https:\/\/www.raschvin.com\/sv\/wp-json\/wp\/v2\/media\/101706"}],"wp:attachment":[{"href":"https:\/\/www.raschvin.com\/sv\/wp-json\/wp\/v2\/media?parent=101623"}],"wp:term":[{"taxonomy":"product_brand","embeddable":true,"href":"https:\/\/www.raschvin.com\/sv\/wp-json\/wp\/v2\/product_brand?post=101623"},{"taxonomy":"product_cat","embeddable":true,"href":"https:\/\/www.raschvin.com\/sv\/wp-json\/wp\/v2\/product_cat?post=101623"},{"taxonomy":"product_tag","embeddable":true,"href":"https:\/\/www.raschvin.com\/sv\/wp-json\/wp\/v2\/product_tag?post=101623"}],"curies":[{"name":"wp","href":"https:\/\/api.w.org\/{rel}","templated":true}]}}