{"id":101616,"date":"2025-10-21T15:33:58","date_gmt":"2025-10-21T13:33:58","guid":{"rendered":"https:\/\/www.raschvin.com\/?post_type=product&#038;p=101616"},"modified":"2025-10-21T15:56:50","modified_gmt":"2025-10-21T13:56:50","slug":"arran-10-years-old-70-cl-46-kopier-2","status":"publish","type":"product","link":"https:\/\/www.raschvin.com\/sv\/produkt\/arran-10-years-old-70-cl-46-kopier-2\/","title":{"rendered":"Arran 10 Years Old Arran Barley 70 cl. 50%"},"content":{"rendered":"<p>Denna limiterade utg\u00e5va \u00e4r destillerad p\u00e5 Lochranza Distillery av m\u00e4ltat korn odlat p\u00e5 Isle of Arran \u2013 bland annat hos Currie-familjens Bellevue Farm n\u00e4ra Blackwaterfoot. Initiativet st\u00e4rker sp\u00e5rbarhet och \u00f6-terroir genom att anv\u00e4nda lokalt odlat korn.<\/p>\n<p>Mognad &#038; stil<br \/>\nWhiskyn \u00e4r buteljerad vid 50 % vol. och visar Arrans fruktiga husstil i ett mer koncentrerat uttryck. Liksom andra Arran-buteljeringar \u00e4r den non-chill filtered och utan sockerkul\u00f6r f\u00f6r att bevara den naturliga karakt\u00e4ren.<\/p>\n<p>Smaknoter<br \/>\nDoft: frisk frukt och citrus \u00f6ver honung och vanilj, med en hint av \u00f6rter och anis.<br \/>\nSmak: fyllig och livlig; kryddig v\u00e4rme (ingef\u00e4ra), s\u00f6t ek, mogna \u00e4pplen samt ett kornigt inslag fr\u00e5n den lokala r\u00e5varan.<\/p>\n<p>Finish: medell\u00e5ng till l\u00e5ng, torr och ren med citrus och mild kryddighet.<br \/>\nServering<br \/>\nAvnjuts g\u00e4rna rent vid 16\u201318 \u00b0C; n\u00e5gra droppar vatten lyfter frukten och vaniljen.<br \/>\nPassar som aperitif eller till fasta komj\u00f6lksostar och r\u00f6kt lax.<\/p>\n<p>Bakgrund<br \/>\nBellevue Farm odlar korn \u00e5t \u00f6ns destillerier och arbetar cirkul\u00e4rt d\u00e4r dravet \u00e5terf\u00f6rs som foder. Destilleriet i Lochranza grundades 1995 och \u00e4r k\u00e4nt f\u00f6r en naturlig whiskyfilosofi utan f\u00e4rg\u00e4mne och utan kylfiltrering.<\/p>\n<p>Fakta<br \/>\nUtg\u00e5va: Arran 10 Years \u201dArran Barley\u201d (limited edition)<br \/>\nUrsprung: Lochranza Distillery, Isle of Arran<br \/>\nKorn: Odlats p\u00e5 Arran (bl.a. Bellevue Farm)<br \/>\nStyrka: 50 % vol.<br \/>\nFiltrering\/f\u00e4rg: Non-chill filtered, naturlig f\u00e4rg<\/p>\n","protected":false},"excerpt":{"rendered":"<p>Single Malt Scotch Whisky<\/p>\n","protected":false},"featured_media":101703,"template":"","meta":{"_acf_changed":false,"rs_blank_template":"","rs_page_bg_color":"","slide_template_v7":""},"product_brand":[],"product_cat":[2387,4651,2392],"product_tag":[],"class_list":{"0":"post-101616","1":"product","2":"type-product","3":"status-publish","4":"has-post-thumbnail","6":"product_cat-avec-sv","7":"product_cat-single-malt-sv","8":"product_cat-whisky-sv","9":"pa_land-skottland","10":"pa_procent-50-sv","11":"pa_producent-arran-sv","12":"pa_region-island-sv","13":"pa_volume-70-sv-2","15":"first","16":"instock","17":"sale","18":"taxable","19":"shipping-taxable","20":"purchasable","21":"product-type-simple"},"bundled_by":[],"bundle_stock_status":"instock","bundle_stock_quantity":null,"bundle_virtual":false,"bundle_layout":"","bundle_add_to_cart_form_location":"","bundle_editable_in_cart":false,"bundle_sold_individually_context":"","bundle_item_grouping":"","bundle_min_size":"","bundle_max_size":"","bundle_price":[],"bundled_items":[],"bundle_sell_ids":[],"acf":[],"_links":{"self":[{"href":"https:\/\/www.raschvin.com\/sv\/wp-json\/wp\/v2\/product\/101616","targetHints":{"allow":["GET"]}}],"collection":[{"href":"https:\/\/www.raschvin.com\/sv\/wp-json\/wp\/v2\/product"}],"about":[{"href":"https:\/\/www.raschvin.com\/sv\/wp-json\/wp\/v2\/types\/product"}],"wp:featuredmedia":[{"embeddable":true,"href":"https:\/\/www.raschvin.com\/sv\/wp-json\/wp\/v2\/media\/101703"}],"wp:attachment":[{"href":"https:\/\/www.raschvin.com\/sv\/wp-json\/wp\/v2\/media?parent=101616"}],"wp:term":[{"taxonomy":"product_brand","embeddable":true,"href":"https:\/\/www.raschvin.com\/sv\/wp-json\/wp\/v2\/product_brand?post=101616"},{"taxonomy":"product_cat","embeddable":true,"href":"https:\/\/www.raschvin.com\/sv\/wp-json\/wp\/v2\/product_cat?post=101616"},{"taxonomy":"product_tag","embeddable":true,"href":"https:\/\/www.raschvin.com\/sv\/wp-json\/wp\/v2\/product_tag?post=101616"}],"curies":[{"name":"wp","href":"https:\/\/api.w.org\/{rel}","templated":true}]}}