{"id":101158,"date":"2025-10-17T07:42:52","date_gmt":"2025-10-17T05:42:52","guid":{"rendered":"https:\/\/www.raschvin.com\/?post_type=product&#038;p=101158"},"modified":"2026-04-15T08:33:31","modified_gmt":"2026-04-15T06:33:31","slug":"terra-verde-extra-old-sweet-xos-70-cl-40-kopier","status":"publish","type":"product","link":"https:\/\/www.raschvin.com\/sv\/produkt\/terra-verde-extra-old-sweet-xos-70-cl-40-kopier\/","title":{"rendered":"Terra Verde Chocolate Extra Old Sweet XOS 70 cl. 38%"},"content":{"rendered":"<p>Terra Verde Extra Old Sweet \u00e4r en dominikansk spritdryck av uts\u00f6kt kvalitet som bjuder p\u00e5 en mjuk, rund och mild smakprofil med tydliga toner av choklad. Denna sprit har lagrats p\u00e5 bourbonfat, vilket tillf\u00f6r djup och flera smaklager. Skapad med fokus p\u00e5 en s\u00f6tare smakprofil levererar Terra Verde Chocolate en unik och o\u00f6vertr\u00e4ffad smakupplevelse som talar till b\u00e5de sinnen och sj\u00e4l.<\/p>\n","protected":false},"excerpt":{"rendered":"<p>Dominican Republic Premium Aged Spirit Drink<\/p>\n","protected":false},"featured_media":101169,"template":"","meta":{"_acf_changed":false,"rs_blank_template":"","rs_page_bg_color":"","slide_template_v7":""},"product_brand":[],"product_cat":[2387,4634,2391],"product_tag":[],"class_list":{"0":"post-101158","1":"product","2":"type-product","3":"status-publish","4":"has-post-thumbnail","6":"product_cat-avec-sv","7":"product_cat-premium-aged-sv","8":"product_cat-rom-sv","9":"pa_land-dominikanska-republiken","10":"pa_procent-38-sv","11":"pa_producent-a-clean-spirit-sv","12":"pa_volume-70-sv-2","14":"first","15":"instock","16":"sale","17":"taxable","18":"shipping-taxable","19":"purchasable","20":"product-type-simple"},"bundled_by":[],"bundle_stock_status":"instock","bundle_stock_quantity":null,"bundle_virtual":false,"bundle_layout":"","bundle_add_to_cart_form_location":"","bundle_editable_in_cart":false,"bundle_sold_individually_context":"","bundle_item_grouping":"","bundle_min_size":"","bundle_max_size":"","bundle_price":[],"bundled_items":[],"bundle_sell_ids":[],"acf":[],"_links":{"self":[{"href":"https:\/\/www.raschvin.com\/sv\/wp-json\/wp\/v2\/product\/101158","targetHints":{"allow":["GET"]}}],"collection":[{"href":"https:\/\/www.raschvin.com\/sv\/wp-json\/wp\/v2\/product"}],"about":[{"href":"https:\/\/www.raschvin.com\/sv\/wp-json\/wp\/v2\/types\/product"}],"wp:featuredmedia":[{"embeddable":true,"href":"https:\/\/www.raschvin.com\/sv\/wp-json\/wp\/v2\/media\/101169"}],"wp:attachment":[{"href":"https:\/\/www.raschvin.com\/sv\/wp-json\/wp\/v2\/media?parent=101158"}],"wp:term":[{"taxonomy":"product_brand","embeddable":true,"href":"https:\/\/www.raschvin.com\/sv\/wp-json\/wp\/v2\/product_brand?post=101158"},{"taxonomy":"product_cat","embeddable":true,"href":"https:\/\/www.raschvin.com\/sv\/wp-json\/wp\/v2\/product_cat?post=101158"},{"taxonomy":"product_tag","embeddable":true,"href":"https:\/\/www.raschvin.com\/sv\/wp-json\/wp\/v2\/product_tag?post=101158"}],"curies":[{"name":"wp","href":"https:\/\/api.w.org\/{rel}","templated":true}]}}