{"id":100401,"date":"2025-10-10T06:40:08","date_gmt":"2025-10-10T04:40:08","guid":{"rendered":"https:\/\/www.raschvin.com\/?post_type=product&#038;p=100401"},"modified":"2025-10-10T06:47:13","modified_gmt":"2025-10-10T04:47:13","slug":"bornholmer-jule-akvavit-70-cl-42-kopier","status":"publish","type":"product","link":"https:\/\/www.raschvin.com\/sv\/produkt\/bornholmer-jule-akvavit-70-cl-42-kopier\/","title":{"rendered":"Aalborg Jule Akvavit 2025 70 cl. 47%"},"content":{"rendered":"<p>SK\u00c5L F\u00d6R DEN ORIGINALA JULSNAPSEN<\/p>\n<p>Serveringstemperatur:<br \/>\n-18 till +5\u00b0C<\/p>\n<p>AALBORG JULE AKVAVIT 2025 \u2013 Nr. 44<\/p>\n<p>HISTORIEN<br \/>\nAalborg Jule Akvavit bygger p\u00e5 gammaldags hantverkstraditioner. D\u00e4rf\u00f6r har den sin kraftiga karakt\u00e4r, h\u00f6ga kumminhalt och rustika smak. Receptet har varit detsamma sedan lanseringen i december 1982, men flaskans design har varierat fr\u00e5n jul till jul.<\/p>\n<p>Alkoholhalten ligger p\u00e5 47 %, vilket motsvarar 8 grader Spendrup \u2013 den gamla danska m\u00e5ttenheten f\u00f6r alkohol fr\u00e5n slutet av 1800-talet.<br \/>\nTraditionellt har Aalborg Jule Akvavit levererats i en elegant presentf\u00f6rpackning. Nya krav p\u00e5 minskad f\u00f6rpackning och ett \u00f6kat fokus p\u00e5 h\u00e5llbarhet inneb\u00e4r att presentasken inte l\u00e4ngre f\u00e5r produceras. Julen \u00e4r traditionernas h\u00f6gtid \u2013 och nu skapas en ny, d\u00e4r flaskan i sig \u00e4r t\u00e4nkt att pryda julbordet. \u00c5rets Aalborg Jule Akvavit kommer i en ovanligt vacker och designprisbel\u00f6nt flaska som hyllar dansk design och hantverk.<\/p>\n<p>NR. 44 \u2013 DEN ORIGINALA JULSNAPSEN<\/p>\n<p>Vi vill fira den danska sj\u00e4len, traditionen och andan \u2013 allt det som ryms i dubbelbetydelsen The Danish Spirit. \u00c5rets design blickar in i den danska julgemytligheten \u2013 hemmet, d\u00e4r vi samlas f\u00f6r att njuta av varandras s\u00e4llskap, snapsen och den goda julmaten.<\/p>\n<p>UPPLEVELSEN<br \/>\nAalborg Jule Akvavit framst\u00e4lls av destillat p\u00e5 kummin, dill och korianderfr\u00f6n. Doften och smaken har en robust karakt\u00e4r av kummin med en fin eftersmak av apelsin, mandel och citrus.<br \/>\nEn smak och kvalitet som g\u00e5ng p\u00e5 g\u00e5ng har imponerat p\u00e5 juryn vid International Wines and Spirits Contest (IWSC) \u2013 senast bel\u00f6nad med en guldmedalj och hela 95 po\u00e4ng av 100. Redan 2016 uts\u00e5gs Aalborg Jule Akvavit till v\u00e4rldens b\u00e4sta sprit.<\/p>\n<p>MATEN DEN PASSAR TILL<br \/>\nAalborg Jule Akvavit passar till n\u00e4stan all traditionell dansk julmat \u2013 fr\u00e5n inlagd sill och lax till fl\u00e4skstek, leverpastej och k\u00f6ttbullar med r\u00f6dbetor. Den \u00e4r ocks\u00e5 utm\u00e4rkt i en kopp julgl\u00f6gg och kan med f\u00f6rdel njutas som en liten snaps framf\u00f6r brasan en kall vinterkv\u00e4ll.<\/p>\n","protected":false},"excerpt":{"rendered":"<p>Christmas Aalborg Akvavit \u2013 Danish Akvavit<\/p>\n","protected":false},"featured_media":100410,"template":"","meta":{"_acf_changed":false,"rs_blank_template":"","rs_page_bg_color":"","slide_template_v7":""},"product_brand":[],"product_cat":[2393,2743,4463],"product_tag":[],"class_list":{"0":"post-100401","1":"product","2":"type-product","3":"status-publish","4":"has-post-thumbnail","6":"product_cat-akvavit-snaps-sv","7":"product_cat-brannvin-sv","8":"product_cat-jul","9":"pa_aargang-2025-sv","10":"pa_land-danmark-sv","11":"pa_procent-47-sv","12":"pa_producent-de-danske-spritfabrikker-sv","13":"pa_serveringstemperatur-18-5-sv","14":"pa_volume-70-sv-2","16":"first","17":"outofstock","18":"taxable","19":"shipping-taxable","20":"purchasable","21":"product-type-simple"},"bundled_by":[],"bundle_stock_status":"outofstock","bundle_stock_quantity":null,"bundle_virtual":false,"bundle_layout":"","bundle_add_to_cart_form_location":"","bundle_editable_in_cart":false,"bundle_sold_individually_context":"","bundle_item_grouping":"","bundle_min_size":"","bundle_max_size":"","bundle_price":[],"bundled_items":[],"bundle_sell_ids":[],"acf":[],"_links":{"self":[{"href":"https:\/\/www.raschvin.com\/sv\/wp-json\/wp\/v2\/product\/100401","targetHints":{"allow":["GET"]}}],"collection":[{"href":"https:\/\/www.raschvin.com\/sv\/wp-json\/wp\/v2\/product"}],"about":[{"href":"https:\/\/www.raschvin.com\/sv\/wp-json\/wp\/v2\/types\/product"}],"wp:featuredmedia":[{"embeddable":true,"href":"https:\/\/www.raschvin.com\/sv\/wp-json\/wp\/v2\/media\/100410"}],"wp:attachment":[{"href":"https:\/\/www.raschvin.com\/sv\/wp-json\/wp\/v2\/media?parent=100401"}],"wp:term":[{"taxonomy":"product_brand","embeddable":true,"href":"https:\/\/www.raschvin.com\/sv\/wp-json\/wp\/v2\/product_brand?post=100401"},{"taxonomy":"product_cat","embeddable":true,"href":"https:\/\/www.raschvin.com\/sv\/wp-json\/wp\/v2\/product_cat?post=100401"},{"taxonomy":"product_tag","embeddable":true,"href":"https:\/\/www.raschvin.com\/sv\/wp-json\/wp\/v2\/product_tag?post=100401"}],"curies":[{"name":"wp","href":"https:\/\/api.w.org\/{rel}","templated":true}]}}