{"id":100240,"date":"2025-10-09T10:24:49","date_gmt":"2025-10-09T08:24:49","guid":{"rendered":"https:\/\/www.raschvin.com\/?post_type=product&#038;p=100240"},"modified":"2025-10-09T10:33:17","modified_gmt":"2025-10-09T08:33:17","slug":"octomore-15-3-70-cl-613-kopier","status":"publish","type":"product","link":"https:\/\/www.raschvin.com\/sv\/produkt\/octomore-15-3-70-cl-613-kopier\/","title":{"rendered":"Octomore 16.3 70 cl. 61,6%"},"content":{"rendered":"<p><iframe loading=\"lazy\" title=\"Octomore 16.3 Tasting with Master Blender, Adam Hannett\" width=\"1080\" height=\"608\" src=\"https:\/\/www.youtube.com\/embed\/tm_Ys6vRe1g?feature=oembed\" frameborder=\"0\" allow=\"accelerometer; autoplay; clipboard-write; encrypted-media; gyroscope; picture-in-picture; web-share\" referrerpolicy=\"strict-origin-when-cross-origin\" allowfullscreen><\/iframe><\/p>\n<p>Denna eleganta single malt forts\u00e4tter Series 16-odysseen och utforskar bygg som odlats p\u00e5 Church Field p\u00e5 Octomore Farm, Islay. En symfoni av honungsmalt, rostat korn och karakteristisk jordighet m\u00f6ter delikata tr\u00e5dar av r\u00f6k och saltighet.<\/p>\n<p>&#8221;En Octomore i balans och \u00e5terh\u00e5llen kraft, som visar den elegans och komplexitet som uppst\u00e5r n\u00e4r fokus flyttas fr\u00e5n fads p\u00e5verkan till spritens egen karakt\u00e4r. Detta \u00e4r en whisky f\u00f6r eftertanke \u2013 en tyst j\u00e4tte som avsl\u00f6jar sina djup l\u00e5ngsamt och framh\u00e4ver samspelet mellan hemodlad bygg, r\u00f6k och den subtila florala essensen fr\u00e5n Islay.&#8221;<\/p>\n<p>SPECIFIKATIONER<br \/>\nBygg: 100% Concerto fr\u00e5n Octomore Farm, Islay<br \/>\nMaltning: Super heavily peated<br \/>\nDestillering: Destillerad 2019 fr\u00e5n sk\u00f6rden 2018<br \/>\n\u00c5lder: 5 \u00e5r<br \/>\nModning: Bourbon-, Sauternes- och Pedro Xim\u00e9nez-fat<br \/>\nFenolniv\u00e5: 189,5 PPM<br \/>\nAlkohol: 61,6% ABV<\/p>\n<p>F\u00e4rg: Winter Sand<\/p>\n<p>Doft: Blomstrande ljung och avl\u00e4gsen l\u00e4gereldsr\u00f6k. Mjuka toner av byggsocker och nybakat br\u00f6d f\u00f6rh\u00f6js av citronskal och gr\u00f6nt \u00e4ppelskal, underbyggt av subtila florala nyanser. Torvr\u00f6k finns d\u00e4r men \u00e4r \u00e5terh\u00e5llen.<\/p>\n<p>Smak: Honungsmalt, rostat korn och jordiga toner m\u00f6ter gommen. Frukter fr\u00e5n frukttr\u00e4dg\u00e5rd, citrus och en touch av vaniljs\u00f6tma f\u00f6ljer, medan delikata tr\u00e5dar av r\u00f6k och saltighet v\u00e4vs genom malten, som en mild kontrast till ljung och kokosaktig gorse.<\/p>\n<p>Eftersmak: Medell\u00e5ng, s\u00f6t malt med subtila florala toner som \u00f6verg\u00e5r i mild r\u00f6kighet fr\u00e5n ett strandb\u00e5l. Citrus och en touch av mineralitet dr\u00f6jer kvar.<\/p>\n","protected":false},"excerpt":{"rendered":"<p>Islay Single Malt Whisky<\/p>\n","protected":false},"featured_media":100302,"template":"","meta":{"_acf_changed":false,"rs_blank_template":"","rs_page_bg_color":"","slide_template_v7":""},"product_brand":[],"product_cat":[2387,8780,4651,2392],"product_tag":[],"class_list":{"0":"post-100240","1":"product","2":"type-product","3":"status-publish","4":"has-post-thumbnail","6":"product_cat-avec-sv","7":"product_cat-octomore","8":"product_cat-single-malt-sv","9":"product_cat-whisky-sv","10":"pa_land-skottland","11":"pa_procent-61-6-sv","12":"pa_producent-bruichladdich-sv","13":"pa_region-islay-sv","14":"pa_volume-70-sv-2","16":"first","17":"instock","18":"sale","19":"taxable","20":"shipping-taxable","21":"purchasable","22":"product-type-simple"},"bundled_by":[],"bundle_stock_status":"instock","bundle_stock_quantity":null,"bundle_virtual":false,"bundle_layout":"","bundle_add_to_cart_form_location":"","bundle_editable_in_cart":false,"bundle_sold_individually_context":"","bundle_item_grouping":"","bundle_min_size":"","bundle_max_size":"","bundle_price":[],"bundled_items":[],"bundle_sell_ids":[],"acf":[],"_links":{"self":[{"href":"https:\/\/www.raschvin.com\/sv\/wp-json\/wp\/v2\/product\/100240","targetHints":{"allow":["GET"]}}],"collection":[{"href":"https:\/\/www.raschvin.com\/sv\/wp-json\/wp\/v2\/product"}],"about":[{"href":"https:\/\/www.raschvin.com\/sv\/wp-json\/wp\/v2\/types\/product"}],"wp:featuredmedia":[{"embeddable":true,"href":"https:\/\/www.raschvin.com\/sv\/wp-json\/wp\/v2\/media\/100302"}],"wp:attachment":[{"href":"https:\/\/www.raschvin.com\/sv\/wp-json\/wp\/v2\/media?parent=100240"}],"wp:term":[{"taxonomy":"product_brand","embeddable":true,"href":"https:\/\/www.raschvin.com\/sv\/wp-json\/wp\/v2\/product_brand?post=100240"},{"taxonomy":"product_cat","embeddable":true,"href":"https:\/\/www.raschvin.com\/sv\/wp-json\/wp\/v2\/product_cat?post=100240"},{"taxonomy":"product_tag","embeddable":true,"href":"https:\/\/www.raschvin.com\/sv\/wp-json\/wp\/v2\/product_tag?post=100240"}],"curies":[{"name":"wp","href":"https:\/\/api.w.org\/{rel}","templated":true}]}}