{"id":100233,"date":"2025-10-09T10:09:14","date_gmt":"2025-10-09T08:09:14","guid":{"rendered":"https:\/\/www.raschvin.com\/?post_type=product&#038;p=100233"},"modified":"2025-10-09T10:19:57","modified_gmt":"2025-10-09T08:19:57","slug":"octomore-15-2-70-cl-579-kopier","status":"publish","type":"product","link":"https:\/\/www.raschvin.com\/sv\/produkt\/octomore-15-2-70-cl-579-kopier\/","title":{"rendered":"Octomore 16.2 70 cl. 58,1%"},"content":{"rendered":"<p><iframe loading=\"lazy\" title=\"Octomore 16.2 Tasting with Master Blender, Adam Hannett\" width=\"1080\" height=\"608\" src=\"https:\/\/www.youtube.com\/embed\/0Ygglrn0Zik?feature=oembed\" frameborder=\"0\" allow=\"accelerometer; autoplay; clipboard-write; encrypted-media; gyroscope; picture-in-picture; web-share\" referrerpolicy=\"strict-origin-when-cross-origin\" allowfullscreen><\/iframe><\/p>\n<p>Med samma batch av skotsk bygg, maltad till 101,4 PPM, har 16.2 lagrats p\u00e5 en noga utvald kombination av Oloroso- och Bordeauxfat, innan den avslutats p\u00e5 Madeira- och portugisiska Moscatel-fat, vilket ger en rik och komplex smak. Karamelliserat socker, rostade n\u00f6tter och torkad frukt dominerar, inb\u00e4ddade i s\u00f6t l\u00e4gereldsr\u00f6k.<\/p>\n<p>&#8221;Octomore 16.2 \u00e4r en fascinerande utforskning av kontraster. Den kraftfulla torvr\u00f6ken m\u00f6ter den rika, nyanserade s\u00f6tman fr\u00e5n avslutningsfaten. Resultatet \u00e4r en flerskiktad och djupt tillfredsst\u00e4llande dram, som visar b\u00e5de elegans och robust karakt\u00e4r. Detta \u00e4r en whisky som kr\u00e4ver uppm\u00e4rksamhet och bel\u00f6nar t\u00e5lamod, och avsl\u00f6jar sina nyanser i varje klunk.&#8221;<\/p>\n<p>SPECIFIKATIONER<br \/>\nBYGG: 100% Scottish Mainland Concerto<br \/>\nMALTNING: Super heavily peated<br \/>\nDESTILLERING: Destillerad 2019 fr\u00e5n sk\u00f6rden 2018<br \/>\n\u00c5LDER: 5 \u00e5r<br \/>\nMODNING: Oloroso- och Bordeauxfat, \u00e5terfatslagrad p\u00e5 Madeira- och Moscatel-fat det sista \u00e5ret<br \/>\nFENOLNIV\u00c5: 101,4 PPM<br \/>\nALKOHOL: 58,1% ABV<br \/>\nF\u00c4RG: Antique Copper<\/p>\n<p>DOFT: Mjuka torkade frukter blandas med Octomore\u2019s karakteristiska r\u00f6k. Solbakade tropiska frukter och delikata blommiga toner framtr\u00e4der fr\u00e5n jordig torv, tillsammans med subtila n\u00f6tiga toner och rostat ekfat. Kaprifol och apelsinblomma kompletterar med s\u00f6t r\u00f6k och en frisk, salt bris.<\/p>\n<p>SMAK: Rik och s\u00f6t r\u00f6k, f\u00f6ljt av karamelliserat socker, rostade n\u00f6tter och torkad frukt. Subtila inslag av kandiserad fruktskal och v\u00e4rmande kryddor. Den underliggande torven ger djup och komplexitet, och framkallar k\u00e4nslan av en l\u00e4gereld med en touch av havssalt.<\/p>\n<p>EFTERSMAK: L\u00e5ng, s\u00f6t och r\u00f6kt eftersmak med en krispig maritim friskhet och ih\u00e5llande tr\u00e4kryddor.<\/p>\n","protected":false},"excerpt":{"rendered":"<p>Islay Single Malt Whisky<\/p>\n","protected":false},"featured_media":100296,"template":"","meta":{"_acf_changed":false,"rs_blank_template":"","rs_page_bg_color":"","slide_template_v7":""},"product_brand":[],"product_cat":[2387,8780,4651,2392],"product_tag":[],"class_list":{"0":"post-100233","1":"product","2":"type-product","3":"status-publish","4":"has-post-thumbnail","6":"product_cat-avec-sv","7":"product_cat-octomore","8":"product_cat-single-malt-sv","9":"product_cat-whisky-sv","10":"pa_land-skottland","11":"pa_procent-58-1-sv","12":"pa_producent-bruichladdich-sv","13":"pa_region-islay-sv","14":"pa_volume-70-sv-2","16":"first","17":"instock","18":"sale","19":"taxable","20":"shipping-taxable","21":"purchasable","22":"product-type-simple"},"bundled_by":[],"bundle_stock_status":"instock","bundle_stock_quantity":null,"bundle_virtual":false,"bundle_layout":"","bundle_add_to_cart_form_location":"","bundle_editable_in_cart":false,"bundle_sold_individually_context":"","bundle_item_grouping":"","bundle_min_size":"","bundle_max_size":"","bundle_price":[],"bundled_items":[],"bundle_sell_ids":[],"acf":[],"_links":{"self":[{"href":"https:\/\/www.raschvin.com\/sv\/wp-json\/wp\/v2\/product\/100233","targetHints":{"allow":["GET"]}}],"collection":[{"href":"https:\/\/www.raschvin.com\/sv\/wp-json\/wp\/v2\/product"}],"about":[{"href":"https:\/\/www.raschvin.com\/sv\/wp-json\/wp\/v2\/types\/product"}],"wp:featuredmedia":[{"embeddable":true,"href":"https:\/\/www.raschvin.com\/sv\/wp-json\/wp\/v2\/media\/100296"}],"wp:attachment":[{"href":"https:\/\/www.raschvin.com\/sv\/wp-json\/wp\/v2\/media?parent=100233"}],"wp:term":[{"taxonomy":"product_brand","embeddable":true,"href":"https:\/\/www.raschvin.com\/sv\/wp-json\/wp\/v2\/product_brand?post=100233"},{"taxonomy":"product_cat","embeddable":true,"href":"https:\/\/www.raschvin.com\/sv\/wp-json\/wp\/v2\/product_cat?post=100233"},{"taxonomy":"product_tag","embeddable":true,"href":"https:\/\/www.raschvin.com\/sv\/wp-json\/wp\/v2\/product_tag?post=100233"}],"curies":[{"name":"wp","href":"https:\/\/api.w.org\/{rel}","templated":true}]}}