{"id":100228,"date":"2025-10-09T09:57:21","date_gmt":"2025-10-09T07:57:21","guid":{"rendered":"https:\/\/www.raschvin.com\/?post_type=product&#038;p=100228"},"modified":"2025-10-09T10:08:23","modified_gmt":"2025-10-09T08:08:23","slug":"octomore-15-1-70-cl-591-kopier","status":"publish","type":"product","link":"https:\/\/www.raschvin.com\/sv\/produkt\/octomore-15-1-70-cl-591-kopier\/","title":{"rendered":"Octomore 16.1 70 cl. 59,3%"},"content":{"rendered":"<p><iframe loading=\"lazy\" title=\"Octomore 16.1 Tasting with Master Blender, Adam Hannett\" width=\"1080\" height=\"608\" src=\"https:\/\/www.youtube.com\/embed\/TxlDOAEnpV8?feature=oembed\" frameborder=\"0\" allow=\"accelerometer; autoplay; clipboard-write; encrypted-media; gyroscope; picture-in-picture; web-share\" referrerpolicy=\"strict-origin-when-cross-origin\" allowfullscreen><\/iframe><\/p>\n<p>16.1 \u00e4r framst\u00e4lld med 100% Scottish Mainland Concerto-byg, maltad till 101,4 PPM och lagrad p\u00e5 fat i 5 \u00e5r, med en alkoholhalt p\u00e5 59,3%. Denna eleganta sprit har mognat p\u00e5 first-fill bourbon barrels, vilket ger intensiv torvr\u00f6k med \u00f6verraskande finess.<br \/>\nSaltad karamell, honungsmelon och aprikos leder vidare till choklad och kokos, ackompanjerat av mjuka jordiga mineraltoner och l\u00e5ngvarig r\u00f6k.<\/p>\n<p>&#8221;Octomore 16.1 f\u00e5ngar den kraftfulla elegansen hos .1-serien, d\u00e4r intensiv torvr\u00f6k balanseras med ov\u00e4ntad finess. Den robusta karakt\u00e4ren \u00e4r tydlig, men det nyanserade samspelet mellan s\u00f6ta, salta och r\u00f6kiga element skapar en f\u00e4ngslande komplexitet som bel\u00f6nar den som utforskar med t\u00e5lamod.&#8221;<\/p>\n<p>BYG: 100% Scottish Mainland Concerto<br \/>\nMALTNING: Super heavilty peated<br \/>\nDESTILLERING: Destillerad 2019 fr\u00e5n sk\u00f6rden 2018<br \/>\nLAGRING: 5 \u00e5r<br \/>\nMODNING: First-fill bourbon barrels<br \/>\nFENOLNIV\u00c5: 101,4 PPM<br \/>\nALKOHOL: 59,3% ABV<br \/>\nF\u00c4RG: Spun Gold<\/p>\n<p>DOFT: En inbjudande \u00f6ppning med havsspray och frukter fr\u00e5n frukttr\u00e4dg\u00e5rdar, inb\u00e4ddad i Octomore\u2019s delikata torvr\u00f6k. Fina florala toner av torkad ljung och kamomill framtr\u00e4der, f\u00f6ljt av subtil vanilj och rostade mandlar. Cedertr\u00e4, r\u00f6kt paprika och jod ger komplexa, salta nyanser.<\/p>\n<p>SMAK: Omedelbar men mild torvr\u00f6k f\u00f6ljt av saltad karamell, honungsmelon och aprikos. S\u00f6t malt blandas med kanel och stj\u00e4rnanis. Havssalt, toffee, choklad och kokos f\u00f6ljer, tillsammans med mjuka jordiga mineraltoner och l\u00e5ngvarig r\u00f6k.<\/p>\n<p>EFTERSMAK: L\u00e5ng och ih\u00e5llande, d\u00e4r signaturens torvr\u00f6k st\u00e5r i centrum. Svartpeppar och toffee blandas med havssalt och skapar en komplex och tillfredsst\u00e4llande avslutning.<\/p>\n","protected":false},"excerpt":{"rendered":"<p>Islay Single Malt Whisky<\/p>\n","protected":false},"featured_media":100311,"template":"","meta":{"_acf_changed":false,"rs_blank_template":"","rs_page_bg_color":"","slide_template_v7":""},"product_brand":[],"product_cat":[2387,8780],"product_tag":[],"class_list":{"0":"post-100228","1":"product","2":"type-product","3":"status-publish","4":"has-post-thumbnail","6":"product_cat-avec-sv","7":"product_cat-octomore","8":"pa_land-skottland","9":"pa_procent-59-3-sv","10":"pa_producent-bruichladdich-sv","11":"pa_region-islay-sv","12":"pa_volume-70-sv-2","14":"first","15":"instock","16":"sale","17":"taxable","18":"shipping-taxable","19":"purchasable","20":"product-type-simple"},"bundled_by":[],"bundle_stock_status":"instock","bundle_stock_quantity":null,"bundle_virtual":false,"bundle_layout":"","bundle_add_to_cart_form_location":"","bundle_editable_in_cart":false,"bundle_sold_individually_context":"","bundle_item_grouping":"","bundle_min_size":"","bundle_max_size":"","bundle_price":[],"bundled_items":[],"bundle_sell_ids":[],"acf":[],"_links":{"self":[{"href":"https:\/\/www.raschvin.com\/sv\/wp-json\/wp\/v2\/product\/100228","targetHints":{"allow":["GET"]}}],"collection":[{"href":"https:\/\/www.raschvin.com\/sv\/wp-json\/wp\/v2\/product"}],"about":[{"href":"https:\/\/www.raschvin.com\/sv\/wp-json\/wp\/v2\/types\/product"}],"wp:featuredmedia":[{"embeddable":true,"href":"https:\/\/www.raschvin.com\/sv\/wp-json\/wp\/v2\/media\/100311"}],"wp:attachment":[{"href":"https:\/\/www.raschvin.com\/sv\/wp-json\/wp\/v2\/media?parent=100228"}],"wp:term":[{"taxonomy":"product_brand","embeddable":true,"href":"https:\/\/www.raschvin.com\/sv\/wp-json\/wp\/v2\/product_brand?post=100228"},{"taxonomy":"product_cat","embeddable":true,"href":"https:\/\/www.raschvin.com\/sv\/wp-json\/wp\/v2\/product_cat?post=100228"},{"taxonomy":"product_tag","embeddable":true,"href":"https:\/\/www.raschvin.com\/sv\/wp-json\/wp\/v2\/product_tag?post=100228"}],"curies":[{"name":"wp","href":"https:\/\/api.w.org\/{rel}","templated":true}]}}