{"id":100222,"date":"2025-10-09T09:27:40","date_gmt":"2025-10-09T07:27:40","guid":{"rendered":"https:\/\/www.raschvin.com\/?post_type=product&#038;p=100222"},"modified":"2025-10-09T09:30:54","modified_gmt":"2025-10-09T07:30:54","slug":"trooper-iron-maiden-pale-ale-50-cl-34-kopier","status":"publish","type":"product","link":"https:\/\/www.raschvin.com\/sv\/produkt\/trooper-iron-maiden-pale-ale-50-cl-34-kopier\/","title":{"rendered":"Trooper Iron Maiden Original 50 cl. 4,7%"},"content":{"rendered":"<p>Det brittiska heavy metal-bandet Iron Maiden har utvecklat sin egen \u00f6l, uppkallad efter en av bandets singlar fr\u00e5n 1980-talet.<\/p>\n<p>Den gyllene drycken bryggs i Stockport, Storbritannien, av Robinsons Brewery, och s\u00e5ngaren Bruce Dickinson har personligen provsmakat \u00f6len under utvecklingen f\u00f6r att f\u00f6rs\u00e4kra sig om att smaken blev perfekt, skriver magasinet Female First.<\/p>\n<p>Dickinson uttryckte sin entusiasm \u00f6ver att f\u00e5 vara med och skapa \u00f6len och \u00e4r mycket n\u00f6jd med resultatet:<br \/>\n&#8221;Jag har alltid \u00e4lskat brittisk ale. Jag var lycklig n\u00e4r vi fick fr\u00e5gan om att skapa v\u00e5r egen \u00f6l \u2013 men jag var ocks\u00e5 lite nerv\u00f6s,&#8221; ber\u00e4ttade rocks\u00e5ngaren.<\/p>\n<p>\u00d6len heter \u201cTrooper\u201d, samma namn som bandets ikoniska singel fr\u00e5n 1983. Flaskan pryds av bandets maskot Eddie, kl\u00e4dd i en brittisk milit\u00e4runiform fr\u00e5n 1800-talet och h\u00e5llande en sabel och den brittiska flaggan \u2013 precis som p\u00e5 singelns omslag.<\/p>\n<p>Iron Maiden bildades 1975 och har sedan dess gett ut 15 studioalbum samt spelat otaliga livekonserter. Bandet upptr\u00e4dde bland annat p\u00e5 Roskilde Festival \u00e5r 2011.<\/p>\n","protected":false},"excerpt":{"rendered":"<p>Premium British Beer <\/p>\n","protected":false},"featured_media":100248,"template":"","meta":{"_acf_changed":false,"rs_blank_template":"","rs_page_bg_color":"","slide_template_v7":""},"product_brand":[],"product_cat":[2802,2801,7211],"product_tag":[],"class_list":{"0":"post-100222","1":"product","2":"type-product","3":"status-publish","4":"has-post-thumbnail","6":"product_cat-ale-sv","7":"product_cat-oel-sv","8":"product_cat-pale-ale-sv","9":"pa_champagne-type-pale-ale-sv","10":"pa_land-england-sv","11":"pa_procent-4-7-sv","12":"pa_producent-robinsons-sv","13":"pa_volume-50-sv","15":"first","16":"instock","17":"taxable","18":"shipping-taxable","19":"purchasable","20":"product-type-simple"},"bundled_by":[],"bundle_stock_status":"instock","bundle_stock_quantity":null,"bundle_virtual":false,"bundle_layout":"","bundle_add_to_cart_form_location":"","bundle_editable_in_cart":false,"bundle_sold_individually_context":"","bundle_item_grouping":"","bundle_min_size":"","bundle_max_size":"","bundle_price":[],"bundled_items":[],"bundle_sell_ids":[],"acf":[],"_links":{"self":[{"href":"https:\/\/www.raschvin.com\/sv\/wp-json\/wp\/v2\/product\/100222","targetHints":{"allow":["GET"]}}],"collection":[{"href":"https:\/\/www.raschvin.com\/sv\/wp-json\/wp\/v2\/product"}],"about":[{"href":"https:\/\/www.raschvin.com\/sv\/wp-json\/wp\/v2\/types\/product"}],"wp:featuredmedia":[{"embeddable":true,"href":"https:\/\/www.raschvin.com\/sv\/wp-json\/wp\/v2\/media\/100248"}],"wp:attachment":[{"href":"https:\/\/www.raschvin.com\/sv\/wp-json\/wp\/v2\/media?parent=100222"}],"wp:term":[{"taxonomy":"product_brand","embeddable":true,"href":"https:\/\/www.raschvin.com\/sv\/wp-json\/wp\/v2\/product_brand?post=100222"},{"taxonomy":"product_cat","embeddable":true,"href":"https:\/\/www.raschvin.com\/sv\/wp-json\/wp\/v2\/product_cat?post=100222"},{"taxonomy":"product_tag","embeddable":true,"href":"https:\/\/www.raschvin.com\/sv\/wp-json\/wp\/v2\/product_tag?post=100222"}],"curies":[{"name":"wp","href":"https:\/\/api.w.org\/{rel}","templated":true}]}}