{"id":100219,"date":"2025-10-09T09:15:45","date_gmt":"2025-10-09T07:15:45","guid":{"rendered":"https:\/\/www.raschvin.com\/?post_type=product&#038;p=100219"},"modified":"2025-10-09T09:19:23","modified_gmt":"2025-10-09T07:19:23","slug":"fanoe-vesterland-festival-pale-ale-2025-50-cl-53-kopier","status":"publish","type":"product","link":"https:\/\/www.raschvin.com\/sv\/produkt\/fanoe-vesterland-festival-pale-ale-2025-50-cl-53-kopier\/","title":{"rendered":"Fan\u00f8 Hold Balancen &#8211; Barrel Aged Imperial Brown Ale 50 cl. 8,6%"},"content":{"rendered":"<p>Hold Balancen \u00e4r den andliga uppf\u00f6ljaren till v\u00e5rt tidigare brygd, Hold Dig Munter.<br \/>\nI samarbete med \u00d8lsnedkeren har vi skapat denna Imperial Brown Ale, som har lagrats p\u00e5 Stauning Whisky-fat.<br \/>\nTillsammans har vi bryggt en \u00f6l fylld med s\u00f6tma och n\u00f6tiga toner, kombinerat med r\u00f6kiga och vaniljliknande undertoner fr\u00e5n whiskyfaten, vilket ger \u00f6let en extra dimension och djup.<br \/>\nMalt: Pale Ale, Munich, Abbey, Cara Terra, Cara Caf\u00e9, chokladmalt<br \/>\nHumle: Waimea, East Kent Golding<br \/>\nBryggt med: Torkat maltextrakt<br \/>\nArom: Vanilj, whisky och karamell<br \/>\nJ\u00e4st: Ale<\/p>\n","protected":false},"excerpt":{"rendered":"<p>Fan\u00f8 Bryghus \u2013 Denmark<\/p>\n","protected":false},"featured_media":100269,"template":"","meta":{"_acf_changed":false,"rs_blank_template":"","rs_page_bg_color":"","slide_template_v7":""},"product_brand":[],"product_cat":[2802,7187,2801],"product_tag":[],"class_list":{"0":"post-100219","1":"product","2":"type-product","3":"status-publish","4":"has-post-thumbnail","6":"product_cat-ale-sv","7":"product_cat-brown-ale-sv","8":"product_cat-oel-sv","9":"pa_champagne-type-brown-ale-sv","10":"pa_land-danmark-sv","11":"pa_procent-8-6-sv","12":"pa_producent-fanoe-bryghus-sv","13":"pa_region-fanoe-sv","14":"pa_serveringstemperatur-8-10-sv","15":"pa_volume-50-sv","17":"first","18":"instock","19":"taxable","20":"shipping-taxable","21":"purchasable","22":"product-type-simple"},"bundled_by":[],"bundle_stock_status":"instock","bundle_stock_quantity":null,"bundle_virtual":false,"bundle_layout":"","bundle_add_to_cart_form_location":"","bundle_editable_in_cart":false,"bundle_sold_individually_context":"","bundle_item_grouping":"","bundle_min_size":"","bundle_max_size":"","bundle_price":[],"bundled_items":[],"bundle_sell_ids":[],"acf":[],"_links":{"self":[{"href":"https:\/\/www.raschvin.com\/sv\/wp-json\/wp\/v2\/product\/100219","targetHints":{"allow":["GET"]}}],"collection":[{"href":"https:\/\/www.raschvin.com\/sv\/wp-json\/wp\/v2\/product"}],"about":[{"href":"https:\/\/www.raschvin.com\/sv\/wp-json\/wp\/v2\/types\/product"}],"wp:featuredmedia":[{"embeddable":true,"href":"https:\/\/www.raschvin.com\/sv\/wp-json\/wp\/v2\/media\/100269"}],"wp:attachment":[{"href":"https:\/\/www.raschvin.com\/sv\/wp-json\/wp\/v2\/media?parent=100219"}],"wp:term":[{"taxonomy":"product_brand","embeddable":true,"href":"https:\/\/www.raschvin.com\/sv\/wp-json\/wp\/v2\/product_brand?post=100219"},{"taxonomy":"product_cat","embeddable":true,"href":"https:\/\/www.raschvin.com\/sv\/wp-json\/wp\/v2\/product_cat?post=100219"},{"taxonomy":"product_tag","embeddable":true,"href":"https:\/\/www.raschvin.com\/sv\/wp-json\/wp\/v2\/product_tag?post=100219"}],"curies":[{"name":"wp","href":"https:\/\/api.w.org\/{rel}","templated":true}]}}