{"id":100216,"date":"2025-10-09T09:11:04","date_gmt":"2025-10-09T07:11:04","guid":{"rendered":"https:\/\/www.raschvin.com\/?post_type=product&#038;p=100216"},"modified":"2025-10-09T09:15:02","modified_gmt":"2025-10-09T07:15:02","slug":"fanoe-realen-realen-pilsner-50-cl-48-kopier","status":"publish","type":"product","link":"https:\/\/www.raschvin.com\/sv\/produkt\/fanoe-realen-realen-pilsner-50-cl-48-kopier\/","title":{"rendered":"Fan\u00f8 Vesterland &#8211; Festival Pale Ale 2025 50 cl. 5,3%"},"content":{"rendered":"<p>Vesterland 2025 \u00e4r en l\u00e4tt och smakrik Pale Ale d\u00e4r humlen verkligen f\u00e5r st\u00e5 i centrum.<br \/>\nVi har fyllt denna \u00f6l till bredden med de p\u00e5litliga och v\u00e4lk\u00e4nda humlesorterna Mosaic, Citra och Cascade, och kryddat basen med massor av smak och arom. D\u00e4refter har \u00f6len torrhumlats med saftiga Nectaron och HBC638, som tillsammans skapar en \u00f6l med en kraftig tropisk och citrusaktig profil, med saftiga toner av stenfrukter.<br \/>\nEn \u00f6l som smakar allra b\u00e4st i gott s\u00e4llskap \u2013 med v\u00e4nner, b\u00e5de gamla och nya \u2013 och till massor av bra musik.<br \/>\nMalt: Pilsner, dextrinmalt och Light Crystal<br \/>\nHumle: Cascade, Mosaic, Citra, Nectaron 2025, HBC638<br \/>\nArom: Tropiska frukter, stenfrukter och citrus<br \/>\nJ\u00e4st: Ale<\/p>\n","protected":false},"excerpt":{"rendered":"<p>Fan\u00f8 Bryghus \u2013 Denmark<\/p>\n","protected":false},"featured_media":100266,"template":"","meta":{"_acf_changed":false,"rs_blank_template":"","rs_page_bg_color":"","slide_template_v7":""},"product_brand":[],"product_cat":[2802,2801,7211],"product_tag":[],"class_list":{"0":"post-100216","1":"product","2":"type-product","3":"status-publish","4":"has-post-thumbnail","6":"product_cat-ale-sv","7":"product_cat-oel-sv","8":"product_cat-pale-ale-sv","9":"pa_champagne-type-pale-ale-sv","10":"pa_land-danmark-sv","11":"pa_procent-5-3-sv","12":"pa_producent-fanoe-bryghus-sv","13":"pa_region-fanoe-sv","14":"pa_serveringstemperatur-8-10-sv","15":"pa_volume-50-sv","17":"first","18":"instock","19":"taxable","20":"shipping-taxable","21":"purchasable","22":"product-type-simple"},"bundled_by":[],"bundle_stock_status":"instock","bundle_stock_quantity":null,"bundle_virtual":false,"bundle_layout":"","bundle_add_to_cart_form_location":"","bundle_editable_in_cart":false,"bundle_sold_individually_context":"","bundle_item_grouping":"","bundle_min_size":"","bundle_max_size":"","bundle_price":[],"bundled_items":[],"bundle_sell_ids":[],"acf":[],"_links":{"self":[{"href":"https:\/\/www.raschvin.com\/sv\/wp-json\/wp\/v2\/product\/100216","targetHints":{"allow":["GET"]}}],"collection":[{"href":"https:\/\/www.raschvin.com\/sv\/wp-json\/wp\/v2\/product"}],"about":[{"href":"https:\/\/www.raschvin.com\/sv\/wp-json\/wp\/v2\/types\/product"}],"wp:featuredmedia":[{"embeddable":true,"href":"https:\/\/www.raschvin.com\/sv\/wp-json\/wp\/v2\/media\/100266"}],"wp:attachment":[{"href":"https:\/\/www.raschvin.com\/sv\/wp-json\/wp\/v2\/media?parent=100216"}],"wp:term":[{"taxonomy":"product_brand","embeddable":true,"href":"https:\/\/www.raschvin.com\/sv\/wp-json\/wp\/v2\/product_brand?post=100216"},{"taxonomy":"product_cat","embeddable":true,"href":"https:\/\/www.raschvin.com\/sv\/wp-json\/wp\/v2\/product_cat?post=100216"},{"taxonomy":"product_tag","embeddable":true,"href":"https:\/\/www.raschvin.com\/sv\/wp-json\/wp\/v2\/product_tag?post=100216"}],"curies":[{"name":"wp","href":"https:\/\/api.w.org\/{rel}","templated":true}]}}