{"id":100213,"date":"2025-10-09T09:06:22","date_gmt":"2025-10-09T07:06:22","guid":{"rendered":"https:\/\/www.raschvin.com\/?post_type=product&#038;p=100213"},"modified":"2025-10-09T09:10:16","modified_gmt":"2025-10-09T07:10:16","slug":"fanoe-fanniker-island-ipa-50-cl-55-kopier-3","status":"publish","type":"product","link":"https:\/\/www.raschvin.com\/sv\/produkt\/fanoe-fanniker-island-ipa-50-cl-55-kopier-3\/","title":{"rendered":"Fan\u00f8 Realen &#8211; Realen Pilsner 50 cl. 4,8%"},"content":{"rendered":"<p>Realen Lager \u00e4r bryggd med k\u00e4rlek och har ett enkelt uppdrag: att avnjutas i gott s\u00e4llskap till tonerna av h\u00e4rlig musik \u2013 precis som det g\u00e5r till p\u00e5 Realen, Fan\u00f8s kulturella hj\u00e4rta.<br \/>\nBryggd med ingredienser fr\u00e5n familje\u00e4gda tyska producenter som s\u00e4tter tradition och kvalitet h\u00f6gt. Med \u00e5teruppt\u00e4ckta humlesorter fr\u00e5n en liten familjeg\u00e5rd och malt levererat av m\u00e4lterier som har skapat malt i generationer.<br \/>\nMed en ren, l\u00e4tt maltig ryggrad l\u00e5ter Realen Lager den unika humlekarakt\u00e4ren tr\u00e4da fram och levererar en krispig, smakrik lager bryggd med massor av k\u00e4rlek!<br \/>\nMalt: Lager, dextrinmalt, Munich, Vienna<br \/>\nHumle: Petit Blanc, Tettnanger<br \/>\nArom: \u00d6rtiga och l\u00e4tta citrusnoter fr\u00e5n humlen, kompletterade av toner av kex och r\u00e5gbr\u00f6d<br \/>\nJ\u00e4st: Lager<\/p>\n","protected":false},"excerpt":{"rendered":"<p>Fan\u00f8 Bryghus \u2013 Denmark<\/p>\n","protected":false},"featured_media":100272,"template":"","meta":{"_acf_changed":false,"rs_blank_template":"","rs_page_bg_color":"","slide_template_v7":""},"product_brand":[],"product_cat":[7207,2816,2801],"product_tag":[],"class_list":{"0":"post-100213","1":"product","2":"type-product","3":"status-publish","4":"has-post-thumbnail","6":"product_cat-lager-sv","7":"product_cat-lager-oel","8":"product_cat-oel-sv","9":"pa_champagne-type-lager-sv","10":"pa_land-danmark-sv","11":"pa_procent-4-8-sv","12":"pa_producent-fanoe-bryghus-sv","13":"pa_region-fanoe-sv","14":"pa_serveringstemperatur-8-10-sv","15":"pa_volume-50-sv","17":"first","18":"instock","19":"taxable","20":"shipping-taxable","21":"purchasable","22":"product-type-simple"},"bundled_by":[],"bundle_stock_status":"instock","bundle_stock_quantity":null,"bundle_virtual":false,"bundle_layout":"","bundle_add_to_cart_form_location":"","bundle_editable_in_cart":false,"bundle_sold_individually_context":"","bundle_item_grouping":"","bundle_min_size":"","bundle_max_size":"","bundle_price":[],"bundled_items":[],"bundle_sell_ids":[],"acf":[],"_links":{"self":[{"href":"https:\/\/www.raschvin.com\/sv\/wp-json\/wp\/v2\/product\/100213","targetHints":{"allow":["GET"]}}],"collection":[{"href":"https:\/\/www.raschvin.com\/sv\/wp-json\/wp\/v2\/product"}],"about":[{"href":"https:\/\/www.raschvin.com\/sv\/wp-json\/wp\/v2\/types\/product"}],"wp:featuredmedia":[{"embeddable":true,"href":"https:\/\/www.raschvin.com\/sv\/wp-json\/wp\/v2\/media\/100272"}],"wp:attachment":[{"href":"https:\/\/www.raschvin.com\/sv\/wp-json\/wp\/v2\/media?parent=100213"}],"wp:term":[{"taxonomy":"product_brand","embeddable":true,"href":"https:\/\/www.raschvin.com\/sv\/wp-json\/wp\/v2\/product_brand?post=100213"},{"taxonomy":"product_cat","embeddable":true,"href":"https:\/\/www.raschvin.com\/sv\/wp-json\/wp\/v2\/product_cat?post=100213"},{"taxonomy":"product_tag","embeddable":true,"href":"https:\/\/www.raschvin.com\/sv\/wp-json\/wp\/v2\/product_tag?post=100213"}],"curies":[{"name":"wp","href":"https:\/\/api.w.org\/{rel}","templated":true}]}}