{"id":100209,"date":"2025-10-09T09:00:56","date_gmt":"2025-10-09T07:00:56","guid":{"rendered":"https:\/\/www.raschvin.com\/?post_type=product&#038;p=100209"},"modified":"2025-10-09T09:05:32","modified_gmt":"2025-10-09T07:05:32","slug":"fanoe-fanniker-island-ipa-50-cl-55-kopier-2","status":"publish","type":"product","link":"https:\/\/www.raschvin.com\/sv\/produkt\/fanoe-fanniker-island-ipa-50-cl-55-kopier-2\/","title":{"rendered":"Fan\u00f8 Citrus I Solen &#8211; Yuzu Island Radler &#8211; Collab 50 cl. 3,8%"},"content":{"rendered":"<p>N\u00e4r v\u00e5ra v\u00e4nner fr\u00e5n \u00c5BEN \u00e5terigen bes\u00f6kte Fan\u00f8 t\u00e4nkte vi att vi skulle sl\u00e5 oss samman och brygga n\u00e5got h\u00e4rligt, friskt och l\u00e4ckert f\u00f6r de kommande sommarm\u00e5naderna.<br \/>\nCitrus i Solen \u00e4r en uppfriskande och pikant Radler som, tack vare sin l\u00e4tta och krispiga bas, ger gott om utrymme f\u00f6r \u00f6lets saftiga citrusnoter av yuzu och mandarin att verkligen komma fram.<br \/>\nEn t\u00f6rstsl\u00e4ckande och l\u00e4ttdrucken \u00f6l som smakar helt perfekt i sommarsolen.<br \/>\nMalt: Pilsner- och dextrinmalt<br \/>\nHumle: Bitterhumle<br \/>\nBryggd med: Mandarin, yuzujuice<br \/>\nArom: Yuzu och mandarin<br \/>\nJ\u00e4st: Lager<\/p>\n","protected":false},"excerpt":{"rendered":"<p>Fan\u00f8 Bryghus \u2013 Denmark<\/p>\n","protected":false},"featured_media":100260,"template":"","meta":{"_acf_changed":false,"rs_blank_template":"","rs_page_bg_color":"","slide_template_v7":""},"product_brand":[],"product_cat":[7207,2816,2801],"product_tag":[],"class_list":{"0":"post-100209","1":"product","2":"type-product","3":"status-publish","4":"has-post-thumbnail","6":"product_cat-lager-sv","7":"product_cat-lager-oel","8":"product_cat-oel-sv","9":"pa_champagne-type-radler-sv","10":"pa_land-danmark-sv","11":"pa_procent-3-8-sv","12":"pa_producent-fanoe-bryghus-sv","13":"pa_region-fanoe-sv","14":"pa_serveringstemperatur-8-10-sv","15":"pa_volume-50-sv","17":"first","18":"instock","19":"taxable","20":"shipping-taxable","21":"purchasable","22":"product-type-simple"},"bundled_by":[],"bundle_stock_status":"instock","bundle_stock_quantity":null,"bundle_virtual":false,"bundle_layout":"","bundle_add_to_cart_form_location":"","bundle_editable_in_cart":false,"bundle_sold_individually_context":"","bundle_item_grouping":"","bundle_min_size":"","bundle_max_size":"","bundle_price":[],"bundled_items":[],"bundle_sell_ids":[],"acf":[],"_links":{"self":[{"href":"https:\/\/www.raschvin.com\/sv\/wp-json\/wp\/v2\/product\/100209","targetHints":{"allow":["GET"]}}],"collection":[{"href":"https:\/\/www.raschvin.com\/sv\/wp-json\/wp\/v2\/product"}],"about":[{"href":"https:\/\/www.raschvin.com\/sv\/wp-json\/wp\/v2\/types\/product"}],"wp:featuredmedia":[{"embeddable":true,"href":"https:\/\/www.raschvin.com\/sv\/wp-json\/wp\/v2\/media\/100260"}],"wp:attachment":[{"href":"https:\/\/www.raschvin.com\/sv\/wp-json\/wp\/v2\/media?parent=100209"}],"wp:term":[{"taxonomy":"product_brand","embeddable":true,"href":"https:\/\/www.raschvin.com\/sv\/wp-json\/wp\/v2\/product_brand?post=100209"},{"taxonomy":"product_cat","embeddable":true,"href":"https:\/\/www.raschvin.com\/sv\/wp-json\/wp\/v2\/product_cat?post=100209"},{"taxonomy":"product_tag","embeddable":true,"href":"https:\/\/www.raschvin.com\/sv\/wp-json\/wp\/v2\/product_tag?post=100209"}],"curies":[{"name":"wp","href":"https:\/\/api.w.org\/{rel}","templated":true}]}}