{"id":100206,"date":"2025-10-09T08:55:11","date_gmt":"2025-10-09T06:55:11","guid":{"rendered":"https:\/\/www.raschvin.com\/?post_type=product&#038;p=100206"},"modified":"2025-10-09T08:59:38","modified_gmt":"2025-10-09T06:59:38","slug":"fanoe-fanniker-island-ipa-50-cl-55-kopier","status":"publish","type":"product","link":"https:\/\/www.raschvin.com\/sv\/produkt\/fanoe-fanniker-island-ipa-50-cl-55-kopier\/","title":{"rendered":"Fan\u00f8 Sophie Of S\u00f8nderho &#8211; Barrel Aged Imperial Stout Blend 50 cl. 13,6%"},"content":{"rendered":"<p>Skeppet Sophie seglade i m\u00e5nga \u00e5r utan olyckor, men kapsejsade \u00e5r 1880 utanf\u00f6r Hanstholm under en kraftig storm, d\u00e4r fyra av de sex bes\u00e4ttningsmedlemmarna drunknade. Styrmannen och skeppsgossen blev inst\u00e4ngda i det kapsejsade skrovet som drev mot kusten. I fyra dygn \u00f6verlevde de p\u00e5 sirap och kaffeb\u00f6nor innan fiskare hittade dem. F\u00f6rlisningen v\u00e4ckte stor uppm\u00e4rksamhet i pressen och blev \u00e4mne f\u00f6r b\u00e5de noveller och visor.<br \/>\nSophie \u00e4r en blend av tv\u00e5 Imperial Stouts \u2013 en bryggd med kaffe och laktos, lagrad p\u00e5 r\u00f6dvinsfat, och en annan bryggd p\u00e5 ren malt och lagrad p\u00e5 brandyfat. Kombinationen ger \u00f6let massor av kraft, djup och fyllighet.<br \/>\nMalt: Pale Ale, Pilsner, Carafa Special III, chokladmalt, Abbey, Munich, Cara Caf\u00e9, Cara Ruby, r\u00f6kt vetemalt, rostat korn<br \/>\nHumle: Bitterhumle<br \/>\nBryggd med: Kaffe, druvsocker (dextros), mj\u00f6lksocker (laktos)<br \/>\nArom: Farinsocker, choklad, r\u00f6dvin och brandy<br \/>\nJ\u00e4st: Ale<\/p>\n","protected":false},"excerpt":{"rendered":"<p>Fan\u00f8 Bryghus \u2013 Denmark<\/p>\n","protected":false},"featured_media":100275,"template":"","meta":{"_acf_changed":false,"rs_blank_template":"","rs_page_bg_color":"","slide_template_v7":""},"product_brand":[],"product_cat":[2802,2801,4783],"product_tag":[],"class_list":{"0":"post-100206","1":"product","2":"type-product","3":"status-publish","4":"has-post-thumbnail","6":"product_cat-ale-sv","7":"product_cat-oel-sv","8":"product_cat-stout-sv","9":"pa_champagne-type-stout-sv","10":"pa_land-danmark-sv","11":"pa_procent-13-6-sv","12":"pa_producent-fanoe-bryghus-sv","13":"pa_region-fanoe-sv","14":"pa_serveringstemperatur-8-10-sv","15":"pa_volume-50-sv","17":"first","18":"instock","19":"taxable","20":"shipping-taxable","21":"purchasable","22":"product-type-simple"},"bundled_by":[],"bundle_stock_status":"instock","bundle_stock_quantity":null,"bundle_virtual":false,"bundle_layout":"","bundle_add_to_cart_form_location":"","bundle_editable_in_cart":false,"bundle_sold_individually_context":"","bundle_item_grouping":"","bundle_min_size":"","bundle_max_size":"","bundle_price":[],"bundled_items":[],"bundle_sell_ids":[],"acf":[],"_links":{"self":[{"href":"https:\/\/www.raschvin.com\/sv\/wp-json\/wp\/v2\/product\/100206","targetHints":{"allow":["GET"]}}],"collection":[{"href":"https:\/\/www.raschvin.com\/sv\/wp-json\/wp\/v2\/product"}],"about":[{"href":"https:\/\/www.raschvin.com\/sv\/wp-json\/wp\/v2\/types\/product"}],"wp:featuredmedia":[{"embeddable":true,"href":"https:\/\/www.raschvin.com\/sv\/wp-json\/wp\/v2\/media\/100275"}],"wp:attachment":[{"href":"https:\/\/www.raschvin.com\/sv\/wp-json\/wp\/v2\/media?parent=100206"}],"wp:term":[{"taxonomy":"product_brand","embeddable":true,"href":"https:\/\/www.raschvin.com\/sv\/wp-json\/wp\/v2\/product_brand?post=100206"},{"taxonomy":"product_cat","embeddable":true,"href":"https:\/\/www.raschvin.com\/sv\/wp-json\/wp\/v2\/product_cat?post=100206"},{"taxonomy":"product_tag","embeddable":true,"href":"https:\/\/www.raschvin.com\/sv\/wp-json\/wp\/v2\/product_tag?post=100206"}],"curies":[{"name":"wp","href":"https:\/\/api.w.org\/{rel}","templated":true}]}}