{"id":100202,"date":"2025-10-09T08:50:01","date_gmt":"2025-10-09T06:50:01","guid":{"rendered":"https:\/\/www.raschvin.com\/?post_type=product&#038;p=100202"},"modified":"2025-10-09T08:54:26","modified_gmt":"2025-10-09T06:54:26","slug":"fanoe-beergeek-slumber-party-belgian-quadrupel-50-cl-107-kopier","status":"publish","type":"product","link":"https:\/\/www.raschvin.com\/sv\/produkt\/fanoe-beergeek-slumber-party-belgian-quadrupel-50-cl-107-kopier\/","title":{"rendered":"Fan\u00f8 Fanniker &#8211; Island IPA 50 cl. 5,5%"},"content":{"rendered":"<p>Fanniker \u00e4r en l\u00e4tt och uppfriskande IPA bryggd till \u00e4ra f\u00f6r Fan\u00f8 och \u00f6ns h\u00e4rliga inv\u00e5nare.<br \/>\nDenna IPA \u00e4r fullpackad med h\u00e4rlig humlearom och \u00e4r samtidigt otroligt l\u00e4ttdrucken. Den perfekta \u00f6len f\u00f6r sightseeing \u2013 eller f\u00f6r att njuta av \u00f6ns m\u00e5ngfald fr\u00e5n bryggeriets soliga terrass.<br \/>\nMalt: Pilsnermalt, Chit Malt<br \/>\nHumle: Simcoe, Vic Secret, Citra, Vista, El Dorado<br \/>\nArom: En fyllig men mild eftersmak av citrus, med inslag av tropiska frukter och stenfrukter<br \/>\nJ\u00e4st: Ale<br \/>\nIngredienser: Vatten, kornmalt, humle, j\u00e4st<br \/>\nEnergi per 100 ml: 192 kJ \/ 46 kcal<br \/>\nF\u00f6rvaras svalt och m\u00f6rkt.<\/p>\n","protected":false},"excerpt":{"rendered":"<p>Fan\u00f8 Bryghus \u2013 Denmark<\/p>\n","protected":false},"featured_media":100263,"template":"","meta":{"_acf_changed":false,"rs_blank_template":"","rs_page_bg_color":"","slide_template_v7":""},"product_brand":[],"product_cat":[2802,2813,2801],"product_tag":[],"class_list":{"0":"post-100202","1":"product","2":"type-product","3":"status-publish","4":"has-post-thumbnail","6":"product_cat-ale-sv","7":"product_cat-ipa-sv","8":"product_cat-oel-sv","9":"pa_champagne-type-ipa-sv","10":"pa_land-danmark-sv","11":"pa_procent-5-5-sv","12":"pa_producent-fanoe-bryghus-sv","13":"pa_region-fanoe-sv","14":"pa_serveringstemperatur-8-10-sv","15":"pa_volume-50-sv","17":"first","18":"instock","19":"taxable","20":"shipping-taxable","21":"purchasable","22":"product-type-simple"},"bundled_by":[],"bundle_stock_status":"instock","bundle_stock_quantity":null,"bundle_virtual":false,"bundle_layout":"","bundle_add_to_cart_form_location":"","bundle_editable_in_cart":false,"bundle_sold_individually_context":"","bundle_item_grouping":"","bundle_min_size":"","bundle_max_size":"","bundle_price":[],"bundled_items":[],"bundle_sell_ids":[],"acf":[],"_links":{"self":[{"href":"https:\/\/www.raschvin.com\/sv\/wp-json\/wp\/v2\/product\/100202","targetHints":{"allow":["GET"]}}],"collection":[{"href":"https:\/\/www.raschvin.com\/sv\/wp-json\/wp\/v2\/product"}],"about":[{"href":"https:\/\/www.raschvin.com\/sv\/wp-json\/wp\/v2\/types\/product"}],"wp:featuredmedia":[{"embeddable":true,"href":"https:\/\/www.raschvin.com\/sv\/wp-json\/wp\/v2\/media\/100263"}],"wp:attachment":[{"href":"https:\/\/www.raschvin.com\/sv\/wp-json\/wp\/v2\/media?parent=100202"}],"wp:term":[{"taxonomy":"product_brand","embeddable":true,"href":"https:\/\/www.raschvin.com\/sv\/wp-json\/wp\/v2\/product_brand?post=100202"},{"taxonomy":"product_cat","embeddable":true,"href":"https:\/\/www.raschvin.com\/sv\/wp-json\/wp\/v2\/product_cat?post=100202"},{"taxonomy":"product_tag","embeddable":true,"href":"https:\/\/www.raschvin.com\/sv\/wp-json\/wp\/v2\/product_tag?post=100202"}],"curies":[{"name":"wp","href":"https:\/\/api.w.org\/{rel}","templated":true}]}}