{"id":100199,"date":"2025-10-09T08:12:41","date_gmt":"2025-10-09T06:12:41","guid":{"rendered":"https:\/\/www.raschvin.com\/?post_type=product&#038;p=100199"},"modified":"2025-10-09T08:36:22","modified_gmt":"2025-10-09T06:36:22","slug":"dos-maderas-atlantic-double-aged-rum-70-cl-375-kopier","status":"publish","type":"product","link":"https:\/\/www.raschvin.com\/sv\/produkt\/dos-maderas-atlantic-double-aged-rum-70-cl-375-kopier\/","title":{"rendered":"Dos Maderas Origen Thailand 70 cl. 47%"},"content":{"rendered":"<p>En exotisk och f\u00f6rfinad romupplevelse d\u00e4r \u00f6st m\u00f6ter spanskt hantverk. Dos Maderas Origen Thailand \u00e4r en unik blend av noggrant utvalda, 12 \u00e5r gamla rom fr\u00e5n Thailand, som efter lagring i tropiskt klimat f\u00e5r ytterligare mognad i Williams &#038; Humberts historiska k\u00e4llare i Jerez, Spanien. H\u00e4r vilar rommen p\u00e5 \u00f6ver 80 \u00e5r gamla Oloroso sherryfat, vilket ger en anm\u00e4rkningsv\u00e4rd djup och komplexitet.<\/p>\n<p>I glaset visar den upp en gl\u00f6dande mahognyf\u00e4rg och en rik, s\u00f6t doft av karamell, toffee, kaffe och rostade mandlar, elegant avrundad med vanilj, kokos och m\u00f6rk choklad. Smaken \u00e4r varm, fyllig och oljig, med en l\u00e5ng, ih\u00e5llande eftersmak d\u00e4r toner av rostat tr\u00e4 och sherryfinesse sm\u00e4lter samman i perfekt harmoni.<\/p>\n<p>En rom f\u00f6r den nyfikna finsmakaren \u2013 sofistikerad, balanserad och of\u00f6rgl\u00f6mlig.<\/p>\n","protected":false},"excerpt":{"rendered":"<p>Premium Aged Rum<\/p>\n","protected":false},"featured_media":100251,"template":"","meta":{"_acf_changed":false,"rs_blank_template":"","rs_page_bg_color":"","slide_template_v7":""},"product_brand":[],"product_cat":[2387,4634,2391],"product_tag":[],"class_list":{"0":"post-100199","1":"product","2":"type-product","3":"status-publish","4":"has-post-thumbnail","6":"product_cat-avec-sv","7":"product_cat-premium-aged-sv","8":"product_cat-rom-sv","9":"pa_land-thailand-sv","10":"pa_procent-47-sv","11":"pa_producent-dos-maderas-sv","12":"pa_volume-70-sv-2","14":"first","15":"instock","16":"sale","17":"taxable","18":"shipping-taxable","19":"purchasable","20":"product-type-simple"},"bundled_by":[],"bundle_stock_status":"instock","bundle_stock_quantity":null,"bundle_virtual":false,"bundle_layout":"","bundle_add_to_cart_form_location":"","bundle_editable_in_cart":false,"bundle_sold_individually_context":"","bundle_item_grouping":"","bundle_min_size":"","bundle_max_size":"","bundle_price":[],"bundled_items":[],"bundle_sell_ids":[],"acf":[],"_links":{"self":[{"href":"https:\/\/www.raschvin.com\/sv\/wp-json\/wp\/v2\/product\/100199","targetHints":{"allow":["GET"]}}],"collection":[{"href":"https:\/\/www.raschvin.com\/sv\/wp-json\/wp\/v2\/product"}],"about":[{"href":"https:\/\/www.raschvin.com\/sv\/wp-json\/wp\/v2\/types\/product"}],"wp:featuredmedia":[{"embeddable":true,"href":"https:\/\/www.raschvin.com\/sv\/wp-json\/wp\/v2\/media\/100251"}],"wp:attachment":[{"href":"https:\/\/www.raschvin.com\/sv\/wp-json\/wp\/v2\/media?parent=100199"}],"wp:term":[{"taxonomy":"product_brand","embeddable":true,"href":"https:\/\/www.raschvin.com\/sv\/wp-json\/wp\/v2\/product_brand?post=100199"},{"taxonomy":"product_cat","embeddable":true,"href":"https:\/\/www.raschvin.com\/sv\/wp-json\/wp\/v2\/product_cat?post=100199"},{"taxonomy":"product_tag","embeddable":true,"href":"https:\/\/www.raschvin.com\/sv\/wp-json\/wp\/v2\/product_tag?post=100199"}],"curies":[{"name":"wp","href":"https:\/\/api.w.org\/{rel}","templated":true}]}}