{"id":100195,"date":"2025-10-09T08:04:30","date_gmt":"2025-10-09T06:04:30","guid":{"rendered":"https:\/\/www.raschvin.com\/?post_type=product&#038;p=100195"},"modified":"2025-10-09T08:07:30","modified_gmt":"2025-10-09T06:07:30","slug":"meticho-chocolate-toffee-70-cl-40-kopier","status":"publish","type":"product","link":"https:\/\/www.raschvin.com\/sv\/produkt\/meticho-chocolate-toffee-70-cl-40-kopier\/","title":{"rendered":"Meticho Coconut 70 cl. 40%"},"content":{"rendered":"<p>Skeppets brud. Solbr\u00e4nd. Barfota i den varma sanden.<br \/>\nDu vaknar p\u00e5 en gl\u00f6md \u00f6, d\u00e4r luften \u00e4r tung av havssalt och s\u00f6t kokos. Palmtr\u00e4den viskar om \u00e4ventyr, och i din hand h\u00e5ller du en flaska som tar dig rakt till paradiset.<\/p>\n<p>Meticho Coconut \u00e4r din tropiska frestelse \u2013 en kr\u00e4mig, mjuk spritdryck med smak av solmogen kokosn\u00f6t, avrundad med silkeslen karamell, vanilj och ett st\u00e4nk av tropisk choklad.<\/p>\n<p>L\u00e4cker, f\u00f6rf\u00f6risk och lite vild \u2013 perfekt i cocktails, \u00f6ver is\u2026 eller bara som ren njutning.<\/p>\n<p>Dr\u00f6m dig bort \u2013 Smaka p\u00e5 \u00e4ventyret \u2013 Njut av Meticho Coconut.<\/p>\n<p>Om Space Nation<br \/>\nRum Nation grundades av italienaren Fabio Rossi 1999. Tanken var att hitta varje lands speciella romstil. Det ledde till ett fler\u00e5rigt \u00e4ventyr som ledde Rossi fr\u00e5n sm\u00e5 peruanska destillerier till rom- och insektsmuseer i Guadelope.<\/p>\n<p>I katalogen hittar du bland annat v\u00e4lk\u00e4nda romnationer som Jamaica och Barbados, men du hittar \u00e4ven l\u00e4nder som hittills varit totalt ok\u00e4nda p\u00e5 den internationella marknaden &#8211; som Peru och Bougainville.<\/p>\n<p>Den f\u00e4rdiglagrade rommen k\u00f6ps fr\u00e5n utvalda destillerier runt om i v\u00e4rlden, och f\u00f6rs sedan till Italien, d\u00e4r den buteljeras och blandas. Huvudfokus \u00e4r ursprungslandets uttryck och stil och d\u00e4rf\u00f6r avsl\u00f6jas inte n\u00f6dv\u00e4ndigtvis vilket destilleri buteljeringen kommer ifr\u00e5n. Ett genomg\u00e5ende motiv \u00e4r att flaskorna \u00e4r m\u00e4rkta med en st\u00e4mpel fr\u00e5n ursprungslandet.<\/p>\n<p>M\u00e5nga \u00e5rs erfarenhet och forskning &#8211; samt en strikt urvalsprocess &#8211; har skapat ett stort urval av &#8221;single roms&#8221;, som, trogna roms hj\u00e4rta, \u00e4r unika och of\u00f6rgl\u00f6mliga!<\/p>\n","protected":false},"excerpt":{"rendered":"<p>Premium Aged Spirit Drink<\/p>\n","protected":false},"featured_media":100314,"template":"","meta":{"_acf_changed":false,"rs_blank_template":"","rs_page_bg_color":"","slide_template_v7":""},"product_brand":[],"product_cat":[2387,4642,4634,2391,4678,4639,2390],"product_tag":[],"class_list":{"0":"post-100195","1":"product","2":"type-product","3":"status-publish","4":"has-post-thumbnail","6":"product_cat-avec-sv","7":"product_cat-flavoured-rom-sv","8":"product_cat-premium-aged-sv","9":"product_cat-rom-sv","10":"product_cat-romlikor","11":"product_cat-romliqueur-sv","12":"product_cat-sprit","13":"pa_land-centralamerika","14":"pa_procent-40-sv-2","15":"pa_producent-rum-nation-sv","16":"pa_volume-70-sv-2","18":"first","19":"instock","20":"sale","21":"taxable","22":"shipping-taxable","23":"purchasable","24":"product-type-simple"},"bundled_by":[],"bundle_stock_status":"instock","bundle_stock_quantity":null,"bundle_virtual":false,"bundle_layout":"","bundle_add_to_cart_form_location":"","bundle_editable_in_cart":false,"bundle_sold_individually_context":"","bundle_item_grouping":"","bundle_min_size":"","bundle_max_size":"","bundle_price":[],"bundled_items":[],"bundle_sell_ids":[],"acf":[],"_links":{"self":[{"href":"https:\/\/www.raschvin.com\/sv\/wp-json\/wp\/v2\/product\/100195","targetHints":{"allow":["GET"]}}],"collection":[{"href":"https:\/\/www.raschvin.com\/sv\/wp-json\/wp\/v2\/product"}],"about":[{"href":"https:\/\/www.raschvin.com\/sv\/wp-json\/wp\/v2\/types\/product"}],"wp:featuredmedia":[{"embeddable":true,"href":"https:\/\/www.raschvin.com\/sv\/wp-json\/wp\/v2\/media\/100314"}],"wp:attachment":[{"href":"https:\/\/www.raschvin.com\/sv\/wp-json\/wp\/v2\/media?parent=100195"}],"wp:term":[{"taxonomy":"product_brand","embeddable":true,"href":"https:\/\/www.raschvin.com\/sv\/wp-json\/wp\/v2\/product_brand?post=100195"},{"taxonomy":"product_cat","embeddable":true,"href":"https:\/\/www.raschvin.com\/sv\/wp-json\/wp\/v2\/product_cat?post=100195"},{"taxonomy":"product_tag","embeddable":true,"href":"https:\/\/www.raschvin.com\/sv\/wp-json\/wp\/v2\/product_tag?post=100195"}],"curies":[{"name":"wp","href":"https:\/\/api.w.org\/{rel}","templated":true}]}}