{"id":22485,"date":"2022-06-15T10:57:20","date_gmt":"2022-06-15T08:57:20","guid":{"rendered":"https:\/\/www.raschvin.com\/koepvillkor\/"},"modified":"2025-08-27T17:14:27","modified_gmt":"2025-08-27T15:14:27","slug":"koepvillkor","status":"publish","type":"page","link":"https:\/\/www.raschvin.com\/sv\/koepvillkor\/","title":{"rendered":"K\u00f6pvillkor"},"content":{"rendered":"[vc_row type=&#8221;in_container&#8221; full_screen_row_position=&#8221;middle&#8221; column_margin=&#8221;default&#8221; column_direction=&#8221;default&#8221; column_direction_tablet=&#8221;default&#8221; column_direction_phone=&#8221;default&#8221; scene_position=&#8221;center&#8221; text_color=&#8221;dark&#8221; text_align=&#8221;left&#8221; row_border_radius=&#8221;none&#8221; row_border_radius_applies=&#8221;bg&#8221; overflow=&#8221;visible&#8221; overlay_strength=&#8221;0.3&#8243; gradient_direction=&#8221;left_to_right&#8221; shape_divider_position=&#8221;bottom&#8221; bg_image_animation=&#8221;none&#8221;][vc_column column_padding=&#8221;no-extra-padding&#8221; column_padding_tablet=&#8221;inherit&#8221; column_padding_phone=&#8221;inherit&#8221; column_padding_position=&#8221;all&#8221; column_element_direction_desktop=&#8221;default&#8221; column_element_spacing=&#8221;default&#8221; desktop_text_alignment=&#8221;default&#8221; tablet_text_alignment=&#8221;default&#8221; phone_text_alignment=&#8221;default&#8221; background_color_opacity=&#8221;1&#8243; background_hover_color_opacity=&#8221;1&#8243; column_backdrop_filter=&#8221;none&#8221; column_shadow=&#8221;none&#8221; column_border_radius=&#8221;none&#8221; column_link_target=&#8221;_self&#8221; column_position=&#8221;default&#8221; gradient_direction=&#8221;left_to_right&#8221; overlay_strength=&#8221;0.3&#8243; width=&#8221;1\/1&#8243; tablet_width_inherit=&#8221;default&#8221; animation_type=&#8221;default&#8221; bg_image_animation=&#8221;none&#8221; border_type=&#8221;simple&#8221; column_border_width=&#8221;none&#8221; column_border_style=&#8221;solid&#8221;][vc_column_text]Nordsj\u00e6llands Vin &amp; Spiritus Import Aps<br \/>\nStengade 47,<br \/>\n3000 Helsing\u00f8r, Danmark<\/p>\n<p>CVR: 38387847<\/p>\n<p>Grundat: 2017<\/p>\n<h3>1. K\u00f6p p\u00e5 raschvin.com<\/h3>\n<p><strong>1.1.<\/strong> Du m\u00e5ste vara 18 \u00e5r f\u00f6r att handla p\u00e5 raschvin.com<\/p>\n<p><strong>1.2<\/strong> K\u00f6p \u00e4r giltigt n\u00e4r du som kund f\u00e5r en faktura fr\u00e5n raschvin.com<\/p>\n<p>Med reservation f\u00f6r prisfel etc. p\u00e5 grund av valutaf\u00f6r\u00e4ndringar, leveransmisslyckanden, skattef\u00f6r\u00e4ndringar, s\u00e5lda artiklar och tryckfel.<\/p>\n<p><strong>1.3<\/strong> Best\u00e4llningar expedieras tisdagar och fredagar. Normal leveranstid \u00e4r 7\u201310 arbetsdagar fr\u00e5n det att vi har expedierat din best\u00e4llning. Har du mot f\u00f6rmodan inte erh\u00e5llit din leverans inom 10 arbetsdagar s\u00e5 ber vi dig kontakta kundtj\u00e4nst. Fraktavgiften betalas alltid av k\u00f6paren och baserar sig p\u00e5 frakts\u00e4tt och vikt enligt respektive distribut\u00f6rs taxa.<\/p>\n<p><strong>1.4<\/strong> Vid leverans till en paketbutik tar vi inget ansvar f\u00f6r att paketet h\u00e4mtas i tid. Om paketet inte h\u00e4mtas ut skickas det tillbaka till Raschvin. Om du \u00f6nskar f\u00e5 varan levererad igen f\u00f6rbeh\u00e5ller vi oss r\u00e4tten att ta betalt f\u00f6r detta.<\/p>\n<p><strong>1.4a<\/strong> \u00d6nskar du f\u00e5 paketet levererat igen kan leverans k\u00f6pas h\u00e4r i \u00f6verenskommelse med Nordsj\u00e6llands Vin &amp; Spiritus Import Aps &#8211; <a href=\"https:\/\/www.raschvin.com\/sv\/fraktpriser\/\"><strong>K\u00f6p porto<\/strong><\/a><\/p>\n<h3>2. Priser och kontrakt<\/h3>\n<p>Alla priser \u00e4r i danska kronor (DKK) inkl. 25% moms, om inget annat n\u00e4mns. Alla avtal ing\u00e5s p\u00e5 danska. Priset framg\u00e5r av den information som fr\u00e5n tid till annan finns tillg\u00e4nglig p\u00e5 Webbplatsen inkl. Danska punktskatter. Vid best\u00e4llning till Sverige m\u00e5ste k\u00f6paren betala tullar och skatter i enlighet med lokala regler. F\u00f6r leveranser utanf\u00f6r EU inkluderas inte 25% dansk moms.<\/p>\n<h3>3. F\u00f6rs\u00e4ljning i allm\u00e4nhet<\/h3>\n<p>Det angivna priset vid best\u00e4llningstillf\u00e4llet \u00e4r det till\u00e4mpliga orderpriset. Upph\u00e4mtningsartiklar faktureras till det aktuella priset vid best\u00e4llningstillf\u00e4llet, och priset \u00e4ndras INTE n\u00e4r priserna faller eller \u00f6kar.<\/p>\n<h3>4. Avbryt best\u00e4llning<\/h3>\n<p>Om du vill avbryta eller avbryta en best\u00e4llning som redan har gjorts kan detta g\u00f6ras genom att skicka ett e-postmeddelande till <a href=\"mailto:info@raschvin.dk\">info@raschvin.dk<\/a> med m\u00e4rkning &#8221;Avbokning&#8221;. H\u00e4r m\u00e5ste best\u00e4llningstid och ordernummer visas. Har du f\u00e5tt en orderbekr\u00e4ftelse per. e-post, kan detta returneras till avs\u00e4ndaren med texten &#8221;Avbokning&#8221; infogad i \u00e4mnestexten. Avbokning m\u00e5ste g\u00f6ras f\u00f6re kl. 12 samma dag som best\u00e4llningen g\u00f6rs. Har du best\u00e4llt varan efter kl. 15, avbokning m\u00e5ste g\u00f6ras f\u00f6re kl. 12 p\u00e5f\u00f6ljande vardag.<\/p>\n<h3>5. Orderbekr\u00e4ftelse och faktura<\/h3>\n<p>raschvin.com lagrar sj\u00e4lva orderbekr\u00e4ftelsen efter att den har skickats till kunden. Skicka ett e-postmeddelande till <a href=\"mailto:info@raschvin.dk\">info@raschvin.dk<\/a> om du vill f\u00e5 en kopia av din orderbekr\u00e4ftelse.<\/p>\n<h3>6. Betalning<\/h3>\n<p>De m\u00f6jliga betalningsmetoderna \u00e4r:<\/p>\n<p>Via Nets<br \/>\n&#8211; Mobile Pay<br \/>\n&#8211; Visa<br \/>\n&#8211; Master Card<br \/>\n&#8211; Dankort<br \/>\n&#8211; Apple Pay<\/p>\n<p>Ingen avgift debiteras f\u00f6r betalning p\u00e5 raschvin.com. Beloppet dras bara fr\u00e5n ditt kort n\u00e4r varorna skickas fr\u00e5n raschvin.com (undantaget dras pengarna omedelbart ut f\u00f6r varor som kr\u00e4ver f\u00f6rbest\u00e4llning, samt f\u00f6r k\u00f6p av biljetter f\u00f6r provsmakningar och liknande). Ett belopp som \u00e4r st\u00f6rre \u00e4n vad du har godk\u00e4nt vid k\u00f6pet kan aldrig dras av. Eventuella avgifter f\u00f6r avbetalning kan tillkomma via Nets.<\/p>\n<h3>7. \u00c5ngerr\u00e4tt och utbyte av varor<\/h3>\n<p>Full returr\u00e4tt f\u00f6r k\u00f6p i onlinebutiken (inte i den fysiska butiken). Om du \u00e5ngrar ditt online-k\u00f6p ger raschvin.com full returr\u00e4tt, f\u00f6rutom k\u00f6p av biljetter f\u00f6r provsmakningar och liknande. Varan m\u00e5ste dock returneras i samma skick och kvantitet (se \u00e4ven punkt 11 ang\u00e5ende korrekt retur). Avbest\u00e4llning m\u00e5ste g\u00f6ras senast 14 dagar efter mottagandet av kunden och kunden har sedan ytterligare 14 dagar p\u00e5 sig att returnera varan. N\u00e4r du k\u00f6per sprit i flaskor \u00e4r originalf\u00f6rpackningen alltid en betydande del av varans v\u00e4rde. F\u00f6rpackningen m\u00e5ste d\u00e4rf\u00f6r alltid skickas tillbaka s\u00e5 att villkoren f\u00f6r att ut\u00f6va \u00e5ngerr\u00e4tten \u00e4r uppfyllda. Om du \u00f6ppnar en flaska \u00e4r den inte i samma skick l\u00e4ngre och du kommer inte att kunna \u00e5ngra k\u00f6pet. Varor som returneras m\u00e5ste \u00e5tf\u00f6ljas av en originalfaktura och levereras gratis till raschvin.com<\/p>\n<p><strong>Varan skickas till:<\/strong><\/p>\n<p>raschvin.com<\/p>\n<p>Stengade 47,<br \/>\n3000 Helsing\u00f8r, Danmark<\/p>\n<p>Varor som returneras utan betald frakt eller porto avvisas av raschvin.com. Vid returhandel \u00e5terbetalas artikelbeloppet (ej frakt) via konto till kunden inom 14 dagar. Du kan ocks\u00e5 byta mot en annan artikel, och h\u00e4r \u00e4r proceduren densamma: skicka en retur och bifoga en anteckning som ber\u00e4ttar vad du vill byta till.<\/p>\n<h3>8. R\u00e4tt till klagom\u00e5l<\/h3>\n<p>Som konsument har du 2 \u00e5rs r\u00e4tt att g\u00f6ra ett klagom\u00e5l, vilket inneb\u00e4r att du antingen kan reparera, byta, f\u00e5 tillbaka pengarna eller s\u00e4nka priset beroende p\u00e5 den specifika situationen. Detta kr\u00e4ver naturligtvis att klagom\u00e5let \u00e4r motiverat.<\/p>\n<p>Om du vill klaga p\u00e5 ditt k\u00f6p, skriv ett mejl till <a href=\"mailto:info@raschvin.dk\">info@raschvin.dk<\/a><\/p>\n<p>Om du bor i ett annat EU-land \u00e4n Danmark kan du klaga till EU-kommissionens online-klagom\u00e5lsportal h\u00e4r &#8211; <a href=\"http:\/\/ec.europa.eu\/odr\" target=\"_blank\" rel=\"noopener\">http:\/\/ec.europa.eu\/odr<\/a><\/p>\n<p>Om objektet ov\u00e4ntat g\u00e5r s\u00f6nder under klagom\u00e5lsperioden kommer detta att bytas ut \/ repareras gratis. Skador p\u00e5 produkten p\u00e5 grund av anv\u00e4ndningsfel, hanteringsfel, modifieringar eller grovt missbruk av anv\u00e4ndaren t\u00e4cks inte av r\u00e4tten till reklamation. raschvin.com kan inte h\u00e5llas ansvarigt f\u00f6r f\u00f6rlorade data och andra indirekta f\u00f6ljdskador som varor som s\u00e5lts av raschvin.com kan ha skapat, s\u00e5vida det inte f\u00f6ljer direkt av dansk lag. H\u00e4nvisning g\u00f6rs ocks\u00e5 till ink\u00f6pslagen f\u00f6r f\u00f6rfarande avseende detta.<\/p>\n<p>M\u00e4rk f\u00f6rem\u00e5let &#8221;klagom\u00e5l&#8221; och skicka till:<\/p>\n<p>Rachvin.com\/sv<\/p>\n<p>Stengade 47,<br \/>\n3000 Helsing\u00f8r, Danmark<\/p>\n<h3>9. Ut\u00f6vande av r\u00e4tten till klagom\u00e5l<\/h3>\n<p>Klagom\u00e5l avseende brister m\u00e5ste meddelas till raschvin.com inom rimlig tid efter mottagandet av varorna. Kunden uppmanas starkt att g\u00f6ra ett uttalande om produktens brister eller brister i samband med klagom\u00e5let, eftersom underl\u00e5tenhet att g\u00f6ra det kan inneb\u00e4ra en f\u00f6rl\u00e4ngning av saneringsprocessen p\u00e5 grund av fels\u00f6kning. Kunden kan klaga genom att returnera den defekta artikeln till v\u00e5r adress. Varor som inte ing\u00e5r i klagom\u00e5lsr\u00e4tten och \/ eller mottas utan korrekt f\u00f6rpackning kommer att f\u00f6rpackas om och ett belopp motsvarande raschvin.com\u2019s kostnader f\u00f6r n\u00f6dv\u00e4ndig och korrekt f\u00f6rpackning kommer att debiteras. Varor som returneras p\u00e5 COD eller skickas utan porto nekas mottagande av raschvin.com<\/p>\n<h3>10. Returer som inte inneh\u00e5ller defekter<\/h3>\n<p>N\u00e4r kunden returnerar defekta eller felaktiga varor till raschvin.com, d\u00e4r ett fel eller defekt, definierat och angett av kunden, inte hittas, returneras varan till kunden. raschvin.com f\u00f6rbeh\u00e5ller sig r\u00e4tten att ta ut fraktkostnader kontant vid leverans om det inte finns n\u00e5got kreditavtal. Om tillbeh\u00f6r ing\u00e5r, m\u00e5ste numret och produktbeskrivningen inkluderas. Varorna ska returneras med en fakturakopia, d\u00e4r orderdatum f\u00f6r den annonserade produkten visas, eftersom artikeln annars kommer att kasseras tills det finns en fakturakopia och eventuellt felmeddelande p\u00e5 produkten. F\u00f6rem\u00e5l som inte omfattas av klagom\u00e5lsr\u00e4tten och som tas emot utan korrekt f\u00f6rpackning kommer att omf\u00f6rpackas och ett belopp som motsvarar v\u00e5ra kostnader f\u00f6r n\u00f6dv\u00e4ndig och korrekt f\u00f6rpackning kommer att debiteras.<\/p>\n<h3>11. Korrekt retur<\/h3>\n<p>Alla produkter som returneras till raschvin.com m\u00e5ste f\u00f6rpackas ordentligt. Skador p\u00e5 grund av otillr\u00e4cklig f\u00f6rpackning kan leda till att dina r\u00e4ttigheter \u00e5terkallas. raschvin.com rekommenderar att artikeln returneras via GLS och att artikeln skickas som paketpost. P\u00e5 detta s\u00e4tt \u00e4r det m\u00f6jligt att sp\u00e5ra paketet i GLS system och det tar d\u00e4rmed bort alla tvivel om varan har levererats till raschvin.com. Dessutom har kunden m\u00f6jlighet att beg\u00e4ra paketet om leveransen inte har skett.<\/p>\n<h2>11.a Klagom\u00e5l<\/h2>\n<p>Vid reklamationer d\u00e4r kunden tagit emot felaktiga eller defekta varor s\u00e5 krediteras den totala ordern + frakten n\u00e4r vi tar emot varan. T\u00e4nk p\u00e5 att skicka en kopia av fakturan tillsammans med defekta eller felaktiga varor vid retur.<\/p>\n<h3>12. Har du n\u00e5gra fr\u00e5gor?<\/h3>\n<p>Om det skulle uppst\u00e5 n\u00e5gra fr\u00e5gor rekommenderar raschvin.com att du kontaktar <a href=\"mailto:info@raschvin.dk\">info@raschvin.dk<\/a><\/p>\n<h3>13. S\u00e4rskilda best\u00e4mmelser f\u00f6r handlare<\/h3>\n<p>Samma f\u00f6rs\u00e4ljningsvillkor g\u00e4ller som f\u00f6r konsumenter, men med f\u00f6ljande \u00e4ndring.<\/p>\n<p>Det finns ingen \u00e5ngerr\u00e4tt f\u00f6r handlare. Varor kan inte k\u00f6pas som privatkund om varan best\u00e4lls via ett hush\u00e5ll som \u00e4r registrerat som f\u00f6retag (f\u00f6retag = f\u00f6retagskund eller institution).<\/p>\n<p>Det finns ett \u00e5rs garanti fr\u00e5n det ursprungliga fakturadatumet. Byte eller reparation resulterar inte i en ny 1-\u00e5rs garantiperiod. raschvin.com f\u00f6rbeh\u00e5ller sig \u00e4gander\u00e4tten till k\u00f6pta varor p\u00e5 kredit tills hela k\u00f6peskillingen har betalats.<\/p>\n<p><strong>1.<\/strong> Alla kostnader i samband med verkst\u00e4lligheten av \u00e4gander\u00e4tten b\u00e4rs av k\u00f6paren.<\/p>\n<p><strong>2.<\/strong> R\u00e4nta tillfaller fr\u00e5n f\u00f6rfallodagen till 1% per. p\u00e5b\u00f6rjad m\u00e5nad.<\/p>\n<h3>14. Presentkortregler<\/h3>\n<p>Presentkortet g\u00e4ller i 1 \u00e5r. Det finns en 14-dagars \u00e5ngerr\u00e4tt p\u00e5 presentkortet.<\/p>\n<p>Det h\u00e4nvisas ocks\u00e5 till villkoren f\u00f6r presentkort p\u00e5 konsumentombudsmannens webbplats<\/p>\n<p>Presentkort kan anv\u00e4ndas online eller i v\u00e5r fysiska butik<\/p>\n<h4>14.1 Presentkort som betalningsmetod<\/h4>\n<p>Vi accepterar presentkort som betalningsmetod, s\u00e5 l\u00e4nge dessa \u00e4r k\u00f6pta i v\u00e5r fysiska butik eller v\u00e5r webshop.<\/p>\n<p>Presentkort kan anv\u00e4ndas f\u00f6r att betala f\u00f6r produkter hos Rasch vin og Spiritus.<\/p>\n<p>Presentkort kan INTE anv\u00e4ndas f\u00f6r att betala frakt\/utskick av varor.<\/p>\n<h3>15. Vad g\u00f6r vi med din personliga information (policy f\u00f6r personuppgifter)<\/h3>\n<p><strong>I allm\u00e4nhet<\/strong><\/p>\n<p>Personlig information \u00e4r all slags information som till viss del kan tillskrivas dig. N\u00e4r du anv\u00e4nder v\u00e5r webbplats samlar vi in och behandlar ett antal s\u00e5dana uppgifter. Det h\u00e4nder t.ex. genom regelbunden tillg\u00e5ng till inneh\u00e5ll om du registrerar dig f\u00f6r v\u00e5rt nyhetsbrev, deltar i t\u00e4vlingar eller unders\u00f6kningar, registrerar dig som anv\u00e4ndare eller abonnent, annars anv\u00e4nder tj\u00e4nster eller g\u00f6r ink\u00f6p via webbplatsen.<\/p>\n<p>Vi samlar in och behandlar vanligtvis f\u00f6ljande typer av information: Ett unikt ID och teknisk information om din dator, surfplatta eller mobiltelefon, ditt IP-nummer, geografiska l\u00e4ge och vilka sidor du klickar p\u00e5 (intresserar). I den m\u00e5n du sj\u00e4lv ger uttryckligt samtycke till detta och sj\u00e4lv matar in informationen behandlas \u00e4ven f\u00f6ljande: Namn, telefonnummer, e-post, adress och betalningsinformation. Detta kommer vanligtvis att vara i samband med att skapa en inloggning eller k\u00f6p.<\/p>\n<p><strong>S\u00e4kerhet<\/strong><\/p>\n<p>Vi har vidtagit tekniska och organisatoriska \u00e5tg\u00e4rder mot att din information av misstag eller olagligt raderas, publiceras, f\u00f6rloras, f\u00f6rs\u00e4mras eller k\u00e4nns till obeh\u00f6riga, missbrukas eller p\u00e5 annat s\u00e4tt behandlas i strid med lagen.<\/p>\n<p><strong>\u00c4ndam\u00e5l<\/strong><\/p>\n<p>Informationen anv\u00e4nds f\u00f6r att identifiera dig som anv\u00e4ndare och visa de annonser som mest sannolikt kommer att vara relevanta f\u00f6r dig, f\u00f6r att registrera dina ink\u00f6p och betalningar, samt f\u00f6r att kunna tillhandah\u00e5lla de tj\u00e4nster du har beg\u00e4rt, t.ex. att skicka ett nyhetsbrev. Dessutom anv\u00e4nder vi informationen f\u00f6r att optimera v\u00e5ra tj\u00e4nster och inneh\u00e5ll.<\/p>\n<p><strong>Lagringsperiod<\/strong><\/p>\n<p>Informationen lagras under den tid som till\u00e5ts enligt lag och vi tar bort den n\u00e4r den inte l\u00e4ngre beh\u00f6vs. Perioden beror p\u00e5 informationens natur och lagringens bakgrund. Det \u00e4r d\u00e4rf\u00f6r inte m\u00f6jligt att ange en allm\u00e4n tidsram f\u00f6r n\u00e4r information raderas.<\/p>\n<p><strong>Insikter och klagom\u00e5l<\/strong><\/p>\n<p>Du har r\u00e4tt att f\u00e5 information om de personuppgifter vi behandlar om dig. Du kan ocks\u00e5 n\u00e4r som helst inv\u00e4nda mot anv\u00e4ndningen av information. Du kan ocks\u00e5 \u00e5terkalla ditt samtycke f\u00f6r att information om dig ska behandlas. Om den information som behandlas om dig \u00e4r felaktig har du r\u00e4tt att f\u00e5 den korrigerad eller raderad. F\u00f6rfr\u00e5gningar om detta kan g\u00f6ras till: <a href=\"mailto:info@raschvin.dk\">info@raschvin.dk<\/a> Om du vill klaga p\u00e5 v\u00e5r behandling av dina personuppgifter har du ocks\u00e5 m\u00f6jlighet att kontakta den danska dataskyddsmyndigheten.[\/vc_column_text][\/vc_column][\/vc_row]\n","protected":false},"excerpt":{"rendered":"<p>[vc_row type=&#8221;in_container&#8221; full_screen_row_position=&#8221;middle&#8221; column_margin=&#8221;default&#8221; column_direction=&#8221;default&#8221; column_direction_tablet=&#8221;default&#8221; column_direction_phone=&#8221;default&#8221; scene_position=&#8221;center&#8221; text_color=&#8221;dark&#8221; text_align=&#8221;left&#8221; row_border_radius=&#8221;none&#8221; row_border_radius_applies=&#8221;bg&#8221; overflow=&#8221;visible&#8221; overlay_strength=&#8221;0.3&#8243; gradient_direction=&#8221;left_to_right&#8221; shape_divider_position=&#8221;bottom&#8221; bg_image_animation=&#8221;none&#8221;][vc_column column_padding=&#8221;no-extra-padding&#8221; column_padding_tablet=&#8221;inherit&#8221; column_padding_phone=&#8221;inherit&#8221; column_padding_position=&#8221;all&#8221; column_element_direction_desktop=&#8221;default&#8221; column_element_spacing=&#8221;default&#8221; desktop_text_alignment=&#8221;default&#8221; tablet_text_alignment=&#8221;default&#8221; phone_text_alignment=&#8221;default&#8221; background_color_opacity=&#8221;1&#8243; background_hover_color_opacity=&#8221;1&#8243; column_backdrop_filter=&#8221;none&#8221; column_shadow=&#8221;none&#8221;&#8230;<\/p>\n","protected":false},"author":1,"featured_media":0,"parent":0,"menu_order":0,"comment_status":"closed","ping_status":"closed","template":"","meta":{"_acf_changed":false,"rs_blank_template":"","rs_page_bg_color":"","slide_template_v7":"","footnotes":""},"class_list":["post-22485","page","type-page","status-publish"],"acf":[],"_links":{"self":[{"href":"https:\/\/www.raschvin.com\/sv\/wp-json\/wp\/v2\/pages\/22485","targetHints":{"allow":["GET"]}}],"collection":[{"href":"https:\/\/www.raschvin.com\/sv\/wp-json\/wp\/v2\/pages"}],"about":[{"href":"https:\/\/www.raschvin.com\/sv\/wp-json\/wp\/v2\/types\/page"}],"author":[{"embeddable":true,"href":"https:\/\/www.raschvin.com\/sv\/wp-json\/wp\/v2\/users\/1"}],"replies":[{"embeddable":true,"href":"https:\/\/www.raschvin.com\/sv\/wp-json\/wp\/v2\/comments?post=22485"}],"version-history":[{"count":10,"href":"https:\/\/www.raschvin.com\/sv\/wp-json\/wp\/v2\/pages\/22485\/revisions"}],"predecessor-version":[{"id":95422,"href":"https:\/\/www.raschvin.com\/sv\/wp-json\/wp\/v2\/pages\/22485\/revisions\/95422"}],"wp:attachment":[{"href":"https:\/\/www.raschvin.com\/sv\/wp-json\/wp\/v2\/media?parent=22485"}],"curies":[{"name":"wp","href":"https:\/\/api.w.org\/{rel}","templated":true}]}}