{"id":22166,"date":"2022-06-15T10:50:25","date_gmt":"2022-06-15T08:50:25","guid":{"rendered":"https:\/\/www.raschvin.com\/erhverv\/"},"modified":"2023-11-22T08:35:21","modified_gmt":"2023-11-22T07:35:21","slug":"erhverv","status":"publish","type":"page","link":"https:\/\/www.raschvin.com\/sv\/erhverv\/","title":{"rendered":"F\u00f6retag"},"content":{"rendered":"[vc_row type=&#8221;full_width_background&#8221; full_screen_row_position=&#8221;middle&#8221; column_margin=&#8221;default&#8221; equal_height=&#8221;yes&#8221; content_placement=&#8221;bottom&#8221; column_direction=&#8221;default&#8221; column_direction_tablet=&#8221;default&#8221; column_direction_phone=&#8221;default&#8221; bg_color=&#8221;#000000&#8243; bg_image=&#8221;21950&#8243; bg_position=&#8221;center center&#8221; background_image_loading=&#8221;default&#8221; bg_repeat=&#8221;no-repeat&#8221; scene_position=&#8221;center&#8221; top_padding=&#8221;15%&#8221; bottom_padding=&#8221;13%&#8221; text_color=&#8221;light&#8221; text_align=&#8221;left&#8221; row_border_radius=&#8221;none&#8221; row_border_radius_applies=&#8221;bg&#8221; zindex=&#8221;10&#8243; overflow=&#8221;visible&#8221; color_overlay=&#8221;#0a0a0a&#8221; advanced_gradient_angle=&#8221;0&#8243; overlay_strength=&#8221;0.5&#8243; gradient_direction=&#8221;left_to_right&#8221; shape_divider_position=&#8221;bottom&#8221; shape_divider_height=&#8221;350&#8243; bg_image_animation=&#8221;fade-in&#8221; parallax_bg=&#8221;true&#8221; parallax_bg_speed=&#8221;fast&#8221; shape_type=&#8221;mountains&#8221; gradient_type=&#8221;default&#8221;][vc_column column_padding=&#8221;no-extra-padding&#8221; column_padding_tablet=&#8221;inherit&#8221; column_padding_phone=&#8221;inherit&#8221; column_padding_position=&#8221;all&#8221; column_element_direction_desktop=&#8221;default&#8221; column_element_spacing=&#8221;default&#8221; desktop_text_alignment=&#8221;default&#8221; tablet_text_alignment=&#8221;default&#8221; phone_text_alignment=&#8221;default&#8221; background_color_opacity=&#8221;1&#8243; background_hover_color_opacity=&#8221;1&#8243; column_backdrop_filter=&#8221;none&#8221; column_shadow=&#8221;none&#8221; column_border_radius=&#8221;none&#8221; column_link_target=&#8221;_self&#8221; column_position=&#8221;default&#8221; gradient_direction=&#8221;left_to_right&#8221; overlay_strength=&#8221;0.3&#8243; width=&#8221;1\/1&#8243; tablet_width_inherit=&#8221;default&#8221; animation_type=&#8221;default&#8221; bg_image_animation=&#8221;none&#8221; border_type=&#8221;simple&#8221; column_border_width=&#8221;none&#8221; column_border_style=&#8221;solid&#8221;][vc_row_inner column_margin=&#8221;default&#8221; column_direction=&#8221;default&#8221; column_direction_tablet=&#8221;default&#8221; column_direction_phone=&#8221;default&#8221; text_align=&#8221;left&#8221; row_position=&#8221;default&#8221; row_position_tablet=&#8221;inherit&#8221; row_position_phone=&#8221;inherit&#8221; overflow=&#8221;visible&#8221; pointer_events=&#8221;all&#8221;][vc_column_inner column_padding=&#8221;no-extra-padding&#8221; column_padding_tablet=&#8221;inherit&#8221; column_padding_phone=&#8221;inherit&#8221; column_padding_position=&#8221;all&#8221; column_element_direction_desktop=&#8221;default&#8221; column_element_spacing=&#8221;default&#8221; centered_text=&#8221;true&#8221; desktop_text_alignment=&#8221;default&#8221; tablet_text_alignment=&#8221;default&#8221; phone_text_alignment=&#8221;default&#8221; background_color_opacity=&#8221;1&#8243; background_hover_color_opacity=&#8221;1&#8243; column_backdrop_filter=&#8221;none&#8221; column_shadow=&#8221;none&#8221; column_border_radius=&#8221;none&#8221; column_link_target=&#8221;_self&#8221; overflow=&#8221;visible&#8221; advanced_gradient_angle=&#8221;0&#8243; gradient_direction=&#8221;left_to_right&#8221; overlay_strength=&#8221;0.3&#8243; width=&#8221;1\/1&#8243; tablet_width_inherit=&#8221;default&#8221; animation_type=&#8221;default&#8221; bg_image_animation=&#8221;none&#8221; border_type=&#8221;simple&#8221; column_border_width=&#8221;none&#8221; column_border_style=&#8221;solid&#8221; gradient_type=&#8221;default&#8221;][vc_column_text]\n<h1 style=\"text-align: center;\">F\u00f6retag &amp; grossist<\/h1>\n<h2 style=\"text-align: center;\">K\u00f6p dina f\u00f6retagspresenter till anst\u00e4llda eller aff\u00e4rspartners. Vi g\u00f6r presentkorgar &amp; f\u00f6retagsevent du minns.<\/h2>\n[\/vc_column_text][\/vc_column_inner][\/vc_row_inner][\/vc_column][\/vc_row][vc_row type=&#8221;in_container&#8221; full_screen_row_position=&#8221;middle&#8221; column_margin=&#8221;default&#8221; column_direction=&#8221;default&#8221; column_direction_tablet=&#8221;default&#8221; column_direction_phone=&#8221;default&#8221; scene_position=&#8221;center&#8221; top_margin=&#8221;-140px&#8221; bottom_margin=&#8221;5%&#8221; top_margin_tablet=&#8221;-90px&#8221; top_margin_phone=&#8221;-40px&#8221; text_color=&#8221;dark&#8221; text_align=&#8221;left&#8221; row_border_radius=&#8221;none&#8221; row_border_radius_applies=&#8221;bg&#8221; overflow=&#8221;visible&#8221; advanced_gradient_angle=&#8221;0&#8243; overlay_strength=&#8221;0.3&#8243; gradient_direction=&#8221;left_to_right&#8221; shape_divider_position=&#8221;bottom&#8221; bg_image_animation=&#8221;none&#8221; gradient_type=&#8221;default&#8221; shape_type=&#8221;&#8221;][vc_column column_padding=&#8221;padding-3-percent&#8221; column_padding_tablet=&#8221;inherit&#8221; column_padding_phone=&#8221;inherit&#8221; column_padding_position=&#8221;all&#8221; column_element_direction_desktop=&#8221;default&#8221; column_element_spacing=&#8221;default&#8221; desktop_text_alignment=&#8221;default&#8221; tablet_text_alignment=&#8221;default&#8221; phone_text_alignment=&#8221;default&#8221; background_color=&#8221;#ffffff&#8221; background_color_opacity=&#8221;1&#8243; background_hover_color_opacity=&#8221;1&#8243; column_backdrop_filter=&#8221;none&#8221; column_shadow=&#8221;small_depth&#8221; column_border_radius=&#8221;5px&#8221; column_link_target=&#8221;_self&#8221; column_position=&#8221;default&#8221; zindex=&#8221;100&#8243; advanced_gradient_angle=&#8221;0&#8243; gradient_direction=&#8221;left_to_right&#8221; overlay_strength=&#8221;0.3&#8243; width=&#8221;1\/2&#8243; tablet_width_inherit=&#8221;default&#8221; animation_type=&#8221;default&#8221; bg_image_animation=&#8221;none&#8221; border_type=&#8221;simple&#8221; column_border_width=&#8221;none&#8221; column_border_style=&#8221;solid&#8221; gradient_type=&#8221;default&#8221;][vc_row_inner equal_height=&#8221;yes&#8221; column_margin=&#8221;default&#8221; column_direction=&#8221;default&#8221; column_direction_tablet=&#8221;default&#8221; column_direction_phone=&#8221;default&#8221; text_align=&#8221;left&#8221; row_position=&#8221;default&#8221; row_position_tablet=&#8221;inherit&#8221; row_position_phone=&#8221;inherit&#8221; overflow=&#8221;visible&#8221; pointer_events=&#8221;all&#8221; css=&#8221;.vc_custom_1700637569850{background-position: center !important;background-repeat: no-repeat !important;background-size: cover !important;}&#8221;][vc_column_inner column_padding=&#8221;no-extra-padding&#8221; column_padding_tablet=&#8221;inherit&#8221; column_padding_phone=&#8221;inherit&#8221; column_padding_position=&#8221;all&#8221; column_element_direction_desktop=&#8221;default&#8221; column_element_spacing=&#8221;default&#8221; desktop_text_alignment=&#8221;default&#8221; tablet_text_alignment=&#8221;default&#8221; phone_text_alignment=&#8221;default&#8221; background_color_opacity=&#8221;1&#8243; background_hover_color_opacity=&#8221;1&#8243; column_backdrop_filter=&#8221;none&#8221; column_shadow=&#8221;none&#8221; column_border_radius=&#8221;none&#8221; column_link_target=&#8221;_self&#8221; overflow=&#8221;visible&#8221; gradient_direction=&#8221;left_to_right&#8221; overlay_strength=&#8221;0.3&#8243; width=&#8221;1\/1&#8243; tablet_width_inherit=&#8221;default&#8221; animation_type=&#8221;default&#8221; bg_image_animation=&#8221;none&#8221; border_type=&#8221;simple&#8221; column_border_width=&#8221;none&#8221; column_border_style=&#8221;solid&#8221;][image_with_animation image_url=&#8221;44906&#8243; image_size=&#8221;full&#8221; animation_type=&#8221;entrance&#8221; animation=&#8221;None&#8221; animation_movement_type=&#8221;transform_y&#8221; hover_animation=&#8221;none&#8221; alignment=&#8221;&#8221; border_radius=&#8221;none&#8221; box_shadow=&#8221;none&#8221; image_loading=&#8221;default&#8221; max_width=&#8221;100%&#8221; max_width_mobile=&#8221;default&#8221;][\/vc_column_inner][\/vc_row_inner][vc_column_text]\n<h2>G\u00e5vor<\/h2>\n<p><strong>Sj\u00e4lvvalda presentkombinationer<\/strong><br \/>\nKontakta oss s\u00e5 hj\u00e4lper vi dig med en passande och smakrik present utifr\u00e5n dina preferenser.<\/p>\n<p>Ring oss <a href=\"tel:+4548420241\">+45 48 42 02 41<\/a> eller l\u00e4mna in en f\u00f6rfr\u00e5gan.<\/p>\n<p><strong>F\u00e4rdiga presentpaket<\/strong><br \/>\nI v\u00e5r webbshop kan du best\u00e4lla f\u00e4rdiga presentpaket[\/vc_column_text][nectar_btn size=&#8221;large&#8221; button_style=&#8221;see-through-2&#8243; hover_text_color_override=&#8221;#ffffff&#8221; icon_family=&#8221;none&#8221; text=&#8221;Se eksempler p\u00e5 vores f\u00e6rdige gavepakker her&#8221; url=&#8221;\/sv\/produkt-kategori\/gaavor\/&#8221; margin_bottom=&#8221;20px&#8221;][vc_column_text]\n<h3>Grossistf\u00f6rs\u00e4ljning<\/h3>\n<p>Vi importerar m\u00e5nga olika produkter, varav en stor del endast importeras till Danmark genom Rasch Vin &amp; Spirits.<\/p>\n<p>D\u00e4rf\u00f6r s\u00e4ljer vi v\u00e5r egen import direkt till restauranger och butiker i hela Norden.<\/p>\n<p>Kontakta oss om du vill h\u00f6ra mer, vi finns tillg\u00e4ngliga med sparring och r\u00e5dgivning, s\u00e5 att du f\u00e5r precis de produkter du vill ha i din restaurang eller butik.[\/vc_column_text][vc_row_inner equal_height=&#8221;yes&#8221; column_margin=&#8221;default&#8221; column_direction=&#8221;default&#8221; column_direction_tablet=&#8221;default&#8221; column_direction_phone=&#8221;default&#8221; text_align=&#8221;left&#8221; row_position=&#8221;default&#8221; row_position_tablet=&#8221;inherit&#8221; row_position_phone=&#8221;inherit&#8221; overflow=&#8221;visible&#8221; pointer_events=&#8221;all&#8221; css=&#8221;.vc_custom_1700637715661{background-position: center !important;background-repeat: no-repeat !important;background-size: cover !important;}&#8221;][vc_column_inner column_padding=&#8221;no-extra-padding&#8221; column_padding_tablet=&#8221;inherit&#8221; column_padding_phone=&#8221;inherit&#8221; column_padding_position=&#8221;all&#8221; column_element_direction_desktop=&#8221;default&#8221; column_element_spacing=&#8221;default&#8221; desktop_text_alignment=&#8221;default&#8221; tablet_text_alignment=&#8221;default&#8221; phone_text_alignment=&#8221;default&#8221; background_color_opacity=&#8221;1&#8243; background_hover_color_opacity=&#8221;1&#8243; column_backdrop_filter=&#8221;none&#8221; column_shadow=&#8221;none&#8221; column_border_radius=&#8221;none&#8221; column_link_target=&#8221;_self&#8221; overflow=&#8221;visible&#8221; gradient_direction=&#8221;left_to_right&#8221; overlay_strength=&#8221;0.3&#8243; width=&#8221;1\/1&#8243; tablet_width_inherit=&#8221;default&#8221; animation_type=&#8221;default&#8221; bg_image_animation=&#8221;none&#8221; border_type=&#8221;simple&#8221; column_border_width=&#8221;none&#8221; column_border_style=&#8221;solid&#8221;][vc_column_text]\n<h2>Evenemang<\/h2>\n<p>Skulle ditt f\u00f6retag eller f\u00f6rening h\u00e5lla ett event d\u00e4r vin-, gin-, rom- eller whiskyprovning skulle kunna vara en del av upplevelsen, h\u00f6r av dig till oss. Vi hj\u00e4lper g\u00e4rna till att s\u00e4tta ihop din dag med m\u00f6jlighet till unika provningar, mat och f\u00f6rel\u00e4sningar.<\/p>\n<p>kontakta oss f\u00f6r ett erbjudande och id\u00e9er f\u00f6r att s\u00e4tta ihop ett event som passar dig.<br \/>\nkontakta oss f\u00f6r ett erbjudande och id\u00e9er f\u00f6r att s\u00e4tta ihop ett event som passar era behov.<\/p>\n<p><strong>Provsmakningar<\/strong><br \/>\nVi h\u00e5ller evenemang i v\u00e5r egen vink\u00e4llare och har bra samarbetspartners om ni \u00e4r f\u00f6r m\u00e5nga f\u00f6r att vara i v\u00e5ra egna lokaler. V\u00e5ra popul\u00e4ra vin-, gin-, rom- och whiskyprovningar \u00e4r idealiska f\u00f6r en mysig tillst\u00e4llning bland kollegor eller som upptakt till en fredagsbar eller kanske f\u00f6retagets sommarfest.<\/p>\n<p><strong>All inclusive<br \/>\n<\/strong>Om du beh\u00f6ver hela paketet kommer vi \u00e4ven att tillhandah\u00e5lla en uts\u00f6kt meny som passar ditt evenemang.[\/vc_column_text][\/vc_column_inner][\/vc_row_inner][\/vc_column][vc_column column_padding=&#8221;padding-3-percent&#8221; column_padding_tablet=&#8221;inherit&#8221; column_padding_phone=&#8221;inherit&#8221; column_padding_position=&#8221;all&#8221; column_element_direction_desktop=&#8221;default&#8221; column_element_spacing=&#8221;default&#8221; desktop_text_alignment=&#8221;default&#8221; tablet_text_alignment=&#8221;default&#8221; phone_text_alignment=&#8221;default&#8221; background_color=&#8221;#ffffff&#8221; background_color_opacity=&#8221;1&#8243; background_hover_color_opacity=&#8221;1&#8243; column_backdrop_filter=&#8221;none&#8221; column_shadow=&#8221;medium_depth&#8221; column_border_radius=&#8221;5px&#8221; column_link_target=&#8221;_self&#8221; column_position=&#8221;default&#8221; advanced_gradient_angle=&#8221;0&#8243; gradient_direction=&#8221;left_to_right&#8221; overlay_strength=&#8221;0.3&#8243; width=&#8221;1\/2&#8243; tablet_width_inherit=&#8221;default&#8221; animation_type=&#8221;default&#8221; bg_image_animation=&#8221;none&#8221; border_type=&#8221;simple&#8221; column_border_width=&#8221;none&#8221; column_border_style=&#8221;solid&#8221; gradient_type=&#8221;default&#8221;][vc_column_text]\n<h2>Kontakta oss<\/h2>\n<div id=\"quform-30bca0\" class=\"quform quform-9 quform-support-page-caching\"><form id=\"quform-form-30bca0\" class=\"quform-form quform-form-9\" action=\"\/sv\/wp-json\/wp\/v2\/pages\/22166#quform-30bca0\" method=\"post\" enctype=\"multipart\/form-data\" novalidate=\"novalidate\" data-options=\"{&quot;id&quot;:9,&quot;uniqueId&quot;:&quot;30bca0&quot;,&quot;theme&quot;:&quot;&quot;,&quot;ajax&quot;:true,&quot;logic&quot;:{&quot;logic&quot;:[],&quot;dependents&quot;:[],&quot;elementIds&quot;:[],&quot;dependentElementIds&quot;:[],&quot;animate&quot;:true},&quot;currentPageId&quot;:1,&quot;errorsIcon&quot;:&quot;&quot;,&quot;updateFancybox&quot;:true,&quot;hasPages&quot;:false,&quot;pages&quot;:[1],&quot;pageProgressType&quot;:&quot;numbers&quot;,&quot;tooltipsEnabled&quot;:true,&quot;tooltipClasses&quot;:&quot;qtip-quform-dark qtip-shadow&quot;,&quot;tooltipMy&quot;:&quot;left center&quot;,&quot;tooltipAt&quot;:&quot;right center&quot;,&quot;isRtl&quot;:false,&quot;scrollOffset&quot;:-50,&quot;scrollSpeed&quot;:800}\"><button class=\"quform-default-submit\" name=\"quform_submit\" type=\"submit\" value=\"submit\" aria-hidden=\"true\" tabindex=\"-1\"><\/button><div class=\"quform-form-inner quform-form-inner-9\"><input type=\"hidden\" name=\"quform_form_id\" value=\"9\" \/><input type=\"hidden\" name=\"quform_form_uid\" value=\"30bca0\" \/><input type=\"hidden\" name=\"quform_count\" value=\"1\" \/><input type=\"hidden\" name=\"form_url\" value=\"https:\/\/www.raschvin.com\/sv\/wp-json\/wp\/v2\/pages\/22166\" \/><input type=\"hidden\" name=\"referring_url\" value=\"\" \/><input type=\"hidden\" name=\"post_id\" value=\"\" \/><input type=\"hidden\" name=\"post_title\" value=\"\" \/><input type=\"hidden\" name=\"quform_current_page_id\" value=\"1\" \/><div class=\"quform-elements quform-elements-9 quform-cf quform-responsive-elements-phone-landscape\"><div class=\"quform-element quform-element-page quform-page-1 quform-page-9_1 quform-cf quform-group-style-plain quform-first-page quform-last-page quform-current-page\"><div class=\"quform-child-elements\"><div class=\"quform-element quform-element-checkbox quform-element-9_12 quform-cf quform-element-optional\"><div class=\"quform-spacer\"><div class=\"quform-label quform-label-9_12\"><label class=\"quform-label-text\" id=\"quform_9_12_30bca0_label\">Vad handlar din f\u00f6rfr\u00e5gan om?<\/label><\/div><div class=\"quform-inner quform-inner-checkbox quform-inner-9_12\"><div class=\"quform-input quform-input-checkbox quform-input-9_12 quform-cf\"><div class=\"quform-options quform-cf quform-options-inline quform-options-simple\" role=\"group\" aria-labelledby=\"quform_9_12_30bca0_label\"><div class=\"quform-option\"><input type=\"checkbox\" name=\"quform_9_12[]\" id=\"quform_9_12_30bca0_1\" class=\"quform-field quform-field-checkbox quform-field-9_12 quform-field-9_12_1\" value=\" Provsmakning\/event\" \/><label for=\"quform_9_12_30bca0_1\" class=\"quform-option-label quform-option-label-9_12_1\"><span class=\"quform-option-text\"> Provsmakning\/event<\/span><\/label><\/div><div class=\"quform-option\"><input type=\"checkbox\" name=\"quform_9_12[]\" id=\"quform_9_12_30bca0_3\" class=\"quform-field quform-field-checkbox quform-field-9_12 quform-field-9_12_3\" value=\"F\u00f6retagsg\u00e5vor\" \/><label for=\"quform_9_12_30bca0_3\" class=\"quform-option-label quform-option-label-9_12_3\"><span class=\"quform-option-text\">F\u00f6retagsg\u00e5vor<\/span><\/label><\/div><div class=\"quform-option\"><input type=\"checkbox\" name=\"quform_9_12[]\" id=\"quform_9_12_30bca0_2\" class=\"quform-field quform-field-checkbox quform-field-9_12 quform-field-9_12_2\" value=\"\u00c5terf\u00f6rs\u00e4ljning av produkter\" \/><label for=\"quform_9_12_30bca0_2\" class=\"quform-option-label quform-option-label-9_12_2\"><span class=\"quform-option-text\">\u00c5terf\u00f6rs\u00e4ljning av produkter<\/span><\/label><\/div><div class=\"quform-option\"><input type=\"checkbox\" name=\"quform_9_12[]\" id=\"quform_9_12_30bca0_5\" class=\"quform-field quform-field-checkbox quform-field-9_12 quform-field-9_12_5\" value=\"Vin till restaurang\" \/><label for=\"quform_9_12_30bca0_5\" class=\"quform-option-label quform-option-label-9_12_5\"><span class=\"quform-option-text\">Vin till restaurang<\/span><\/label><\/div><div class=\"quform-option\"><input type=\"checkbox\" name=\"quform_9_12[]\" id=\"quform_9_12_30bca0_4\" class=\"quform-field quform-field-checkbox quform-field-9_12 quform-field-9_12_4\" value=\"Andra saker\" \/><label for=\"quform_9_12_30bca0_4\" class=\"quform-option-label quform-option-label-9_12_4\"><span class=\"quform-option-text\">Andra saker<\/span><\/label><\/div><\/div><\/div><\/div><\/div><\/div><div class=\"quform-element quform-element-html quform-element-9_17 quform-cf\"><div class=\"quform-spacer\"><strong>F\u00f6retagsinformation<\/strong><\/div><\/div><div class=\"quform-element quform-element-row quform-element-row-9_13 quform-2-columns quform-element-row-size-fixed quform-responsive-columns-phone-landscape\"><div class=\"quform-element quform-element-column quform-element-9_14\"><div class=\"quform-element quform-element-text quform-element-9_11 quform-cf quform-element-required\"><div class=\"quform-spacer\"><div class=\"quform-label quform-label-9_11\"><label class=\"quform-label-text\" for=\"quform_9_11_30bca0\">F\u00f6retagsnamn<span class=\"quform-required\">*<\/span><\/label><\/div><div class=\"quform-inner quform-inner-text quform-inner-9_11\"><div class=\"quform-input quform-input-text quform-input-9_11 quform-cf\"><input type=\"text\" id=\"quform_9_11_30bca0\" name=\"quform_9_11\" class=\"quform-field quform-field-text quform-field-9_11\" \/><\/div><\/div><\/div><\/div><\/div><div class=\"quform-element quform-element-column quform-element-9_15\"><div class=\"quform-element quform-element-text quform-element-9_16 quform-cf quform-element-optional\"><div class=\"quform-spacer\"><div class=\"quform-label quform-label-9_16\"><label class=\"quform-label-text\" for=\"quform_9_16_30bca0\">Organisationsnummer<\/label><\/div><div class=\"quform-inner quform-inner-text quform-inner-9_16\"><div class=\"quform-input quform-input-text quform-input-9_16 quform-cf\"><input type=\"text\" id=\"quform_9_16_30bca0\" name=\"quform_9_16\" class=\"quform-field quform-field-text quform-field-9_16\" \/><\/div><\/div><\/div><\/div><\/div><\/div><div class=\"quform-element quform-element-html quform-element-9_18 quform-cf\"><div class=\"quform-spacer\"><strong>Kontaktperson<\/strong><\/div><\/div><div class=\"quform-element quform-element-row quform-element-row-9_20 quform-2-columns quform-element-row-size-fixed quform-responsive-columns-phone-landscape\"><div class=\"quform-element quform-element-column quform-element-9_21\"><div class=\"quform-element quform-element-text quform-element-9_3 quform-cf quform-element-required\"><div class=\"quform-spacer\"><div class=\"quform-label quform-label-9_3\"><label class=\"quform-label-text\" for=\"quform_9_3_30bca0\">F\u00f6rnamn<span class=\"quform-required\">*<\/span><\/label><\/div><div class=\"quform-inner quform-inner-text quform-inner-9_3\"><div class=\"quform-input quform-input-text quform-input-9_3 quform-cf\"><input type=\"text\" id=\"quform_9_3_30bca0\" name=\"quform_9_3\" class=\"quform-field quform-field-text quform-field-9_3\" \/><\/div><\/div><\/div><\/div><div class=\"quform-element quform-element-text quform-element-9_23 quform-cf quform-element-optional\"><div class=\"quform-spacer\"><div class=\"quform-label quform-label-9_23\"><label class=\"quform-label-text\" for=\"quform_9_23_30bca0\">Efternamn<\/label><\/div><div class=\"quform-inner quform-inner-text quform-inner-9_23\"><div class=\"quform-input quform-input-text quform-input-9_23 quform-cf\"><input type=\"text\" id=\"quform_9_23_30bca0\" name=\"quform_9_23\" class=\"quform-field quform-field-text quform-field-9_23\" \/><\/div><\/div><\/div><\/div><\/div><div class=\"quform-element quform-element-column quform-element-9_22\"><div class=\"quform-element quform-element-text quform-element-9_5 quform-cf quform-element-optional\"><div class=\"quform-spacer\"><div class=\"quform-label quform-label-9_5\"><label class=\"quform-label-text\" for=\"quform_9_5_30bca0\">Telefonnummer<\/label><\/div><div class=\"quform-inner quform-inner-text quform-inner-9_5\"><div class=\"quform-input quform-input-text quform-input-9_5 quform-cf\"><input type=\"text\" id=\"quform_9_5_30bca0\" name=\"quform_9_5\" class=\"quform-field quform-field-text quform-field-9_5\" \/><\/div><\/div><\/div><\/div><div class=\"quform-element quform-element-email quform-element-9_4 quform-cf quform-element-required\"><div class=\"quform-spacer\"><div class=\"quform-label quform-label-9_4\"><label class=\"quform-label-text\" for=\"quform_9_4_30bca0\">E-post<span class=\"quform-required\">*<\/span><\/label><\/div><div class=\"quform-inner quform-inner-email quform-inner-9_4\"><div class=\"quform-input quform-input-email quform-input-9_4 quform-cf\"><input type=\"email\" id=\"quform_9_4_30bca0\" name=\"quform_9_4\" class=\"quform-field quform-field-email quform-field-9_4\" \/><\/div><\/div><\/div><\/div><\/div><\/div><div class=\"quform-element quform-element-textarea quform-element-9_6 quform-cf quform-element-required\"><div class=\"quform-spacer\"><div class=\"quform-label quform-label-9_6\"><label class=\"quform-label-text\" for=\"quform_9_6_30bca0\">Ditt meddelande till oss<span class=\"quform-required\">*<\/span><\/label><\/div><div class=\"quform-inner quform-inner-textarea quform-inner-9_6\"><div class=\"quform-input quform-input-textarea quform-input-9_6 quform-cf\"><textarea id=\"quform_9_6_30bca0\" name=\"quform_9_6\" class=\"quform-field quform-field-textarea quform-field-9_6\"><\/textarea><\/div><\/div><\/div><\/div><div class=\"quform-element quform-element-recaptcha quform-element-9_24 quform-cf quform-element-required quform-recaptcha-no-size\"><div class=\"quform-spacer\"><div class=\"quform-inner quform-inner-recaptcha quform-inner-9_24\"><div class=\"quform-input quform-input-recaptcha quform-input-9_24 quform-cf\"><div class=\"quform-recaptcha\" data-config=\"{&quot;sitekey&quot;:&quot;6Ld8T3chAAAAAD88Ppc3iJWavXJM68MTfbouGSmP&quot;,&quot;_version&quot;:&quot;v3&quot;,&quot;size&quot;:&quot;invisible&quot;,&quot;type&quot;:&quot;image&quot;,&quot;theme&quot;:&quot;light&quot;,&quot;badge&quot;:&quot;bottomright&quot;}\"><\/div><noscript>Please enable JavaScript to submit this form.<\/noscript><\/div><\/div><\/div><\/div><div class=\"quform-element quform-element-submit quform-element-9_2 quform-cf quform-button-style-theme\"><div class=\"quform-button-submit quform-button-submit-default quform-button-submit-9_2\"><button name=\"quform_submit\" type=\"submit\" class=\"quform-submit\" value=\"submit\"><span class=\"quform-button-text quform-button-submit-text\">Skicka<\/span><\/button><\/div><div class=\"quform-loading quform-loading-position-left quform-loading-type-spinner-1\"><div class=\"quform-loading-inner\"><div class=\"quform-loading-spinner\"><div class=\"quform-loading-spinner-inner\"><\/div><\/div><\/div><\/div><\/div><div class=\"quform-element-tree\"><label for=\"quform_9_0_30bca0\">Detta f\u00e4lt b\u00f6r l\u00e4mnas blankt<\/label><input type=\"text\" id=\"quform_9_0_30bca0\" name=\"quform_9_0\" class=\"quform-field quform-field-tree quform-field-9_0\" tabindex=\"-1\" autocomplete=\"off\" \/><\/div><\/div><\/div><\/div><\/div><\/form><\/div>[\/vc_column_text][\/vc_column][\/vc_row]\n","protected":false},"excerpt":{"rendered":"<p>[vc_row type=&#8221;full_width_background&#8221; full_screen_row_position=&#8221;middle&#8221; column_margin=&#8221;default&#8221; equal_height=&#8221;yes&#8221; content_placement=&#8221;bottom&#8221; column_direction=&#8221;default&#8221; column_direction_tablet=&#8221;default&#8221; column_direction_phone=&#8221;default&#8221; bg_color=&#8221;#000000&#8243; bg_image=&#8221;21950&#8243; bg_position=&#8221;center center&#8221; background_image_loading=&#8221;default&#8221; bg_repeat=&#8221;no-repeat&#8221; scene_position=&#8221;center&#8221; top_padding=&#8221;15%&#8221; bottom_padding=&#8221;13%&#8221; text_color=&#8221;light&#8221; text_align=&#8221;left&#8221; row_border_radius=&#8221;none&#8221; row_border_radius_applies=&#8221;bg&#8221; zindex=&#8221;10&#8243; overflow=&#8221;visible&#8221; color_overlay=&#8221;#0a0a0a&#8221; advanced_gradient_angle=&#8221;0&#8243; overlay_strength=&#8221;0.5&#8243; gradient_direction=&#8221;left_to_right&#8221; shape_divider_position=&#8221;bottom&#8221; shape_divider_height=&#8221;350&#8243;&#8230;<\/p>\n","protected":false},"author":1,"featured_media":0,"parent":0,"menu_order":0,"comment_status":"closed","ping_status":"closed","template":"","meta":{"_acf_changed":false,"rs_blank_template":"","rs_page_bg_color":"","slide_template_v7":"","footnotes":""},"class_list":["post-22166","page","type-page","status-publish"],"acf":[],"_links":{"self":[{"href":"https:\/\/www.raschvin.com\/sv\/wp-json\/wp\/v2\/pages\/22166","targetHints":{"allow":["GET"]}}],"collection":[{"href":"https:\/\/www.raschvin.com\/sv\/wp-json\/wp\/v2\/pages"}],"about":[{"href":"https:\/\/www.raschvin.com\/sv\/wp-json\/wp\/v2\/types\/page"}],"author":[{"embeddable":true,"href":"https:\/\/www.raschvin.com\/sv\/wp-json\/wp\/v2\/users\/1"}],"replies":[{"embeddable":true,"href":"https:\/\/www.raschvin.com\/sv\/wp-json\/wp\/v2\/comments?post=22166"}],"version-history":[{"count":5,"href":"https:\/\/www.raschvin.com\/sv\/wp-json\/wp\/v2\/pages\/22166\/revisions"}],"predecessor-version":[{"id":44918,"href":"https:\/\/www.raschvin.com\/sv\/wp-json\/wp\/v2\/pages\/22166\/revisions\/44918"}],"wp:attachment":[{"href":"https:\/\/www.raschvin.com\/sv\/wp-json\/wp\/v2\/media?parent=22166"}],"curies":[{"name":"wp","href":"https:\/\/api.w.org\/{rel}","templated":true}]}}