{"id":103007,"date":"2025-10-29T14:12:25","date_gmt":"2025-10-29T13:12:25","guid":{"rendered":"https:\/\/www.raschvin.com\/cognacprovning\/"},"modified":"2025-10-29T14:21:07","modified_gmt":"2025-10-29T13:21:07","slug":"cognacprovning","status":"publish","type":"page","link":"https:\/\/www.raschvin.com\/sv\/cognacprovning\/","title":{"rendered":"Cognacprovning"},"content":{"rendered":"[vc_row type=&#8221;full_width_background&#8221; full_screen_row_position=&#8221;middle&#8221; column_margin=&#8221;default&#8221; column_direction=&#8221;default&#8221; column_direction_tablet=&#8221;default&#8221; column_direction_phone=&#8221;default&#8221; bg_image=&#8221;102999&#8243; bg_position=&#8221;left top&#8221; background_image_loading=&#8221;default&#8221; bg_repeat=&#8221;no-repeat&#8221; scene_position=&#8221;center&#8221; top_padding=&#8221;18%&#8221; bottom_padding=&#8221;6%&#8221; text_color=&#8221;light&#8221; text_align=&#8221;left&#8221; row_border_radius=&#8221;none&#8221; row_border_radius_applies=&#8221;bg&#8221; overflow=&#8221;visible&#8221; enable_gradient=&#8221;true&#8221; color_overlay=&#8221;rgba(0,0,0,0.01)&#8221; color_overlay_2=&#8221;#000000&#8243; advanced_gradient_angle=&#8221;0&#8243; overlay_strength=&#8221;0.5&#8243; gradient_direction=&#8221;top_to_bottom&#8221; shape_divider_position=&#8221;bottom&#8221; bg_image_animation=&#8221;none&#8221; gradient_type=&#8221;default&#8221; shape_type=&#8221;&#8221;][vc_column column_padding=&#8221;no-extra-padding&#8221; column_padding_tablet=&#8221;inherit&#8221; column_padding_phone=&#8221;inherit&#8221; column_padding_position=&#8221;all&#8221; column_element_direction_desktop=&#8221;default&#8221; column_element_spacing=&#8221;default&#8221; desktop_text_alignment=&#8221;default&#8221; tablet_text_alignment=&#8221;default&#8221; phone_text_alignment=&#8221;default&#8221; background_color_opacity=&#8221;1&#8243; background_hover_color_opacity=&#8221;1&#8243; column_backdrop_filter=&#8221;none&#8221; column_shadow=&#8221;none&#8221; column_border_radius=&#8221;none&#8221; column_link_target=&#8221;_self&#8221; column_position=&#8221;default&#8221; gradient_direction=&#8221;left_to_right&#8221; overlay_strength=&#8221;0.3&#8243; width=&#8221;1\/1&#8243; tablet_width_inherit=&#8221;default&#8221; animation_type=&#8221;default&#8221; bg_image_animation=&#8221;none&#8221; border_type=&#8221;simple&#8221; column_border_width=&#8221;none&#8221; column_border_style=&#8221;solid&#8221;][vc_column_text css=&#8221;&#8221; text_direction=&#8221;default&#8221;]\n<h1 style=\"text-align: center;\">Cognacprovning<\/h1>\n<p><\/p>\n<h3 style=\"text-align: center;\">F\u00f6lj med p\u00e5 en sp\u00e4nnande och l\u00e4rorik cognacprovning.<br \/>\nEn smakupplevelse d\u00e4r vi provar, analyserar och l\u00e4r oss mer om de olika typerna av cognac och deras unika karakt\u00e4r och djup.<\/h3>\n[\/vc_column_text][\/vc_column][\/vc_row][vc_row type=&#8221;in_container&#8221; full_screen_row_position=&#8221;middle&#8221; column_margin=&#8221;default&#8221; column_direction=&#8221;default&#8221; column_direction_tablet=&#8221;default&#8221; column_direction_phone=&#8221;default&#8221; scene_position=&#8221;center&#8221; top_padding=&#8221;60px&#8221; bottom_padding=&#8221;60px&#8221; text_color=&#8221;dark&#8221; text_align=&#8221;left&#8221; row_border_radius=&#8221;none&#8221; row_border_radius_applies=&#8221;bg&#8221; overflow=&#8221;visible&#8221; advanced_gradient_angle=&#8221;0&#8243; overlay_strength=&#8221;0.3&#8243; gradient_direction=&#8221;left_to_right&#8221; shape_divider_position=&#8221;bottom&#8221; bg_image_animation=&#8221;none&#8221; gradient_type=&#8221;default&#8221; shape_type=&#8221;&#8221;][vc_column column_padding=&#8221;no-extra-padding&#8221; column_padding_tablet=&#8221;inherit&#8221; column_padding_phone=&#8221;inherit&#8221; column_padding_position=&#8221;all&#8221; column_element_direction_desktop=&#8221;default&#8221; column_element_spacing=&#8221;default&#8221; desktop_text_alignment=&#8221;default&#8221; tablet_text_alignment=&#8221;default&#8221; phone_text_alignment=&#8221;default&#8221; background_color_opacity=&#8221;1&#8243; background_hover_color_opacity=&#8221;1&#8243; column_backdrop_filter=&#8221;none&#8221; column_shadow=&#8221;none&#8221; column_border_radius=&#8221;none&#8221; column_link_target=&#8221;_self&#8221; column_position=&#8221;default&#8221; gradient_direction=&#8221;left_to_right&#8221; overlay_strength=&#8221;0.3&#8243; width=&#8221;1\/2&#8243; tablet_width_inherit=&#8221;default&#8221; animation_type=&#8221;default&#8221; bg_image_animation=&#8221;none&#8221; border_type=&#8221;simple&#8221; column_border_width=&#8221;none&#8221; column_border_style=&#8221;solid&#8221;][vc_column_text css=&#8221;&#8221; text_direction=&#8221;default&#8221;]\n<h4><b>Cognacprovningar i v\u00e5r mysiga vink\u00e4llare<\/b><\/h4>\n<p>Vi h\u00e5ller m\u00e5nga av v\u00e5ra provningar i v\u00e5r egen mysiga vink\u00e4llare under butiken p\u00e5 Stengade i Helsing\u00f6r.  <br \/>H\u00e4r sitter man i fantastiska omgivningar d\u00e4r de gamla stenmurarna och skenet fr\u00e5n levande ljus skapar st\u00e4mningen f\u00f6r en kv\u00e4ll fylld med doft, smak och goda ber\u00e4ttelser.<\/p>\n<h4><strong>Planerade provningar<\/strong><\/h4>\n<p>Vi arrangerar regelbundna evenemang under hela \u00e5ret.  <br \/>Man kan alltid h\u00e5lla sig uppdaterad i v\u00e5r kalender om tid, tema och \u2013 inte minst \u2013 vilka cognac som ska provas.  <br \/>Du k\u00f6per din plats direkt h\u00e4r i webbshopen och f\u00e5r all information skickad via e-post.<\/p>\n<h4>Privata cognacprovningar<\/h4>\n<p>\u00c4r ni en grupp eller ett f\u00f6retag som \u00f6nskar en privat cognacprovning, hj\u00e4lper vi er g\u00e4rna att skapa precis det evenemang ni dr\u00f6mmer om.  <br \/>Vi ger r\u00e5d om cognac och eventuell meny utifr\u00e5n era \u00f6nskem\u00e5l, s\u00e5 att ni f\u00e5r den b\u00e4sta och mest smakfulla upplevelsen.[\/vc_column_text][\/vc_column][vc_column column_padding=&#8221;no-extra-padding&#8221; column_padding_tablet=&#8221;inherit&#8221; column_padding_phone=&#8221;inherit&#8221; column_padding_position=&#8221;all&#8221; column_element_direction_desktop=&#8221;default&#8221; column_element_spacing=&#8221;default&#8221; desktop_text_alignment=&#8221;default&#8221; tablet_text_alignment=&#8221;default&#8221; phone_text_alignment=&#8221;default&#8221; background_color_opacity=&#8221;1&#8243; background_hover_color_opacity=&#8221;1&#8243; column_backdrop_filter=&#8221;none&#8221; column_shadow=&#8221;none&#8221; column_border_radius=&#8221;none&#8221; column_link_target=&#8221;_self&#8221; column_position=&#8221;default&#8221; gradient_direction=&#8221;left_to_right&#8221; overlay_strength=&#8221;0.3&#8243; width=&#8221;1\/2&#8243; tablet_width_inherit=&#8221;default&#8221; animation_type=&#8221;default&#8221; bg_image_animation=&#8221;none&#8221; border_type=&#8221;simple&#8221; column_border_width=&#8221;none&#8221; column_border_style=&#8221;solid&#8221;][image_with_animation image_url=&#8221;102999&#8243; image_size=&#8221;full&#8221; animation_type=&#8221;entrance&#8221; animation=&#8221;Fade In&#8221; animation_easing=&#8221;default&#8221; animation_movement_type=&#8221;transform_y&#8221; hover_animation=&#8221;none&#8221; alignment=&#8221;&#8221; border_radius=&#8221;none&#8221; box_shadow=&#8221;none&#8221; image_loading=&#8221;default&#8221; max_width=&#8221;100%&#8221; max_width_mobile=&#8221;default&#8221;][\/vc_column][\/vc_row][vc_row type=&#8221;in_container&#8221; full_screen_row_position=&#8221;middle&#8221; column_margin=&#8221;default&#8221; column_direction=&#8221;default&#8221; column_direction_tablet=&#8221;default&#8221; column_direction_phone=&#8221;default&#8221; scene_position=&#8221;center&#8221; text_color=&#8221;dark&#8221; text_align=&#8221;left&#8221; row_border_radius=&#8221;none&#8221; row_border_radius_applies=&#8221;bg&#8221; overflow=&#8221;visible&#8221; id=&#8221;book-smagning&#8221; overlay_strength=&#8221;0.3&#8243; gradient_direction=&#8221;left_to_right&#8221; shape_divider_position=&#8221;bottom&#8221; bg_image_animation=&#8221;none&#8221; gradient_type=&#8221;default&#8221; shape_type=&#8221;&#8221;][vc_column column_padding=&#8221;padding-3-percent&#8221; column_padding_tablet=&#8221;inherit&#8221; column_padding_phone=&#8221;inherit&#8221; column_padding_position=&#8221;all&#8221; column_element_direction_desktop=&#8221;default&#8221; column_element_spacing=&#8221;default&#8221; desktop_text_alignment=&#8221;default&#8221; tablet_text_alignment=&#8221;default&#8221; phone_text_alignment=&#8221;default&#8221; background_color=&#8221;#ffffff&#8221; background_color_opacity=&#8221;1&#8243; background_hover_color_opacity=&#8221;1&#8243; column_backdrop_filter=&#8221;none&#8221; column_shadow=&#8221;small_depth&#8221; column_border_radius=&#8221;10px&#8221; column_link_target=&#8221;_self&#8221; column_position=&#8221;default&#8221; advanced_gradient_angle=&#8221;0&#8243; gradient_direction=&#8221;left_to_right&#8221; overlay_strength=&#8221;0.3&#8243; width=&#8221;1\/1&#8243; tablet_width_inherit=&#8221;default&#8221; animation_type=&#8221;default&#8221; bg_image_animation=&#8221;none&#8221; border_type=&#8221;simple&#8221; column_border_width=&#8221;none&#8221; column_border_style=&#8221;solid&#8221; gradient_type=&#8221;default&#8221;][vc_column_text css=&#8221;&#8221; text_direction=&#8221;default&#8221;]\n<h2>Boka din cognacprovning h\u00e4r<\/h2>\n[\/vc_column_text][vc_column_text]<!--\nPlugin Name: Bookly - Responsive WordPress Appointment Booking and Scheduling Plugin\nPlugin URI: https:\/\/www.booking-wp-plugin.com\/?utm_source=bookly_admin&utm_medium=plugins_page&utm_campaign=plugins_page\nVersion: 26.0-->\n<style type=\"text\/css\">\n    :root {\n        --bookly-main-color: #47250f !important;\n        --bookly-color: #47250f !important;\n    }\n\n        .bookly-box br {\n\tdisplay: none !important;\n}    <\/style><div class=\"bookly-css-root\">\n    <div id=\"bookly-form-69decf77c9521\" class=\"bookly-form\" data-form_id=\"69decf77c9521\" aria-live=\"polite\">\n        <div style=\"text-align: center\"><img decoding=\"async\" src=\"https:\/\/www.raschvin.com\/wp-includes\/js\/tinymce\/skins\/lightgray\/img\/loader.gif\" alt=\"Laddar\u2026\"\/><\/div>\n    <\/div>\n<\/div>\n<script type=\"text\/javascript\">\n    (function (win, fn) {\n        var done = false, top = true,\n            doc = win.document,\n            root = doc.documentElement,\n            modern = doc.addEventListener,\n            add = modern ? 'addEventListener' : 'attachEvent',\n            rem = modern ? 'removeEventListener' : 'detachEvent',\n            pre = modern ? '' : 'on',\n            init = function (e) {\n                if (e.type == 'readystatechange') if (doc.readyState != 'complete') return;\n                (e.type == 'load' ? win : doc)[rem](pre + e.type, init, false);\n                if (!done) {\n                    done = true;\n                    fn.call(win, e.type || e);\n                }\n            },\n            poll = function () {\n                try {\n                    root.doScroll('left');\n                } catch (e) {\n                    setTimeout(poll, 50);\n                    return;\n                }\n                init('poll');\n            };\n        if (doc.readyState == 'complete') fn.call(win, 'lazy');\n        else {\n            if (!modern) if (root.doScroll) {\n                try {\n                    top = !win.frameElement;\n                } catch (e) {\n                }\n                if (top) poll();\n            }\n            doc[add](pre + 'DOMContentLoaded', init, false);\n            doc[add](pre + 'readystatechange', init, false);\n            win[add](pre + 'load', init, false);\n        }\n    })(window, function () {\n        window.bookly( {\"form_id\":\"69decf77c9521\",\"status\":{\"booking\":\"new\"},\"skip_steps\":{\"service_part1\":0,\"service_part2\":1,\"extras\":0,\"time\":0,\"repeat\":1,\"cart\":1},\"errors\":{\"session_error\":\"Session error\",\"form_id_error\":\"Form ID error.\",\"cart_item_not_available\":\"Det valgte tidspunkt er ikke l\\u00e6ngere tilg\\u00e6ngeligt. V\\u00e6lg venligst et andet tidspunkt.\",\"pay_locally_not_available\":\"Betala lokalt \\u00e4r inte tillg\\u00e4nglig.\",\"invalid_gateway\":\"Ogiltig gateway.\",\"payment_error\":\"Fel.\",\"incorrect_username_password\":\"Felaktigt anv\\u00e4ndarnamn eller l\\u00f6senord.\"},\"form_attributes\":{\"hide_categories\":true,\"hide_services\":false,\"hide_staff_members\":true,\"show_number_of_persons\":true,\"hide_service_duration\":true,\"hide_locations\":true,\"hide_quantity\":true,\"hide_date\":true,\"hide_week_days\":true,\"hide_time_range\":true},\"use_client_time_zone\":0,\"defaults\":{\"service_id\":0,\"staff_id\":0,\"location_id\":0,\"category_id\":0},\"datepicker_mode\":\"text-accent\",\"facebook\":{\"enabled\":0,\"appId\":\"\"},\"step_extras\":\"after_step_time\"} );\n    });\n<\/script>[\/vc_column_text][\/vc_column][\/vc_row]\n","protected":false},"excerpt":{"rendered":"<p>[vc_row type=&#8221;full_width_background&#8221; full_screen_row_position=&#8221;middle&#8221; column_margin=&#8221;default&#8221; column_direction=&#8221;default&#8221; column_direction_tablet=&#8221;default&#8221; column_direction_phone=&#8221;default&#8221; bg_image=&#8221;102999&#8243; bg_position=&#8221;left top&#8221; background_image_loading=&#8221;default&#8221; bg_repeat=&#8221;no-repeat&#8221; scene_position=&#8221;center&#8221; top_padding=&#8221;18%&#8221; bottom_padding=&#8221;6%&#8221; text_color=&#8221;light&#8221; text_align=&#8221;left&#8221; row_border_radius=&#8221;none&#8221; row_border_radius_applies=&#8221;bg&#8221; overflow=&#8221;visible&#8221; enable_gradient=&#8221;true&#8221; color_overlay=&#8221;rgba(0,0,0,0.01)&#8221; color_overlay_2=&#8221;#000000&#8243; advanced_gradient_angle=&#8221;0&#8243; overlay_strength=&#8221;0.5&#8243; gradient_direction=&#8221;top_to_bottom&#8221; shape_divider_position=&#8221;bottom&#8221; bg_image_animation=&#8221;none&#8221; gradient_type=&#8221;default&#8221; shape_type=&#8221;&#8221;][vc_column&#8230;<\/p>\n","protected":false},"author":1,"featured_media":0,"parent":0,"menu_order":0,"comment_status":"closed","ping_status":"closed","template":"","meta":{"_acf_changed":false,"rs_blank_template":"","rs_page_bg_color":"","slide_template_v7":"","footnotes":""},"class_list":["post-103007","page","type-page","status-publish"],"acf":[],"_links":{"self":[{"href":"https:\/\/www.raschvin.com\/sv\/wp-json\/wp\/v2\/pages\/103007","targetHints":{"allow":["GET"]}}],"collection":[{"href":"https:\/\/www.raschvin.com\/sv\/wp-json\/wp\/v2\/pages"}],"about":[{"href":"https:\/\/www.raschvin.com\/sv\/wp-json\/wp\/v2\/types\/page"}],"author":[{"embeddable":true,"href":"https:\/\/www.raschvin.com\/sv\/wp-json\/wp\/v2\/users\/1"}],"replies":[{"embeddable":true,"href":"https:\/\/www.raschvin.com\/sv\/wp-json\/wp\/v2\/comments?post=103007"}],"version-history":[{"count":5,"href":"https:\/\/www.raschvin.com\/sv\/wp-json\/wp\/v2\/pages\/103007\/revisions"}],"predecessor-version":[{"id":103012,"href":"https:\/\/www.raschvin.com\/sv\/wp-json\/wp\/v2\/pages\/103007\/revisions\/103012"}],"wp:attachment":[{"href":"https:\/\/www.raschvin.com\/sv\/wp-json\/wp\/v2\/media?parent=103007"}],"curies":[{"name":"wp","href":"https:\/\/api.w.org\/{rel}","templated":true}]}}