{"id":95638,"date":"2025-08-29T08:39:02","date_gmt":"2025-08-29T06:39:02","guid":{"rendered":"https:\/\/www.raschvin.com\/?post_type=product&#038;p=95638"},"modified":"2025-09-11T09:19:45","modified_gmt":"2025-09-11T07:19:45","slug":"companero-coconut-70-cl-40","status":"publish","type":"product","link":"https:\/\/www.raschvin.com\/en\/product\/companero-coconut-70-cl-40\/","title":{"rendered":"Compa\u00f1ero \u2013 Coconut 70 cl. 40%"},"content":{"rendered":"<p>Compa\u00f1ero Coconut is a tropical treat and the newest member of the Compa\u00f1ero family. This smooth Dominican column still rum is aged in both American and French oak barrels and infused with natural coconut. The result is an irresistibly creamy liqueur with notes of fresh coconut, soft caramel, and a touch of fruit \u2013 elegantly finished with vanilla and maple syrup. A warm, flavourful experience that truly captures the Compa\u00f1ero spirit.<\/p>\n<p>INFUSED WITH NATURAL COCONUT<\/p>\n<p>Tasting notes: Nose: Fresh coconut accompanied by smooth caramel and a hint of tropical fruit. Subtle notes of vanilla and golden maple syrup linger in the background. Palate: Silky and sweet coconut in perfect harmony with creamy vanilla. Finishes with a long, rounded aftertaste of warm caramel that gently lingers on the palate.<\/p>\n<p>The Compa\u00f1ero series from 1423 Compa\u00f1ero is the Spanish word for friend. Ron Compa\u00f1ero is a rum, spirit drink and liqueur brand developed by friends for friends. Each product of this series has its unique character and is an inspiring individual. The real fun begins when they are in good company. The Compa\u00f1ero products complement each other\u2019s flavors and create something even greater when together \u2013 a true spirit of friends. Discover the range, satisfy your curiosity and have fun while exploring the flavors this series has to offer. With the Compa\u00f1ero series you always have a perfect Companion for any kind of enjoyment. The products, Ron Compa\u00f1ero Gran Reserva, Compa\u00f1ero Elixir Orange, Compa\u00f1ero Extra A\u00f1ejo and Compa\u00f1ero Elixir Extra are from Trinidad, Jamaica and Panama.<\/p>\n<p>The True Sprit of Friends \u2013 by the bottle<\/p>\n","protected":false},"excerpt":{"rendered":"<p>Dominican Republic Flavored Spirit Drink<\/p>\n","protected":false},"featured_media":95668,"template":"","meta":{"_acf_changed":false,"rs_blank_template":"","rs_page_bg_color":"","slide_template_v7":""},"product_brand":[],"product_cat":[983,4633,989],"product_tag":[],"class_list":{"0":"post-95638","1":"product","2":"type-product","3":"status-publish","4":"has-post-thumbnail","6":"product_cat-avec-en","7":"product_cat-premium-aged-en","8":"product_cat-rom-en","9":"pa_land-jamaica","10":"pa_procent-40-en-2","11":"pa_producent-1423-en","12":"pa_volume-70-en-2","14":"first","15":"instock","16":"sale","17":"taxable","18":"shipping-taxable","19":"purchasable","20":"product-type-simple"},"bundled_by":[],"bundle_stock_status":"instock","bundle_stock_quantity":null,"bundle_virtual":false,"bundle_layout":"","bundle_add_to_cart_form_location":"","bundle_editable_in_cart":false,"bundle_sold_individually_context":"","bundle_item_grouping":"","bundle_min_size":"","bundle_max_size":"","bundle_price":[],"bundled_items":[],"bundle_sell_ids":[],"acf":[],"_links":{"self":[{"href":"https:\/\/www.raschvin.com\/en\/wp-json\/wp\/v2\/product\/95638","targetHints":{"allow":["GET"]}}],"collection":[{"href":"https:\/\/www.raschvin.com\/en\/wp-json\/wp\/v2\/product"}],"about":[{"href":"https:\/\/www.raschvin.com\/en\/wp-json\/wp\/v2\/types\/product"}],"wp:featuredmedia":[{"embeddable":true,"href":"https:\/\/www.raschvin.com\/en\/wp-json\/wp\/v2\/media\/95668"}],"wp:attachment":[{"href":"https:\/\/www.raschvin.com\/en\/wp-json\/wp\/v2\/media?parent=95638"}],"wp:term":[{"taxonomy":"product_brand","embeddable":true,"href":"https:\/\/www.raschvin.com\/en\/wp-json\/wp\/v2\/product_brand?post=95638"},{"taxonomy":"product_cat","embeddable":true,"href":"https:\/\/www.raschvin.com\/en\/wp-json\/wp\/v2\/product_cat?post=95638"},{"taxonomy":"product_tag","embeddable":true,"href":"https:\/\/www.raschvin.com\/en\/wp-json\/wp\/v2\/product_tag?post=95638"}],"curies":[{"name":"wp","href":"https:\/\/api.w.org\/{rel}","templated":true}]}}