{"id":95564,"date":"2025-08-28T17:02:07","date_gmt":"2025-08-28T15:02:07","guid":{"rendered":"https:\/\/www.raschvin.com\/produkt\/coma-vella-priorat-2019-75-cl\/"},"modified":"2025-08-28T17:02:07","modified_gmt":"2025-08-28T15:02:07","slug":"coma-vella-priorat-2019-75-cl","status":"publish","type":"product","link":"https:\/\/www.raschvin.com\/en\/product\/coma-vella-priorat-2019-75-cl\/","title":{"rendered":"Coma Vella Priorat 2019 75 cl."},"content":{"rendered":"<p>\u201cIntense and fresh with a balancing silky texture\u201d \u2013 Mas d\u2019en Gil takes great pride in the character they manage to bring out in their Priorat wines. Thanks to their unique terroir, they are able to craft wines with remarkable elegance and lightness, even in this otherwise warm region.<br \/>\nFor their Coma Vella cuv\u00e9e, the grapes come from the vineyard of the same name. Here, Mas d\u2019en Gil has their oldest Grenache vines in the entire Coma Valley. The valley benefits from ideal ripening conditions, thanks to the Garbinada wind blowing in from the sea. This breeze keeps the temperatures down during the hot summer days, allowing for a long ripening period that preserves the grapes\u2019 elegance.<br \/>\nThe result can be tasted in this wine, where the strength of the Priorat terroir expresses itself in an almost Burgundian style. Expect lively acidity, juicy red berries, hints of forest floor and autumn, all wrapped in a smooth and soft texture. For any wine lover, it is a truly captivating experience to discover just how much a skilled winemaker can bring out of such a unique terroir.<br \/>\nEnjoy it from large Burgundy glasses at around 14\u00b0C, ideally with a piece of grilled pork \u2013 for an authentic Spanish experience!<br \/>\nThe oldest vines for this wine were planted in the 1960s. It has been aged for 14 months in a mix of 3000L, 1500L, and 225L oak barrels, followed by 24 months of bottle ageing.<br \/>\n94 points | Hudin.com<br \/>\n&#8220;Very pleasant palate with well-integrated tannins. Intense balance, powerful and very tasty. This has all the freshness and silky texture that characterizes the wines of Mas d&#8217;en Gil.&#8221;<br \/>\n91 points | Gu\u00eda Pe\u00f1\u00edn<br \/>\n&#8220;Spicy nose with red fruit, wild herbs and balsamic notes. Palate is fresh, fruity, tasty, balanced with a fruity aftertaste and considerable persistence.&#8221;<\/p>\n","protected":false},"excerpt":{"rendered":"<p>Mas d&#8217;en Gil &#8211; Spain<\/p>\n","protected":false},"featured_media":95586,"template":"","meta":{"_acf_changed":false,"rs_blank_template":"","rs_page_bg_color":"","slide_template_v7":""},"product_brand":[],"product_cat":[2789,2799],"product_tag":[],"class_list":{"0":"post-95564","1":"product","2":"type-product","3":"status-publish","4":"has-post-thumbnail","6":"product_cat-wine","7":"product_cat-red-wine","8":"pa_aargang-2019-en","9":"pa_drue-carignan-en","10":"pa_drue-grenache-en","11":"pa_drue-shiraz-syrah-en","12":"pa_land-spain","13":"pa_procent-14-5-en","14":"pa_producent-mas-den-gil-en","15":"pa_region-priorat-en","16":"pa_serveringstemperatur-18-20-en","17":"pa_volume-75-en","19":"first","20":"instock","21":"taxable","22":"shipping-taxable","23":"purchasable","24":"product-type-simple"},"bundled_by":[],"bundle_stock_status":"instock","bundle_stock_quantity":null,"bundle_virtual":false,"bundle_layout":"","bundle_add_to_cart_form_location":"","bundle_editable_in_cart":false,"bundle_sold_individually_context":"","bundle_item_grouping":"","bundle_min_size":"","bundle_max_size":"","bundle_price":[],"bundled_items":[],"bundle_sell_ids":[],"acf":[],"_links":{"self":[{"href":"https:\/\/www.raschvin.com\/en\/wp-json\/wp\/v2\/product\/95564","targetHints":{"allow":["GET"]}}],"collection":[{"href":"https:\/\/www.raschvin.com\/en\/wp-json\/wp\/v2\/product"}],"about":[{"href":"https:\/\/www.raschvin.com\/en\/wp-json\/wp\/v2\/types\/product"}],"wp:featuredmedia":[{"embeddable":true,"href":"https:\/\/www.raschvin.com\/en\/wp-json\/wp\/v2\/media\/95586"}],"wp:attachment":[{"href":"https:\/\/www.raschvin.com\/en\/wp-json\/wp\/v2\/media?parent=95564"}],"wp:term":[{"taxonomy":"product_brand","embeddable":true,"href":"https:\/\/www.raschvin.com\/en\/wp-json\/wp\/v2\/product_brand?post=95564"},{"taxonomy":"product_cat","embeddable":true,"href":"https:\/\/www.raschvin.com\/en\/wp-json\/wp\/v2\/product_cat?post=95564"},{"taxonomy":"product_tag","embeddable":true,"href":"https:\/\/www.raschvin.com\/en\/wp-json\/wp\/v2\/product_tag?post=95564"}],"curies":[{"name":"wp","href":"https:\/\/api.w.org\/{rel}","templated":true}]}}