{"id":94531,"date":"2025-08-11T08:03:04","date_gmt":"2025-08-11T06:03:04","guid":{"rendered":"https:\/\/www.raschvin.com\/produkt\/contrapunto-albarino-2024-75-cl\/"},"modified":"2025-08-11T08:03:04","modified_gmt":"2025-08-11T06:03:04","slug":"contrapunto-albarino-2024-75-cl","status":"publish","type":"product","link":"https:\/\/www.raschvin.com\/en\/product\/contrapunto-albarino-2024-75-cl\/","title":{"rendered":"Contrapunto Albari\u00f1o 2024 75 cl."},"content":{"rendered":"<p>It was a joyful day when Bodegas Granbaz\u00e1n announced that they had created a new wine. Their Albari\u00f1o wines are so highly sought after that it\u2019s always a challenge for us to secure enough bottles. But with the arrival of Contrapunto, things are suddenly looking bright.<br \/>\nGranbaz\u00e1n themselves call this wine \u201ctheir freshest Albari\u00f1o,\u201d and the moment it hits the glass, you understand why. Aromas of citrus, flowers, and stone fruit burst out, and the wine\u2019s vibrant freshness makes it sparkle with energy. This is exactly the kind of white wine you crave when thirst strikes. It\u2019s also the perfect match for both fish and seafood.<\/p>\n<p>Serve at 12\u00b0C or straight from the fridge for a refreshing Albari\u00f1o experience that only Granbaz\u00e1n can deliver.<\/p>\n<p>93\/100 points | Flaskehalsen<br \/>\n\u201cImpressive quality for the price. While the wine may seem a little restrained in body, it is sublime in its freshness, and the young, crisp notes make it a classic Galician that works both as a refreshing glass on its own, alongside a varied tapas plate, or with a fine, delicate fish dish.\u201d<\/p>\n<p>BODEGAS GRANBAZ\u00c1N<\/p>\n<p>Blessed with its granite-rich soils and cool, coastal location, Granbaz\u00e1n produces ultra-mineral, saline, structured, and intensely expressive wines that truly reflect their unique origin.<\/p>\n<p>The producer is a true critic\u2019s darling, consistently receiving high praise in the international wine press. Both Jancis Robinson and The Wine Enthusiast have lauded the estate\u2019s wines to the skies \u2014 to name just a couple of examples.<\/p>\n","protected":false},"excerpt":{"rendered":"<p>Bodegas Granbaz\u00e1n &#8211; Spain<\/p>\n","protected":false},"featured_media":94537,"template":"","meta":{"_acf_changed":false,"rs_blank_template":"","rs_page_bg_color":"","slide_template_v7":""},"product_brand":[],"product_cat":[2793,2789],"product_tag":[],"class_list":{"0":"post-94531","1":"product","2":"type-product","3":"status-publish","4":"has-post-thumbnail","6":"product_cat-white-wine","7":"product_cat-wine","8":"pa_aargang-2024-en","9":"pa_drue-albarino-en","10":"pa_land-spain","11":"pa_procent-12-5-en","12":"pa_producent-bodegas-granbazan-en","13":"pa_region-val-do-salnes-en","14":"pa_serveringstemperatur-8-10-en","15":"pa_volume-75-en","17":"first","18":"instock","19":"featured","20":"taxable","21":"shipping-taxable","22":"purchasable","23":"product-type-simple"},"bundled_by":["119650","119960","120369"],"bundle_stock_status":"instock","bundle_stock_quantity":null,"bundle_virtual":false,"bundle_layout":"","bundle_add_to_cart_form_location":"","bundle_editable_in_cart":false,"bundle_sold_individually_context":"","bundle_item_grouping":"","bundle_min_size":"","bundle_max_size":"","bundle_price":[],"bundled_items":[],"bundle_sell_ids":[],"acf":[],"_links":{"self":[{"href":"https:\/\/www.raschvin.com\/en\/wp-json\/wp\/v2\/product\/94531","targetHints":{"allow":["GET"]}}],"collection":[{"href":"https:\/\/www.raschvin.com\/en\/wp-json\/wp\/v2\/product"}],"about":[{"href":"https:\/\/www.raschvin.com\/en\/wp-json\/wp\/v2\/types\/product"}],"wp:featuredmedia":[{"embeddable":true,"href":"https:\/\/www.raschvin.com\/en\/wp-json\/wp\/v2\/media\/94537"}],"wp:attachment":[{"href":"https:\/\/www.raschvin.com\/en\/wp-json\/wp\/v2\/media?parent=94531"}],"wp:term":[{"taxonomy":"product_brand","embeddable":true,"href":"https:\/\/www.raschvin.com\/en\/wp-json\/wp\/v2\/product_brand?post=94531"},{"taxonomy":"product_cat","embeddable":true,"href":"https:\/\/www.raschvin.com\/en\/wp-json\/wp\/v2\/product_cat?post=94531"},{"taxonomy":"product_tag","embeddable":true,"href":"https:\/\/www.raschvin.com\/en\/wp-json\/wp\/v2\/product_tag?post=94531"}],"curies":[{"name":"wp","href":"https:\/\/api.w.org\/{rel}","templated":true}]}}