{"id":94475,"date":"2025-08-10T10:46:16","date_gmt":"2025-08-10T08:46:16","guid":{"rendered":"https:\/\/www.raschvin.com\/?post_type=product&#038;p=94475"},"modified":"2025-08-10T10:54:28","modified_gmt":"2025-08-10T08:54:28","slug":"louis-jadot-couvent-des-jacobins-bourgogne-rouge-pinot-noir-2022-75-cl-kopier","status":"publish","type":"product","link":"https:\/\/www.raschvin.com\/en\/product\/louis-jadot-couvent-des-jacobins-bourgogne-rouge-pinot-noir-2022-75-cl-kopier\/","title":{"rendered":"Louis Jadot &#8211; Gevrey-Chambertin Pinot Noir 2023 75 cl."},"content":{"rendered":"<p>Gevrey-Chambertin is the northernmost of the major communes in the C\u00f4te de Nuits, with 26 Premier Crus and 8 Grands Crus. Louis Jadot\u2019s Gevrey-Chambertin wines are produced from grapes grown on the extension of the slopes with the Grands Crus and Premier Crus. These vineyards vary considerably in quality, and often the producer\u2019s name is more important to note here than anywhere else in Burgundy. Louis Jadot\u2019s wines are, of course, of very high quality, and the grapes are quality-controlled for each vintage. The must ferments for 3\u20134 weeks and is then aged in oak barrels for 12\u201315 months. Jadot\u2019s Gevrey-Chambertin represents the commune\u2019s typical characteristics: deep in colour, a multifaceted symphony of berries and bouquet solely of red fruit, tannin, structure, and a long, persistent finish.<br \/>\nProduced by Maison Louis Jadot<br \/>\nLouis Jadot is among Burgundy\u2019s most historic and prestigious wine producers of both white and red wines. Louis Henri Denis Jadot came to Beaune from Belgium in the late 18th century and purchased several vineyards, including the legendary monopole \u201cBeaune 1er Cru Clos des Ursules,\u201d which remains one of the house\u2019s signature wines to this day. Maison Louis Jadot was founded in 1859. The estate owns a total of 150 hectares of vineyards, 70 of which are located in the C\u00f4te d\u2019Or. Today, some mistakenly regard Louis Jadot as a n\u00e9gociant buying grapes from local growers, but up to 70% of the wines come from the estate\u2019s own vineyards. The fact that Louis Jadot is now considered one of the most highly respected wine producers in Burgundy is largely due to the renowned and charismatic winemaker Jacques Lardi\u00e8re, who crafted and shaped the wines from 1970 until his retirement in 2012. He was succeeded by Fr\u00e9d\u00e9ric Barnier, who has taken on the legacy with great respect for Lardi\u00e8re\u2019s work. The consistently exceptional quality of all the wines has resulted in Louis Jadot being represented on 19 of France\u2019s 27 three-star Michelin restaurants.<\/p>\n","protected":false},"excerpt":{"rendered":"<p>C\u00f4te de Nuits &#8211; France<\/p>\n","protected":false},"featured_media":94493,"template":"","meta":{"_acf_changed":false,"rs_blank_template":"","rs_page_bg_color":"","slide_template_v7":""},"product_brand":[],"product_cat":[2789,2799],"product_tag":[],"class_list":{"0":"post-94475","1":"product","2":"type-product","3":"status-publish","4":"has-post-thumbnail","6":"product_cat-wine","7":"product_cat-red-wine","8":"pa_aargang-2023-en","9":"pa_drue-pinot-noir-en","10":"pa_land-france","11":"pa_procent-13-en","12":"pa_producent-maison-louis-jadot-en","13":"pa_region-bourgogne-en","14":"pa_serveringstemperatur-16-17-en","15":"pa_volume-75-en","17":"first","18":"instock","19":"taxable","20":"shipping-taxable","21":"purchasable","22":"product-type-simple"},"bundled_by":[],"bundle_stock_status":"instock","bundle_stock_quantity":null,"bundle_virtual":false,"bundle_layout":"","bundle_add_to_cart_form_location":"","bundle_editable_in_cart":false,"bundle_sold_individually_context":"","bundle_item_grouping":"","bundle_min_size":"","bundle_max_size":"","bundle_price":[],"bundled_items":[],"bundle_sell_ids":[],"acf":[],"_links":{"self":[{"href":"https:\/\/www.raschvin.com\/en\/wp-json\/wp\/v2\/product\/94475","targetHints":{"allow":["GET"]}}],"collection":[{"href":"https:\/\/www.raschvin.com\/en\/wp-json\/wp\/v2\/product"}],"about":[{"href":"https:\/\/www.raschvin.com\/en\/wp-json\/wp\/v2\/types\/product"}],"wp:featuredmedia":[{"embeddable":true,"href":"https:\/\/www.raschvin.com\/en\/wp-json\/wp\/v2\/media\/94493"}],"wp:attachment":[{"href":"https:\/\/www.raschvin.com\/en\/wp-json\/wp\/v2\/media?parent=94475"}],"wp:term":[{"taxonomy":"product_brand","embeddable":true,"href":"https:\/\/www.raschvin.com\/en\/wp-json\/wp\/v2\/product_brand?post=94475"},{"taxonomy":"product_cat","embeddable":true,"href":"https:\/\/www.raschvin.com\/en\/wp-json\/wp\/v2\/product_cat?post=94475"},{"taxonomy":"product_tag","embeddable":true,"href":"https:\/\/www.raschvin.com\/en\/wp-json\/wp\/v2\/product_tag?post=94475"}],"curies":[{"name":"wp","href":"https:\/\/api.w.org\/{rel}","templated":true}]}}