{"id":93030,"date":"2025-07-17T07:07:16","date_gmt":"2025-07-17T05:07:16","guid":{"rendered":"https:\/\/www.raschvin.com\/?post_type=product&#038;p=93030"},"modified":"2025-07-17T07:14:33","modified_gmt":"2025-07-17T05:14:33","slug":"arran-sherry-cask-70-cl-558-kopier","status":"publish","type":"product","link":"https:\/\/www.raschvin.com\/en\/product\/arran-sherry-cask-70-cl-558-kopier\/","title":{"rendered":"Arran Machrie Moor Cask Strength 70 cl. 56,2%"},"content":{"rendered":"<p>Arran Machrie Moor Cask Strength er en kraftfuld, ufiltreret single malt tappet ved fadstyrke \u2013 typisk omkring 56,2 %. Den kommer fra Lochranza Distillery p\u00e5 Isle of Arran og er inspireret af det dramatiske landskab ved Machrie Moor, et omr\u00e5de kendt for gamle stencirkler, vindomsuste heder og keltiske myter.<\/p>\n<p>Whiskyen er let til moderat r\u00f8get (omkring 20 ppm), men leverer en bem\u00e6rkelsesv\u00e6rdig balance mellem frugtige og r\u00f8gede noter. I n\u00e6sen m\u00f8des man af friske citrusnoter \u2013 citron og lime \u2013 sammen med let t\u00f8rvet r\u00f8g og salt havluft. Smagen er fyldig og intens, med noter af bagte \u00e6bler, ristede n\u00f8dder, brioche, eksotisk frugt og en krydret kant af muskatn\u00f8d og sort peber. R\u00f8gen udvikler sig smukt i munden og f\u00f8lges af en lang, t\u00f8r og mineralsk afslutning.<\/p>\n<p>Whiskyen er ikke koldfiltreret og uden tils\u00e6tning af farve, hvilket giver en \u00e6gte og uforfalsket smagsoplevelse. Perfekt til den whiskyelsker, der \u00f8nsker kompleksitet, styrke og en tydelig forbindelse til det barske skotske \u00f8-landskab.<\/p>\n","protected":false},"excerpt":{"rendered":"<p>Single Malt Scotch Whisky<\/p>\n","protected":false},"featured_media":93069,"template":"","meta":{"_acf_changed":false,"rs_blank_template":"","rs_page_bg_color":"","slide_template_v7":""},"product_brand":[],"product_cat":[983,4650,984],"product_tag":[],"class_list":{"0":"post-93030","1":"product","2":"type-product","3":"status-publish","4":"has-post-thumbnail","6":"product_cat-avec-en","7":"product_cat-single-malt-en","8":"product_cat-whisky-en","9":"pa_land-scotland","10":"pa_procent-56-2-en","11":"pa_producent-arran-en","12":"pa_region-iceland","13":"pa_volume-70-en-2","15":"first","16":"instock","17":"sale","18":"taxable","19":"shipping-taxable","20":"purchasable","21":"product-type-simple"},"bundled_by":[],"bundle_stock_status":"instock","bundle_stock_quantity":null,"bundle_virtual":false,"bundle_layout":"","bundle_add_to_cart_form_location":"","bundle_editable_in_cart":false,"bundle_sold_individually_context":"","bundle_item_grouping":"","bundle_min_size":"","bundle_max_size":"","bundle_price":[],"bundled_items":[],"bundle_sell_ids":[],"acf":[],"_links":{"self":[{"href":"https:\/\/www.raschvin.com\/en\/wp-json\/wp\/v2\/product\/93030","targetHints":{"allow":["GET"]}}],"collection":[{"href":"https:\/\/www.raschvin.com\/en\/wp-json\/wp\/v2\/product"}],"about":[{"href":"https:\/\/www.raschvin.com\/en\/wp-json\/wp\/v2\/types\/product"}],"wp:featuredmedia":[{"embeddable":true,"href":"https:\/\/www.raschvin.com\/en\/wp-json\/wp\/v2\/media\/93069"}],"wp:attachment":[{"href":"https:\/\/www.raschvin.com\/en\/wp-json\/wp\/v2\/media?parent=93030"}],"wp:term":[{"taxonomy":"product_brand","embeddable":true,"href":"https:\/\/www.raschvin.com\/en\/wp-json\/wp\/v2\/product_brand?post=93030"},{"taxonomy":"product_cat","embeddable":true,"href":"https:\/\/www.raschvin.com\/en\/wp-json\/wp\/v2\/product_cat?post=93030"},{"taxonomy":"product_tag","embeddable":true,"href":"https:\/\/www.raschvin.com\/en\/wp-json\/wp\/v2\/product_tag?post=93030"}],"curies":[{"name":"wp","href":"https:\/\/api.w.org\/{rel}","templated":true}]}}