{"id":92499,"date":"2025-07-09T12:31:36","date_gmt":"2025-07-09T10:31:36","guid":{"rendered":"https:\/\/www.raschvin.com\/?post_type=product&#038;p=92499"},"modified":"2025-07-09T12:35:18","modified_gmt":"2025-07-09T10:35:18","slug":"jaegermeister-175-cl-35-kopier","status":"publish","type":"product","link":"https:\/\/www.raschvin.com\/en\/product\/jaegermeister-175-cl-35-kopier\/","title":{"rendered":"J\u00e4germeister 300 cl. 35%"},"content":{"rendered":"<p>The term J\u00e4germeister was introduced in Germany in 1934 in the new hunting law, as the name for a leading forest user or shooter in public service. When the first J\u00e4germeister came on the market in 1935, the name was already aware of the Germans. It was a Curt mast that was also an enthusiastic hunter who distilled and seasoned the original J\u00e4germeister, and then the design was designed the logo, which shows the head of a Hjort with a glowing Christian cross between its antlers, as a gesture of the hunters&#8217;s patron saint of Saint Hubertus . J\u00e4germeister is a so-called Kr\u00e4uterl\u00f6r in family with old Danish from Denmark, Unicum from Hungary, and Becherovka from the Czech Republic, but in contrast to these, J\u00e4germeister is far sweeter in the profile. The ingredients include 56 herbs, fruits, roots and spices including citrus shells, licorice, anise, poppy seed, saffron, ginger, juniper, and ginseng. The aromas are extracted in alcohol and water, and then the herb is mature for 12 months on used oakefade. Subsequently, sugar, alcohol and water have been added until the alcohol percentage hit 35% after which the liqueur is filtered and drained on a bottle.<\/p>\n","protected":false},"excerpt":{"rendered":"<p>German Herbal Liqueur-Shot<\/p>\n","protected":false},"featured_media":92542,"template":"","meta":{"_acf_changed":false,"rs_blank_template":"","rs_page_bg_color":"","slide_template_v7":""},"product_brand":[],"product_cat":[983,4713,988,998,1003],"product_tag":[],"class_list":{"0":"post-92499","1":"product","2":"type-product","3":"status-publish","4":"has-post-thumbnail","6":"product_cat-avec-en","7":"product_cat-herbal-en","8":"product_cat-liquor","9":"product_cat-liquor-en","10":"product_cat-shots-en","11":"pa_land-germany","12":"pa_procent-35-en","13":"pa_producent-jaegermeister-en","14":"pa_volume-300-en","16":"first","17":"instock","18":"sale","19":"taxable","20":"shipping-taxable","21":"purchasable","22":"product-type-simple"},"bundled_by":[],"bundle_stock_status":"instock","bundle_stock_quantity":null,"bundle_virtual":false,"bundle_layout":"","bundle_add_to_cart_form_location":"","bundle_editable_in_cart":false,"bundle_sold_individually_context":"","bundle_item_grouping":"","bundle_min_size":"","bundle_max_size":"","bundle_price":[],"bundled_items":[],"bundle_sell_ids":[],"acf":[],"_links":{"self":[{"href":"https:\/\/www.raschvin.com\/en\/wp-json\/wp\/v2\/product\/92499","targetHints":{"allow":["GET"]}}],"collection":[{"href":"https:\/\/www.raschvin.com\/en\/wp-json\/wp\/v2\/product"}],"about":[{"href":"https:\/\/www.raschvin.com\/en\/wp-json\/wp\/v2\/types\/product"}],"wp:featuredmedia":[{"embeddable":true,"href":"https:\/\/www.raschvin.com\/en\/wp-json\/wp\/v2\/media\/92542"}],"wp:attachment":[{"href":"https:\/\/www.raschvin.com\/en\/wp-json\/wp\/v2\/media?parent=92499"}],"wp:term":[{"taxonomy":"product_brand","embeddable":true,"href":"https:\/\/www.raschvin.com\/en\/wp-json\/wp\/v2\/product_brand?post=92499"},{"taxonomy":"product_cat","embeddable":true,"href":"https:\/\/www.raschvin.com\/en\/wp-json\/wp\/v2\/product_cat?post=92499"},{"taxonomy":"product_tag","embeddable":true,"href":"https:\/\/www.raschvin.com\/en\/wp-json\/wp\/v2\/product_tag?post=92499"}],"curies":[{"name":"wp","href":"https:\/\/api.w.org\/{rel}","templated":true}]}}