{"id":91603,"date":"2025-06-26T15:24:18","date_gmt":"2025-06-26T13:24:18","guid":{"rendered":"https:\/\/www.raschvin.com\/produkt\/lexpression-de-sauternes-2021-75-cl\/"},"modified":"2025-06-26T15:24:18","modified_gmt":"2025-06-26T13:24:18","slug":"lexpression-de-sauternes-2021-75-cl","status":"publish","type":"product","link":"https:\/\/www.raschvin.com\/en\/product\/lexpression-de-sauternes-2021-75-cl\/","title":{"rendered":"L\u2019Expression de Sauternes 2021 75 cl."},"content":{"rendered":"<p>A classic and seductive sweet wine from the heart of Bordeaux<\/p>\n<p>L\u2019Expression de Sauternes is an elegant dessert wine that captures the essence of the famous Sauternes appellation in Bordeaux. Made from classic grapes like S\u00e9millon and Sauvignon Blanc, and influenced by noble rot (botrytis cinerea), it offers concentrated flavours and refined complexity.<\/p>\n<p>The nose reveals rich aromas of orange blossom, honey, candied ginger, and lemon marmalade. On the palate, it is silky and well-balanced \u2013 sweet, yet with a vibrant acidity that gives freshness and a long, elegant finish.<\/p>\n<p>Serving &#038; food pairing:<br \/>\nL\u2019Expression de Sauternes is perfect as the grand finale to a fine meal. It pairs beautifully with blue cheeses like Roquefort, fruit-based desserts, cr\u00e8me br\u00fbl\u00e9e or foie gras. Also excellent as an aperitif \u2013 best served slightly chilled at 8\u201310\u202f\u00b0C.<\/p>\n<p>Format &#038; style:<br \/>\nAvailable in both full bottle (75\u202fcl) and half bottle (37.5\u202fcl) \u2013 ideal for sharing or enjoying a single glass of indulgence. Alcohol content: approx. 13.5%.<\/p>\n<p>Cellaring:<br \/>\nEnjoy now or cellar for up to 10 years to allow further development of depth and character.<\/p>\n","protected":false},"excerpt":{"rendered":"<p>Grand Vin de Bordeaux<\/p>\n","protected":false},"featured_media":91650,"template":"","meta":{"_acf_changed":false,"rs_blank_template":"","rs_page_bg_color":"","slide_template_v7":""},"product_brand":[],"product_cat":[2791,2789],"product_tag":[],"class_list":{"0":"post-91603","1":"product","2":"type-product","3":"status-publish","4":"has-post-thumbnail","6":"product_cat-dessert-wine","7":"product_cat-wine","8":"pa_aargang-2021-en","9":"pa_drue-sauvignon-blanc-en","10":"pa_drue-semillon-en-2","11":"pa_land-france","12":"pa_procent-13-5-en","13":"pa_region-bordeaux-en","14":"pa_serveringstemperatur-8-10-en","15":"pa_volume-75-en","17":"first","18":"instock","19":"sale","20":"taxable","21":"shipping-taxable","22":"purchasable","23":"product-type-simple"},"bundled_by":[],"bundle_stock_status":"instock","bundle_stock_quantity":null,"bundle_virtual":false,"bundle_layout":"","bundle_add_to_cart_form_location":"","bundle_editable_in_cart":false,"bundle_sold_individually_context":"","bundle_item_grouping":"","bundle_min_size":"","bundle_max_size":"","bundle_price":[],"bundled_items":[],"bundle_sell_ids":[],"acf":[],"_links":{"self":[{"href":"https:\/\/www.raschvin.com\/en\/wp-json\/wp\/v2\/product\/91603","targetHints":{"allow":["GET"]}}],"collection":[{"href":"https:\/\/www.raschvin.com\/en\/wp-json\/wp\/v2\/product"}],"about":[{"href":"https:\/\/www.raschvin.com\/en\/wp-json\/wp\/v2\/types\/product"}],"wp:featuredmedia":[{"embeddable":true,"href":"https:\/\/www.raschvin.com\/en\/wp-json\/wp\/v2\/media\/91650"}],"wp:attachment":[{"href":"https:\/\/www.raschvin.com\/en\/wp-json\/wp\/v2\/media?parent=91603"}],"wp:term":[{"taxonomy":"product_brand","embeddable":true,"href":"https:\/\/www.raschvin.com\/en\/wp-json\/wp\/v2\/product_brand?post=91603"},{"taxonomy":"product_cat","embeddable":true,"href":"https:\/\/www.raschvin.com\/en\/wp-json\/wp\/v2\/product_cat?post=91603"},{"taxonomy":"product_tag","embeddable":true,"href":"https:\/\/www.raschvin.com\/en\/wp-json\/wp\/v2\/product_tag?post=91603"}],"curies":[{"name":"wp","href":"https:\/\/api.w.org\/{rel}","templated":true}]}}