{"id":88313,"date":"2025-05-06T20:43:42","date_gmt":"2025-05-06T18:43:42","guid":{"rendered":"https:\/\/www.raschvin.com\/produkt\/fanoe-beergeek-slumber-party-belgian-quadrupel-50-cl-107\/"},"modified":"2025-05-06T20:43:42","modified_gmt":"2025-05-06T18:43:42","slug":"fanoe-beergeek-slumber-party-belgian-quadrupel-50-cl-107","status":"publish","type":"product","link":"https:\/\/www.raschvin.com\/en\/product\/fanoe-beergeek-slumber-party-belgian-quadrupel-50-cl-107\/","title":{"rendered":"Fan\u00f8 Beergeek Slumber Party &#8211; Belgian Quadrupel 50 cl. 10,7%"},"content":{"rendered":"<p>Fan\u00f8 Beergeek Slumber Party is a rich and characterful Belgian-style quadrupel at 10.7% ABV, brewed by Fan\u00f8 Bryghus. The beer was originally created in 2013 as a tribute to beer geekery and community during a brewing event where enthusiasts and brewers came together to develop a unique recipe.<\/p>\n<p>Slumber Party is fermented with Belgian yeast and brewed with dark candi sugar, heather, and rose hips\u2014ingredients that together create a complex and warming flavor profile with distinct notes of caramel and dark fruit. With a low bitterness of just 11 IBU, it offers a smooth yet powerful experience, perfect for long evenings or as a companion to cheese or sweet desserts.<\/p>\n<p>This is a beer that speaks to the seasoned beer enthusiast but can also excite the curious beginner with its depth and story.<\/p>\n<p>Product Facts:<\/p>\n<p>Type: Belgian Quadrupel<br \/>\nAlcohol: 10.7%<br \/>\nVolume: 50 cl<br \/>\nBrewery: Fan\u00f8 Bryghus<br \/>\nIngredients: Water, barley malt, hops, yeast, dark candi sugar, heather, rose hips<br \/>\nBitterness: 11 IBU<\/p>\n","protected":false},"excerpt":{"rendered":"<p>Fan\u00f8 Bryghus \u2013 Denmark<\/p>\n","protected":false},"featured_media":88447,"template":"","meta":{"_acf_changed":false,"rs_blank_template":"","rs_page_bg_color":"","slide_template_v7":""},"product_brand":[],"product_cat":[2800],"product_tag":[],"class_list":{"0":"post-88313","1":"product","2":"type-product","3":"status-publish","4":"has-post-thumbnail","6":"product_cat-beer","7":"pa_champagne-type-belgian-quadrupel-en","8":"pa_land-denmark","9":"pa_procent-10-7-en","10":"pa_producent-fanoe-bryghus-en","11":"pa_region-fanoe-en","12":"pa_serveringstemperatur-8-10-en","13":"pa_volume-50-en","15":"first","16":"instock","17":"taxable","18":"shipping-taxable","19":"purchasable","20":"product-type-simple"},"bundled_by":[],"bundle_stock_status":"instock","bundle_stock_quantity":null,"bundle_virtual":false,"bundle_layout":"","bundle_add_to_cart_form_location":"","bundle_editable_in_cart":false,"bundle_sold_individually_context":"","bundle_item_grouping":"","bundle_min_size":"","bundle_max_size":"","bundle_price":[],"bundled_items":[],"bundle_sell_ids":[],"acf":[],"_links":{"self":[{"href":"https:\/\/www.raschvin.com\/en\/wp-json\/wp\/v2\/product\/88313","targetHints":{"allow":["GET"]}}],"collection":[{"href":"https:\/\/www.raschvin.com\/en\/wp-json\/wp\/v2\/product"}],"about":[{"href":"https:\/\/www.raschvin.com\/en\/wp-json\/wp\/v2\/types\/product"}],"wp:featuredmedia":[{"embeddable":true,"href":"https:\/\/www.raschvin.com\/en\/wp-json\/wp\/v2\/media\/88447"}],"wp:attachment":[{"href":"https:\/\/www.raschvin.com\/en\/wp-json\/wp\/v2\/media?parent=88313"}],"wp:term":[{"taxonomy":"product_brand","embeddable":true,"href":"https:\/\/www.raschvin.com\/en\/wp-json\/wp\/v2\/product_brand?post=88313"},{"taxonomy":"product_cat","embeddable":true,"href":"https:\/\/www.raschvin.com\/en\/wp-json\/wp\/v2\/product_cat?post=88313"},{"taxonomy":"product_tag","embeddable":true,"href":"https:\/\/www.raschvin.com\/en\/wp-json\/wp\/v2\/product_tag?post=88313"}],"curies":[{"name":"wp","href":"https:\/\/api.w.org\/{rel}","templated":true}]}}