{"id":88304,"date":"2025-05-06T20:12:59","date_gmt":"2025-05-06T18:12:59","guid":{"rendered":"https:\/\/www.raschvin.com\/produkt\/fanoe-sandloeber-hazy-new-england-ipa-50-cl-44\/"},"modified":"2025-05-06T20:12:59","modified_gmt":"2025-05-06T18:12:59","slug":"fanoe-sandloeber-hazy-new-england-ipa-50-cl-44","status":"publish","type":"product","link":"https:\/\/www.raschvin.com\/en\/product\/fanoe-sandloeber-hazy-new-england-ipa-50-cl-44\/","title":{"rendered":"Fan\u00f8 Sandl\u00f8ber &#8211; Hazy New England IPA 50 cl. 4,4%"},"content":{"rendered":"<p>Fan\u00f8 Half is a rapidly growing half marathon that has generated a lot of buzz in the running community. Perhaps this is due to the race&#8217;s simple philosophy: it&#8217;s all about comfort, good kilometers in your legs, great company, the beautiful nature of Fan\u00f8, plenty of good food \u2013 and beer! That\u2019s why we brewed them a sessionable beer as a tribute to all the race participants.<\/p>\n<p>Sandl\u00f8ber is a refreshing Hazy NEIPA, with a delightful twist of citrus and a subtle aftertaste of tropical stone fruits.<\/p>\n<p>Malts: Pilsner Malt, torrified malt, wheat malt.<br \/>\nHops: Citra, Simcoe, Vista, Idaho 7, Galaxy.<br \/>\nBrewed with: Oats.<br \/>\nAroma: Juicy tropical fruits with a hint of citrus.<br \/>\nYeast: Ale.<br \/>\nIngredients: Water, barley malt, wheat malt, torrified malt, hops, yeast, oats.<br \/>\nEnergy per 100 ml: 188 kJ\/45 kcal.<br \/>\nStore in a cool, dark place.<\/p>\n<p>Brewed by: Fan\u00f8 Bryghus, Strandvejen 5, 6720 Fan\u00f8, Denmark. fanoebryghus.dk<\/p>\n","protected":false},"excerpt":{"rendered":"<p>Fan\u00f8 Bryghus \u2013 Denmark<\/p>\n","protected":false},"featured_media":88397,"template":"","meta":{"_acf_changed":false,"rs_blank_template":"","rs_page_bg_color":"","slide_template_v7":""},"product_brand":[],"product_cat":[2803,2800,2814],"product_tag":[],"class_list":{"0":"post-88304","1":"product","2":"type-product","3":"status-publish","4":"has-post-thumbnail","6":"product_cat-ale-en","7":"product_cat-beer","8":"product_cat-ipa-en","9":"pa_champagne-type-ipa-en","10":"pa_land-denmark","11":"pa_procent-4-4-en","12":"pa_producent-fanoe-bryghus-en","13":"pa_region-fanoe-en","14":"pa_serveringstemperatur-8-10-en","15":"pa_volume-50-en","17":"first","18":"instock","19":"taxable","20":"shipping-taxable","21":"purchasable","22":"product-type-simple"},"bundled_by":[],"bundle_stock_status":"instock","bundle_stock_quantity":null,"bundle_virtual":false,"bundle_layout":"","bundle_add_to_cart_form_location":"","bundle_editable_in_cart":false,"bundle_sold_individually_context":"","bundle_item_grouping":"","bundle_min_size":"","bundle_max_size":"","bundle_price":[],"bundled_items":[],"bundle_sell_ids":[],"acf":[],"_links":{"self":[{"href":"https:\/\/www.raschvin.com\/en\/wp-json\/wp\/v2\/product\/88304","targetHints":{"allow":["GET"]}}],"collection":[{"href":"https:\/\/www.raschvin.com\/en\/wp-json\/wp\/v2\/product"}],"about":[{"href":"https:\/\/www.raschvin.com\/en\/wp-json\/wp\/v2\/types\/product"}],"wp:featuredmedia":[{"embeddable":true,"href":"https:\/\/www.raschvin.com\/en\/wp-json\/wp\/v2\/media\/88397"}],"wp:attachment":[{"href":"https:\/\/www.raschvin.com\/en\/wp-json\/wp\/v2\/media?parent=88304"}],"wp:term":[{"taxonomy":"product_brand","embeddable":true,"href":"https:\/\/www.raschvin.com\/en\/wp-json\/wp\/v2\/product_brand?post=88304"},{"taxonomy":"product_cat","embeddable":true,"href":"https:\/\/www.raschvin.com\/en\/wp-json\/wp\/v2\/product_cat?post=88304"},{"taxonomy":"product_tag","embeddable":true,"href":"https:\/\/www.raschvin.com\/en\/wp-json\/wp\/v2\/product_tag?post=88304"}],"curies":[{"name":"wp","href":"https:\/\/api.w.org\/{rel}","templated":true}]}}